{"id":3,"date":"2022-06-04T14:51:19","date_gmt":"2022-06-04T14:51:19","guid":{"rendered":"https:\/\/hotelportdelcomte1730.com?page_id=3"},"modified":"2026-02-19T12:18:20","modified_gmt":"2026-02-19T12:18:20","slug":"aviso-legal","status":"publish","type":"page","link":"https:\/\/hotelportdelcomte1730.com\/ca\/aviso-legal\/","title":{"rendered":"Av\u00eds Legal"},"content":{"rendered":"<h1 class=\"wp-block-heading\">Av\u00eds Legal<\/h1>\n\n\n\n<h3 class=\"wp-block-heading\"><strong>Identificaci\u00f3<\/strong><\/h3>\n\n\n\n<p>Aquest Av\u00eds Legal ha estat creat per&nbsp;<strong>HOTEL PORT 1730, SL<\/strong>&nbsp;(el titular) amb CIF B25847476, amb domicili a Urb. Port del Comte, 25284 La Coma i la Pedra, LLeida.Tel. (+34) 973 49 23 33, e-mail&nbsp;<a href=\"mailto:info@nelvaresort.com\"><\/a><a href=\"\/ca\/info@hotelportdelcomte1730.com\/\" target=\"_blank\" rel=\"noreferrer noopener\"><\/a><a href=\"\/ca\/info@hotelportdelcomte1730.com\/\" target=\"_blank\" rel=\"noreferrer noopener\">info@hotelportdelcomte1730.com<\/a><\/p>\n\n\n\n<h3 class=\"wp-block-heading\"><strong>Propietat Intel\u00b7lectual<\/strong><\/h3>\n\n\n\n<p>El Titular \u00e9s propietari en exclusiva de tots els continguts del lloc web&nbsp;<a href=\"https:\/\/hotelportdelcomte1730.com\/ca\/\">hotelportdelcomte1730.com<\/a>&nbsp;: textos, gr\u00e0fics, imatges, logotips, arxius de programari, colors, estructura, selecci\u00f3, ordenaci\u00f3 i presentaci\u00f3 de continguts, el programa d&#039;ordinador per a la seva creaci\u00f3 i funcionament; i est\u00e0 totalment prohibida la reproducci\u00f3 total i\/o parcial, comunicaci\u00f3 p\u00fablica i emmagatzematge d&#039;aquesta p\u00e0gina i de qualsevol altre material i\/o element que la integri protegit per la Llei de propietat intel\u00b7lectual, sense obtenir el consentiment previ del titular.<\/p>\n\n\n\n<h3 class=\"wp-block-heading\"><strong>Condicions generals d\u00fas<\/strong><\/h3>\n\n\n\n<p>L&#039;usuari de la p\u00e0gina web (d&#039;ara endavant l&#039;usuari) accepta plenament i sense reserves les disposicions incloses en aquest Av\u00eds Legal, a la versi\u00f3 publicada pel Titular en el moment mateix en qu\u00e8 l&#039;usuari accedeixi a la p\u00e0gina web.<\/p>\n\n\n\n<p>La p\u00e0gina web pot ser visitada lliurement i l&#039;usuari es compromet a utilitzar els seus continguts i serveis de conformitat amb la Llei i aquest Av\u00eds Legal. A aquest efecte, l&#039;usuari s&#039;abstindr\u00e0 de fer servir la p\u00e0gina web amb fins o efectes il\u00b7l\u00edcits, prohibits i lesius dels drets i interessos de tercers.<\/p>\n\n\n\n<p>Est\u00e0 prohibit fer un mal \u00fas del servei del lloc web utilitzant-lo per enviar correus no desitjats, insultar, assetjar o violar altrament les Condicions d&#039;\u00fas o la Pol\u00edtica de privadesa.<\/p>\n\n\n\n<p>El Titular no es responsabilitza de les opinions o comentaris dels usuaris, dels errors o omissions, dels continguts de la Web o altres continguts, als quals es pugui accedir a trav\u00e9s d&#039;aquesta, ni dels danys derivats de la utilitzaci\u00f3 de la Web, ni per qualsevol actuaci\u00f3 realitzada sobre la base de la informaci\u00f3 facilitada a la Web.<\/p>\n\n\n\n<p>El Titular no garanteix l&#039;abs\u00e8ncia de virus o altres elements lesius que puguin causar danys o alteracions al sistema inform\u00e0tic, als documents electr\u00f2nics o als fitxers de l&#039;usuari del Web; tampoc no \u00e9s responsable dels danys i perjudicis, que aquests elements poguessin ocasionar a l&#039;usuari o tercers.<\/p>\n\n\n\n<p>El contingut de la p\u00e0gina web podr\u00e0 ser modificat, ampliat o suprimit en qualsevol moment, sense av\u00eds previ.<\/p>\n\n\n\n<p>El Titular es reserva el dret d&#039;actualitzar els continguts de la p\u00e0gina web i eliminar-los, aix\u00ed com de limitar-ne i impedir-ne l&#039;acc\u00e9s, ja sigui temporalment o definitivament, sense notificaci\u00f3 pr\u00e8via.<\/p>\n\n\n\n<h3 class=\"wp-block-heading\"><strong>Seguretat<\/strong><\/h3>\n\n\n\n<p>La informaci\u00f3 personal facilitada ser\u00e0 protegida amb els est\u00e0ndards i la tecnologia del sector. Com que Internet no \u00e9s un entorn totalment segur, no es pot garantir la seguretat de qualsevol informaci\u00f3 que es transmeti a la web.<\/p>\n\n\n\n<p>L&#039;usuari \u00e9s el responsable de mantenir la confidencialitat de la pr\u00f2pia contrasenya \u00fanica i de la informaci\u00f3 del vostre compte, aix\u00ed com de controlar l&#039;acc\u00e9s a les vostres comunicacions electr\u00f2niques en tot moment.<\/p>\n\n\n\n<h3 class=\"wp-block-heading\"><strong>Protecci\u00f3 de dades personals<\/strong><\/h3>\n\n\n\n<p>De conformitat al que estableix el Reglament Europeu de Protecci\u00f3 de Dades (Reglament UE 2016\/679), us informem que les dades personals facilitades a trav\u00e9s d&#039;aquest lloc web, seran tractades per&nbsp;<strong>HOTEL PORT 1730, SL<\/strong>, en base al seu consentiment i per realitzar la gesti\u00f3 sol\u00b7licitada, contestar la seva sol\u00b7licitud i l&#039;enviament d&#039;informaci\u00f3 del vostre inter\u00e8s.<\/p>\n\n\n\n<p>Les dades personals seran conservades durant el temps que estableixi la legislaci\u00f3 vigent o quan se sol\u00b7licite la supressi\u00f3. No seran cedits a tercers a excepci\u00f3 dels sup\u00f2sits previstos per la llei. No hi ha la transfer\u00e8ncia internacional de dades.<\/p>\n\n\n\n<p>Podeu exercir els drets d&#039;acc\u00e9s, rectificaci\u00f3, cancel\u00b7laci\u00f3, limitaci\u00f3, portabilitat i oposici\u00f3, escrivint a&nbsp;<strong>HOTEL PORT 1730, SL<\/strong>&nbsp;amb domicili a Urb. Port del Comte, 25284 La Coma i la Pedra, Lleida, o per e-mail a&nbsp;<a href=\"\/ca\/info@hotelportdelcomte1730.com\/\" target=\"_blank\" rel=\"noreferrer noopener\"><\/a><a href=\"\/ca\/info@hotelportdelcomte1730.com\/\" target=\"_blank\" rel=\"noreferrer noopener\">info@hotelportdelcomte1730.com<\/a>.<\/p>\n\n\n\n<p>Tamb\u00e9 podeu exercir la tutela dels vostres drets davant l&#039;Ag\u00e8ncia Espanyola de Protecci\u00f3 de Dades.<\/p>\n\n\n\n<h3 class=\"wp-block-heading\"><strong>Llei aplicable i jurisdicci\u00f3<\/strong><\/h3>\n\n\n\n<p>Aquestes Condicions Generals es regeixen per la legislaci\u00f3 espanyola. Per a la resoluci\u00f3 de qualsevol conflicte derivat del present Av\u00eds legal, les parts acorden sotmetre&#039;s, de forma lliure i amb ren\u00fancia a qualsevol altre fur o jurisdicci\u00f3 a qu\u00e8 poguessin tenir dret, als jutjats i tribunals de la ciutat de&nbsp;<strong>HOTEL PORT 1730, SL<\/strong><\/p>\n\n\n\n<figure class=\"wp-block-image size-large\"><img fetchpriority=\"high\" decoding=\"async\" width=\"1024\" height=\"81\" src=\"https:\/\/hotelportdelcomte1730.com\/wp-content\/uploads\/2023\/07\/logos-mitma-prtr-nextgeneration3-1024x81.png\" alt=\"\" class=\"wp-image-3304\" srcset=\"https:\/\/hotelportdelcomte1730.com\/wp-content\/uploads\/2023\/07\/logos-mitma-prtr-nextgeneration3-1024x81.png 1024w, https:\/\/hotelportdelcomte1730.com\/wp-content\/uploads\/2023\/07\/logos-mitma-prtr-nextgeneration3-300x24.png 300w, https:\/\/hotelportdelcomte1730.com\/wp-content\/uploads\/2023\/07\/logos-mitma-prtr-nextgeneration3-768x61.png 768w, https:\/\/hotelportdelcomte1730.com\/wp-content\/uploads\/2023\/07\/logos-mitma-prtr-nextgeneration3-1536x122.png 1536w, https:\/\/hotelportdelcomte1730.com\/wp-content\/uploads\/2023\/07\/logos-mitma-prtr-nextgeneration3-18x1.png 18w, https:\/\/hotelportdelcomte1730.com\/wp-content\/uploads\/2023\/07\/logos-mitma-prtr-nextgeneration3-600x48.png 600w, https:\/\/hotelportdelcomte1730.com\/wp-content\/uploads\/2023\/07\/logos-mitma-prtr-nextgeneration3.png 1649w\" sizes=\"(max-width: 1024px) 100vw, 1024px\" \/><\/figure>\n\n\n\n<p><\/p>","protected":false},"excerpt":{"rendered":"<p>Aviso Legal Identificaci\u00f3n Este Aviso Legal ha sido creado por&nbsp;HOTEL PORT 1730, S.L.&nbsp;(el titular) con CIF B25847476, con domicilio en Urb. Port del Comte, 25284 La Coma i la Pedra, LLeida.Tel. (+34) 973 49 23 33, e-mail&nbsp;info@hotelportdelcomte1730.com Propiedad Intelectual El Titular es propietario &nbsp;en exclusiva de todos los contenidos del sitio Web&nbsp;hotelportdelcomte1730.com&nbsp;: textos, gr\u00e1ficos, im\u00e1genes, [&hellip;]<\/p>\n","protected":false},"author":2,"featured_media":0,"parent":0,"menu_order":0,"comment_status":"closed","ping_status":"closed","template":"","meta":{"site-sidebar-layout":"default","site-content-layout":"","ast-site-content-layout":"default","site-content-style":"default","site-sidebar-style":"default","ast-global-header-display":"","ast-banner-title-visibility":"","ast-main-header-display":"","ast-hfb-above-header-display":"","ast-hfb-below-header-display":"","ast-hfb-mobile-header-display":"","site-post-title":"disabled","ast-breadcrumbs-content":"","ast-featured-img":"","footer-sml-layout":"","theme-transparent-header-meta":"","adv-header-id-meta":"","stick-header-meta":"","header-above-stick-meta":"","header-main-stick-meta":"","header-below-stick-meta":"","astra-migrate-meta-layouts":"set","ast-page-background-enabled":"default","ast-page-background-meta":{"desktop":{"background-color":"","background-image":"","background-repeat":"repeat","background-position":"center center","background-size":"auto","background-attachment":"scroll","background-type":"","background-media":"","overlay-type":"","overlay-color":"","overlay-gradient":""},"tablet":{"background-color":"","background-image":"","background-repeat":"repeat","background-position":"center center","background-size":"auto","background-attachment":"scroll","background-type":"","background-media":"","overlay-type":"","overlay-color":"","overlay-gradient":""},"mobile":{"background-color":"","background-image":"","background-repeat":"repeat","background-position":"center center","background-size":"auto","background-attachment":"scroll","background-type":"","background-media":"","overlay-type":"","overlay-color":"","overlay-gradient":""}},"ast-content-background-meta":{"desktop":{"background-color":"var(--ast-global-color-5)","background-image":"","background-repeat":"repeat","background-position":"center center","background-size":"auto","background-attachment":"scroll","background-type":"","background-media":"","overlay-type":"","overlay-color":"","overlay-gradient":""},"tablet":{"background-color":"var(--ast-global-color-5)","background-image":"","background-repeat":"repeat","background-position":"center center","background-size":"auto","background-attachment":"scroll","background-type":"","background-media":"","overlay-type":"","overlay-color":"","overlay-gradient":""},"mobile":{"background-color":"var(--ast-global-color-5)","background-image":"","background-repeat":"repeat","background-position":"center center","background-size":"auto","background-attachment":"scroll","background-type":"","background-media":"","overlay-type":"","overlay-color":"","overlay-gradient":""}},"footnotes":""},"class_list":["post-3","page","type-page","status-publish","hentry"],"yoast_head":"<!-- This site is optimized with the Yoast SEO plugin v27.1.1 - https:\/\/yoast.com\/product\/yoast-seo-wordpress\/ -->\n<title>Aviso Legal - Hotel Port 1730 | Hotel Port Del Comte<\/title>\n<meta name=\"description\" content=\"Aviso legal del Hotel Port del Comte 1730. Informaci\u00f3n sobre titularidad, condiciones de uso del sitio web.\" \/>\n<meta name=\"robots\" content=\"index, follow, max-snippet:-1, max-image-preview:large, max-video-preview:-1\" \/>\n<link rel=\"canonical\" href=\"https:\/\/hotelportdelcomte1730.com\/ca\/wp-json\/wp\/v2\/pages\/3\" \/>\n<meta property=\"og:locale\" content=\"ca_ES\" \/>\n<meta property=\"og:type\" content=\"article\" \/>\n<meta property=\"og:title\" content=\"Aviso Legal - Hotel Port 1730 | Hotel Port Del Comte\" \/>\n<meta property=\"og:description\" content=\"Aviso legal del Hotel Port del Comte 1730. Informaci\u00f3n sobre titularidad, condiciones de uso del sitio web.\" \/>\n<meta property=\"og:url\" content=\"https:\/\/hotelportdelcomte1730.com\/ca\/aviso-legal\/\" \/>\n<meta property=\"og:site_name\" content=\"Hotel Port 1730 | Hotel Port Del Comte\" \/>\n<meta property=\"article:publisher\" content=\"https:\/\/www.facebook.com\/HotelPortdelComte1730\/\" \/>\n<meta property=\"article:modified_time\" content=\"2026-02-19T12:18:20+00:00\" \/>\n<meta property=\"og:image\" content=\"https:\/\/hotelportdelcomte1730.com\/wp-content\/uploads\/2023\/07\/logos-mitma-prtr-nextgeneration3.png\" \/>\n\t<meta property=\"og:image:width\" content=\"1649\" \/>\n\t<meta property=\"og:image:height\" content=\"131\" \/>\n\t<meta property=\"og:image:type\" content=\"image\/png\" \/>\n<meta name=\"twitter:card\" content=\"summary_large_image\" \/>\n<meta name=\"twitter:label1\" content=\"Temps estimat de lectura\" \/>\n\t<meta name=\"twitter:data1\" content=\"4 minuts\" \/>\n<script type=\"application\/ld+json\" class=\"yoast-schema-graph\">{\"@context\":\"https:\/\/schema.org\",\"@graph\":[{\"@type\":\"WebPage\",\"@id\":\"https:\/\/hotelportdelcomte1730.com\/aviso-legal\/\",\"url\":\"https:\/\/hotelportdelcomte1730.com\/aviso-legal\/\",\"name\":\"Aviso Legal - Hotel Port 1730 | Hotel Port Del Comte\",\"isPartOf\":{\"@id\":\"\/#website\"},\"primaryImageOfPage\":{\"@id\":\"https:\/\/hotelportdelcomte1730.com\/aviso-legal\/#primaryimage\"},\"image\":{\"@id\":\"https:\/\/hotelportdelcomte1730.com\/aviso-legal\/#primaryimage\"},\"thumbnailUrl\":\"https:\/\/hotelportdelcomte1730.com\/wp-content\/uploads\/2023\/07\/logos-mitma-prtr-nextgeneration3-1024x81.png\",\"datePublished\":\"2022-06-04T14:51:19+00:00\",\"dateModified\":\"2026-02-19T12:18:20+00:00\",\"description\":\"Aviso legal del Hotel Port del Comte 1730. Informaci\u00f3n sobre titularidad, condiciones de uso del sitio web.\",\"breadcrumb\":{\"@id\":\"https:\/\/hotelportdelcomte1730.com\/aviso-legal\/#breadcrumb\"},\"inLanguage\":\"ca\",\"potentialAction\":[{\"@type\":\"ReadAction\",\"target\":[\"https:\/\/hotelportdelcomte1730.com\/aviso-legal\/\"]}]},{\"@type\":\"ImageObject\",\"inLanguage\":\"ca\",\"@id\":\"https:\/\/hotelportdelcomte1730.com\/aviso-legal\/#primaryimage\",\"url\":\"https:\/\/hotelportdelcomte1730.com\/wp-content\/uploads\/2023\/07\/logos-mitma-prtr-nextgeneration3-1024x81.png\",\"contentUrl\":\"https:\/\/hotelportdelcomte1730.com\/wp-content\/uploads\/2023\/07\/logos-mitma-prtr-nextgeneration3-1024x81.png\"},{\"@type\":\"BreadcrumbList\",\"@id\":\"https:\/\/hotelportdelcomte1730.com\/aviso-legal\/#breadcrumb\",\"itemListElement\":[{\"@type\":\"ListItem\",\"position\":1,\"name\":\"Portada\",\"item\":\"https:\/\/hotelportdelcomte1730.com\/\"},{\"@type\":\"ListItem\",\"position\":2,\"name\":\"Aviso Legal\"}]},{\"@type\":\"WebSite\",\"@id\":\"\/#website\",\"url\":\"\/\",\"name\":\"Hotel Port 1730 | Hotel Port del comte | Web oficial\",\"description\":\"El Hotel Port 1730 es un r\u00fastico y familiar hotel de monta\u00f1a que se encuentra en la Estaci\u00f3n de Esqu\u00ed del Port del Comte. Reserva aqu\u00ed.\",\"publisher\":{\"@id\":\"\/#organization\"},\"potentialAction\":[{\"@type\":\"SearchAction\",\"target\":{\"@type\":\"EntryPoint\",\"urlTemplate\":\"\/?s={search_term_string}\"},\"query-input\":{\"@type\":\"PropertyValueSpecification\",\"valueRequired\":true,\"valueName\":\"search_term_string\"}}],\"inLanguage\":\"ca\"},{\"@type\":\"Organization\",\"@id\":\"\/#organization\",\"name\":\"Hotel Port 1730 | Hotel Port del comte\",\"url\":\"\/\",\"logo\":{\"@type\":\"ImageObject\",\"inLanguage\":\"ca\",\"@id\":\"\/#\/schema\/logo\/image\/\",\"url\":\"https:\/\/hotelportdelcomte1730.com\/wp-content\/uploads\/2023\/06\/logo-Port-Compte-DEF-02.png\",\"contentUrl\":\"https:\/\/hotelportdelcomte1730.com\/wp-content\/uploads\/2023\/06\/logo-Port-Compte-DEF-02.png\",\"width\":1493,\"height\":793,\"caption\":\"Hotel Port 1730 | Hotel Port del comte\"},\"image\":{\"@id\":\"\/#\/schema\/logo\/image\/\"},\"sameAs\":[\"https:\/\/www.facebook.com\/HotelPortdelComte1730\/\",\"https:\/\/www.instagram.com\/hotelportdelcomte\/\"]}]}<\/script>\n<!-- \/ Yoast SEO plugin. -->","yoast_head_json":{"title":"Av\u00eds Legal - Hotel Port 1730 | Hotel Port Del Comte","description":"Av\u00eds legal de l&#039;Hotel Port del Comte 1730. Informaci\u00f3 sobre titularitat, condicions d&#039;\u00fas del lloc web.","robots":{"index":"index","follow":"follow","max-snippet":"max-snippet:-1","max-image-preview":"max-image-preview:large","max-video-preview":"max-video-preview:-1"},"canonical":"https:\/\/hotelportdelcomte1730.com\/ca\/wp-json\/wp\/v2\/pages\/3","og_locale":"ca_ES","og_type":"article","og_title":"Aviso Legal - Hotel Port 1730 | Hotel Port Del Comte","og_description":"Aviso legal del Hotel Port del Comte 1730. Informaci\u00f3n sobre titularidad, condiciones de uso del sitio web.","og_url":"https:\/\/hotelportdelcomte1730.com\/ca\/aviso-legal\/","og_site_name":"Hotel Port 1730 | Hotel Port Del Comte","article_publisher":"https:\/\/www.facebook.com\/HotelPortdelComte1730\/","article_modified_time":"2026-02-19T12:18:20+00:00","og_image":[{"width":1649,"height":131,"url":"https:\/\/hotelportdelcomte1730.com\/wp-content\/uploads\/2023\/07\/logos-mitma-prtr-nextgeneration3.png","type":"image\/png"}],"twitter_card":"summary_large_image","twitter_misc":{"Temps estimat de lectura":"4 minuts"},"schema":{"@context":"https:\/\/schema.org","@graph":[{"@type":"WebPage","@id":"https:\/\/hotelportdelcomte1730.com\/aviso-legal\/","url":"https:\/\/hotelportdelcomte1730.com\/aviso-legal\/","name":"Av\u00eds Legal - Hotel Port 1730 | Hotel Port Del Comte","isPartOf":{"@id":"\/#website"},"primaryImageOfPage":{"@id":"https:\/\/hotelportdelcomte1730.com\/aviso-legal\/#primaryimage"},"image":{"@id":"https:\/\/hotelportdelcomte1730.com\/aviso-legal\/#primaryimage"},"thumbnailUrl":"https:\/\/hotelportdelcomte1730.com\/wp-content\/uploads\/2023\/07\/logos-mitma-prtr-nextgeneration3-1024x81.png","datePublished":"2022-06-04T14:51:19+00:00","dateModified":"2026-02-19T12:18:20+00:00","description":"Av\u00eds legal de l&#039;Hotel Port del Comte 1730. Informaci\u00f3 sobre titularitat, condicions d&#039;\u00fas del lloc web.","breadcrumb":{"@id":"https:\/\/hotelportdelcomte1730.com\/aviso-legal\/#breadcrumb"},"inLanguage":"ca","potentialAction":[{"@type":"ReadAction","target":["https:\/\/hotelportdelcomte1730.com\/aviso-legal\/"]}]},{"@type":"ImageObject","inLanguage":"ca","@id":"https:\/\/hotelportdelcomte1730.com\/aviso-legal\/#primaryimage","url":"https:\/\/hotelportdelcomte1730.com\/wp-content\/uploads\/2023\/07\/logos-mitma-prtr-nextgeneration3-1024x81.png","contentUrl":"https:\/\/hotelportdelcomte1730.com\/wp-content\/uploads\/2023\/07\/logos-mitma-prtr-nextgeneration3-1024x81.png"},{"@type":"BreadcrumbList","@id":"https:\/\/hotelportdelcomte1730.com\/aviso-legal\/#breadcrumb","itemListElement":[{"@type":"ListItem","position":1,"name":"Portada","item":"https:\/\/hotelportdelcomte1730.com\/"},{"@type":"ListItem","position":2,"name":"Aviso Legal"}]},{"@type":"WebSite","@id":"\/#website","url":"\/","name":"Hotel Port 1730 | Hotel Port del comte | Web oficial","description":"L&#039;Hotel Port 1730 \u00e9s un r\u00fastic i familiar hotel de muntanya que es troba a l&#039;Estaci\u00f3 d&#039;Esqu\u00ed del Port del Comte. Reserva aqu\u00ed.","publisher":{"@id":"\/#organization"},"potentialAction":[{"@type":"SearchAction","target":{"@type":"EntryPoint","urlTemplate":"\/?s={search_term_string}"},"query-input":{"@type":"PropertyValueSpecification","valueRequired":true,"valueName":"search_term_string"}}],"inLanguage":"ca"},{"@type":"Organization","@id":"\/#organization","name":"Hotel Port 1730 | Hotel Port del comte","url":"\/","logo":{"@type":"ImageObject","inLanguage":"ca","@id":"\/#\/schema\/logo\/image\/","url":"https:\/\/hotelportdelcomte1730.com\/wp-content\/uploads\/2023\/06\/logo-Port-Compte-DEF-02.png","contentUrl":"https:\/\/hotelportdelcomte1730.com\/wp-content\/uploads\/2023\/06\/logo-Port-Compte-DEF-02.png","width":1493,"height":793,"caption":"Hotel Port 1730 | Hotel Port del comte"},"image":{"@id":"\/#\/schema\/logo\/image\/"},"sameAs":["https:\/\/www.facebook.com\/HotelPortdelComte1730\/","https:\/\/www.instagram.com\/hotelportdelcomte\/"]}]}},"_links":{"self":[{"href":"https:\/\/hotelportdelcomte1730.com\/ca\/wp-json\/wp\/v2\/pages\/3","targetHints":{"allow":["GET"]}}],"collection":[{"href":"https:\/\/hotelportdelcomte1730.com\/ca\/wp-json\/wp\/v2\/pages"}],"about":[{"href":"https:\/\/hotelportdelcomte1730.com\/ca\/wp-json\/wp\/v2\/types\/page"}],"author":[{"embeddable":true,"href":"https:\/\/hotelportdelcomte1730.com\/ca\/wp-json\/wp\/v2\/users\/2"}],"replies":[{"embeddable":true,"href":"https:\/\/hotelportdelcomte1730.com\/ca\/wp-json\/wp\/v2\/comments?post=3"}],"version-history":[{"count":9,"href":"https:\/\/hotelportdelcomte1730.com\/ca\/wp-json\/wp\/v2\/pages\/3\/revisions"}],"predecessor-version":[{"id":5728,"href":"https:\/\/hotelportdelcomte1730.com\/ca\/wp-json\/wp\/v2\/pages\/3\/revisions\/5728"}],"wp:attachment":[{"href":"https:\/\/hotelportdelcomte1730.com\/ca\/wp-json\/wp\/v2\/media?parent=3"}],"curies":[{"name":"wp","href":"https:\/\/api.w.org\/{rel}","templated":true}]}}