{"id":4346,"date":"2024-04-04T16:22:29","date_gmt":"2024-04-04T16:22:29","guid":{"rendered":"https:\/\/hotelportdelcomte1730.com\/?page_id=4346"},"modified":"2026-02-19T12:34:50","modified_gmt":"2026-02-19T12:34:50","slug":"politica-de-cookies","status":"publish","type":"page","link":"https:\/\/hotelportdelcomte1730.com\/ca\/politica-de-cookies\/","title":{"rendered":"La nostra Pol\u00edtica de Cookies"},"content":{"rendered":"<div data-elementor-type=\"wp-page\" data-elementor-id=\"4346\" class=\"elementor elementor-4346\" data-elementor-post-type=\"page\">\n\t\t\t\t\t\t<section class=\"elementor-section elementor-top-section elementor-element elementor-element-c8c4d28 elementor-section-boxed elementor-section-height-default elementor-section-height-default\" data-id=\"c8c4d28\" data-element_type=\"section\" data-e-type=\"section\">\n\t\t\t\t\t\t<div class=\"elementor-container elementor-column-gap-default\">\n\t\t\t\t\t<div class=\"elementor-column elementor-col-100 elementor-top-column elementor-element elementor-element-60f546b\" data-id=\"60f546b\" data-element_type=\"column\" data-e-type=\"column\">\n\t\t\t<div class=\"elementor-widget-wrap elementor-element-populated\">\n\t\t\t\t\t\t<div class=\"elementor-element elementor-element-42474b5 elementor-widget elementor-widget-text-editor\" data-id=\"42474b5\" data-element_type=\"widget\" data-e-type=\"widget\" data-widget_type=\"text-editor.default\">\n\t\t\t\t<div class=\"elementor-widget-container\">\n\t\t\t\t\t\t\t\t\t<h1 class=\"wp-block-heading\">Pol\u00edtica de Cookies<\/h1><p><!-- \/wp:heading --><\/p><p><!-- wp:paragraph --><\/p><p>Data: 26 de mar\u00e7 de 2024<\/p><p><!-- \/wp:paragraph --><\/p><p><!-- wp:heading {\"level\":3} --><\/p><h3 class=\"wp-block-heading\">Qu\u00e8 s\u00f3n les galetes?<\/h3><p><!-- \/wp:heading --><\/p><p><!-- wp:paragraph --><\/p><p>Aquesta Pol\u00edtica de galetes explica qu\u00e8 s\u00f3n les galetes i com les fem servir, els tipus de galetes que utilitzem, \u00e9s a dir, la informaci\u00f3 que recopilem mitjan\u00e7ant galetes i com s&#039;usa aquesta informaci\u00f3, i com administrar la configuraci\u00f3 de les galetes.<br \/>Les galetes s\u00f3n petits fitxers de text que s&#039;utilitzen per emmagatzemar petits fragments d&#039;informaci\u00f3. S&#039;emmagatzemen al dispositiu quan el lloc web es carrega al navegador. Aquestes cookies ens ajuden a fer que el lloc web funcioni correctament, fer-lo m\u00e9s segur, brindar una millor experi\u00e8ncia d&#039;usuari i comprendre com funciona el lloc web i analitzar qu\u00e8 funciona i on necessita millorar.<\/p><p><!-- \/wp:paragraph --><\/p><p><!-- wp:heading {\"level\":3} --><\/p><h3 class=\"wp-block-heading\">Com fem servir les cookies?<\/h3><p><!-- \/wp:heading --><\/p><p><!-- wp:paragraph --><\/p><p>Com la majoria dels serveis en l\u00ednia, el nostre lloc web utilitza cookies pr\u00f2pies i de tercers per a diversos prop\u00f2sits. Les cookies d&#039;origen s\u00f3n majorit\u00e0riament necess\u00e0ries perqu\u00e8 el lloc web funcioni correctament i no recopilen cap de les vostres dades d&#039;identificaci\u00f3 personal.<br \/>Les cookies de tercers utilitzades al nostre lloc web s\u00f3n principalment per comprendre com funciona el lloc web, com interactua vost\u00e8 amb el nostre lloc web, mantenir els nostres serveis segurs, proporcionar anuncis que siguin rellevants per a vost\u00e8 i, en general, oferir-li un usuari millor i millorat . experi\u00e8ncia i ajudar a accelerar les seves futures interaccions amb el nostre lloc web.<\/p><p><!-- \/wp:paragraph --><\/p><p><!-- wp:heading {\"level\":3} --><\/p><h3 class=\"wp-block-heading\">Tipus de cookies que utilitzem\u00a0<\/h3><h3>Necess\u00e0ria<\/h3><div class=\"cky-audit-table-element\"><div class=\"cky-category-des\"><p>Les cookies necess\u00e0ries s\u00f3n crucials per a les funcions b\u00e0siques del lloc web i el lloc web no funcionar\u00e0 de la manera prevista sense. Aquestes galetes no emmagatzemen cap dada didentificaci\u00f3 personal.<\/p><\/div><div class=\"cky-table-wrapper\"><table class=\"cky-cookie-audit-table\"><thead><tr><th>Cookie<\/th><th>Durada<\/th><th>Descripci\u00f3<\/th><\/tr><\/thead><tbody><tr><td>cookielawinfo-checkbox-necessary<\/td><td>1 any<\/td><td>Establida pel plugin GDPR Cookie Consent, aquesta galeta registra el consentiment de l&#039;usuari per a les galetes de la categoria \u201cNecessari\u201d.<\/td><\/tr><tr><td>cookielawinfo-checkbox-functional<\/td><td>1 any<\/td><td>El plugin GDPR Cookie Consent estableix la galeta per registrar el consentiment de l&#039;usuari per a les galetes de la categoria \u201cFuncional\u201d.<\/td><\/tr><tr><td>cookielawinfo-checkbox-performance<\/td><td>1 any<\/td><td>Establida pel plugin GDPR Cookie Consent, aquesta galeta emmagatzema el consentiment de l&#039;usuari per a les galetes de la categoria \u201cRendiment\u201d.<\/td><\/tr><tr><td>cookielawinfo-checkbox-analytics<\/td><td>1 any<\/td><td>Establida pel plugin GDPR Cookie Consent, aquesta galeta registra el consentiment de l&#039;usuari per a les galetes de la categoria \u201cAnal\u00edtiques\u201d.<\/td><\/tr><tr><td>cookielawinfo-checkbox-advertisement<\/td><td>1 any<\/td><td>Establida pel plugin GDPR Cookie Consent, aquesta galeta registra el consentiment de l&#039;usuari per a les galetes de la categoria \u201cPublicitat\u201d.<\/td><\/tr><tr><td>cookielawinfo-checkbox-others<\/td><td>1 any<\/td><td>Establida pel plugin GDPR Cookie Consent, aquesta galeta emmagatzema el consentiment de l&#039;usuari per a les galetes de la categoria \u201cAltres\u201d.<\/td><\/tr><tr><td>elementor<\/td><td>Mai<\/td><td>El tema de WordPress del lloc web estableix aquesta galeta. Permet al propietari del lloc web implementar o canviar el contingut del lloc web a temps real.<\/td><\/tr><\/tbody><\/table><\/div><h3>Funcional<\/h3><div class=\"cky-category-des\"><p>Les cookies funcionals ajuden a realitzar certes funcionalitats, com ara compartir el contingut del lloc web en plataformes de xarxes socials, recopilar comentaris i altres caracter\u00edstiques de tercers.<\/p><\/div><div class=\"cky-table-wrapper\"><table class=\"cky-cookie-audit-table\"><thead><tr><th>Cookie<\/th><th>Durada<\/th><th>Descripci\u00f3<\/th><\/tr><\/thead><tbody><tr><td>_lscache_vary<\/td><td>2 dies<\/td><td>Litespeed sets this cookie to provide the prevention of cached pages.<\/td><\/tr><\/tbody><\/table><\/div><h3>Anal\u00edtica<\/h3><div class=\"cky-category-des\"><p>Les galetes anal\u00edtiques s&#039;utilitzen per comprendre com interactuen els visitants amb el lloc web. Aquestes galetes ajuden a proporcionar informaci\u00f3 sobre m\u00e8triques el nombre de visitants, el percentatge de rebot, la font de tr\u00e0nsit, etc.<\/p><\/div><div class=\"cky-table-wrapper\"><table class=\"cky-cookie-audit-table\"><thead><tr><th>Cookie<\/th><th>Durada<\/th><th>Descripci\u00f3<\/th><\/tr><\/thead><tbody><tr><td>_gcl_au<\/td><td>3 mesos<\/td><td>Google Tag Manager estableix la galeta per experimentar l&#039;efic\u00e0cia publicit\u00e0ria dels llocs web que utilitzen els vostres serveis.<\/td><\/tr><tr><td>_ga_*<\/td><td>1 any 1 mes 4 dies<\/td><td>Google Analytics sets this cookie to store and count page views.<\/td><\/tr><tr><td>_ga<\/td><td>1 any 1 mes 4 dies<\/td><td>Google Analytics estableix aquesta galeta per calcular les dades dels visitants, de les sessions i de les campanyes i per fer un seguiment de l&#039;\u00fas del lloc per a l&#039;informe d&#039;an\u00e0lisi del lloc. La galeta emmagatzema la informaci\u00f3 de forma an\u00f2nima i assigna un n\u00famero generat aleat\u00f2riament per recon\u00e8ixer els visitants \u00fanics.<\/td><\/tr><tr><td>_fbp<\/td><td>3 mesos<\/td><td>Facebook estableix aquesta galeta per mostrar anuncis a Facebook o en una plataforma digital amb publicitat de Facebook despr\u00e9s de visitar el lloc web.<\/td><\/tr><tr><td>_gid<\/td><td>1 dia<\/td><td>Google Analytics estableix aquesta galeta per emmagatzemar informaci\u00f3 sobre l&#039;\u00fas que fan els visitants d&#039;un lloc web, alhora que crea un informe anal\u00edtic sobre el rendiment del lloc. Algunes de les dades recollides inclouen el nombre de visitants, el seu origen i les p\u00e0gines que visiten de manera an\u00f2nima.<\/td><\/tr><tr><td>_gat_gtag_UA_*<\/td><td>1 minut<\/td><td>Google Analytics sets this cookie to store a unique user ID.<\/td><\/tr><\/tbody><\/table><\/div><\/div>\t\t\t\t\t\t\t\t<\/div>\n\t\t\t\t<\/div>\n\t\t\t\t\t<\/div>\n\t\t<\/div>\n\t\t\t\t\t<\/div>\n\t\t<\/section>\n\t\t\t\t<section class=\"elementor-section elementor-top-section elementor-element elementor-element-19821a4 elementor-section-boxed elementor-section-height-default elementor-section-height-default\" data-id=\"19821a4\" data-element_type=\"section\" data-e-type=\"section\">\n\t\t\t\t\t\t<div class=\"elementor-container elementor-column-gap-default\">\n\t\t\t\t\t<div class=\"elementor-column elementor-col-100 elementor-top-column elementor-element elementor-element-e368f61\" data-id=\"e368f61\" data-element_type=\"column\" data-e-type=\"column\">\n\t\t\t<div class=\"elementor-widget-wrap elementor-element-populated\">\n\t\t\t\t\t\t<div class=\"elementor-element elementor-element-525435c elementor-widget elementor-widget-text-editor\" data-id=\"525435c\" data-element_type=\"widget\" data-e-type=\"widget\" data-widget_type=\"text-editor.default\">\n\t\t\t\t<div class=\"elementor-widget-container\">\n\t\t\t\t\t\t\t\t\t<h3>Administrar prefer\u00e8ncies de cookies<\/h3><p><!-- \/wp:heading --><\/p><p><!-- wp:paragraph --><\/p><p><strong>Configuraci\u00f3 de cookies\u00a0<\/strong><span style=\"color: #00ccff;\"><a class=\"cky-banner-element\" style=\"font-size: 1rem; color: #00ccff;\">Cookie Settings<\/a><\/span><\/p><p><span style=\"font-style: inherit; font-weight: inherit; background-color: var(--ast-global-color-5); color: var(--ast-global-color-3);\">Podeu canviar les vostres prefer\u00e8ncies de cookies en qualsevol moment fent clic al bot\u00f3 de dalt.<\/span><\/p><p><span style=\"background-color: var(--ast-global-color-5); color: var(--ast-global-color-3); font-style: inherit; font-weight: inherit; font-size: 1rem;\">Aix\u00f2 us permetr\u00e0 tornar a visitar el banner de consentiment de cookies i canviar les vostres prefer\u00e8ncies o retirar el vostre consentiment immediatament.<\/span><\/p><p class=\"wp-block-heading\"><span style=\"background-color: var(--ast-global-color-5); color: var(--ast-global-color-3); font-style: inherit; font-weight: inherit; font-size: 16px; font-family: 'Open Sans', sans-serif;\">A m\u00e9s d&#039;aix\u00f2, diferents navegadors ofereixen diferents m\u00e8todes per bloquejar i eliminar les galetes utilitzades pels llocs web<\/span><\/p><p class=\"wp-block-heading\">Podeu canviar la configuraci\u00f3 del vostre navegador per bloquejar\/eliminar les cookies.<\/p><p><span style=\"background-color: var(--ast-global-color-5); color: var(--ast-global-color-3); font-style: inherit; font-size: 1rem;\"><b>A continuaci\u00f3 s&#039;enumeren els enlla\u00e7os als documents de suport sobre com administrar i eliminar galetes dels principals navegadors web:<\/b><\/span><\/p><p><!-- \/wp:paragraph --><\/p><p><!-- wp:paragraph --><\/p><p><strong>Chrome<\/strong>: <span style=\"color: #00ccff;\"><a style=\"color: #00ccff;\" href=\"https:\/\/support.google.com\/accounts\/answer\/32050\" target=\"_blank\" rel=\"noreferrer noopener\">https:\/\/support.google.com\/accounts\/answer\/32050<\/a><\/span><br \/><strong>Safari<\/strong>: <span style=\"color: #00ccff;\"><a style=\"color: #00ccff;\" href=\"https:\/\/support.apple.com\/en-in\/guide\/safari\/sfri11471\/mac\" target=\"_blank\" rel=\"noreferrer noopener\">https:\/\/support.apple.com\/en-in\/guide\/safari\/sfri11471\/mac<\/a><\/span><br \/><strong>Firefox<\/strong>: <span style=\"color: #00ccff;\"><a style=\"color: #00ccff;\" href=\"https:\/\/support.mozilla.org\/en-US\/kb\/clear-cookies-and-site-data-firefox?redirectslug=delete-cookies-remove-info-websites-stored&amp;redirectlocale=en-US\" target=\"_blank\" rel=\"noreferrer noopener\">https:\/\/support.mozilla.org\/en-US\/kb\/clear-cookies-and-site-data-firefox?redirectslug=delete-cookies-remove-info-websites-stored&amp;redirectlocale=en-US<\/a><\/span><br \/><strong>Internet Explorer<\/strong>: <span style=\"color: #00ccff;\"><a style=\"color: #00ccff;\" href=\"https:\/\/support.microsoft.com\/en-us\/topic\/how-to-delete-cookie-files-in-internet-explorer-bca9446f-d873-78de-77ba-d42645fa52fc\" target=\"_blank\" rel=\"noreferrer noopener\">https:\/\/support.microsoft.com\/en-us\/topic\/how-to-delete-cookie-files-in-internet-explorer-bca9446f-d873-78de-77ba-d42645fa52fc<\/a><\/span><\/p><p><span style=\"font-style: inherit; font-weight: inherit; background-color: var(--ast-global-color-5); color: var(--ast-global-color-3);\">\u00a0<\/span><\/p><p><span style=\"font-style: inherit; font-weight: inherit; background-color: var(--ast-global-color-5); color: var(--ast-global-color-3);\">Si utilitzeu qualsevol altre navegador web, visiteu els documents de suport oficials del vostre navegador.<\/span><\/p>\t\t\t\t\t\t\t\t<\/div>\n\t\t\t\t<\/div>\n\t\t\t\t\t<\/div>\n\t\t<\/div>\n\t\t\t\t\t<\/div>\n\t\t<\/section>\n\t\t\t\t<\/div>","protected":false},"excerpt":{"rendered":"<p>Pol\u00edtica de Cookies Fecha: 26 de marzo de 2024 \u00bfQu\u00e9 son las cookies? Esta Pol\u00edtica de cookies explica qu\u00e9 son las cookies y c\u00f3mo las usamos, los tipos de cookies que utilizamos, es decir, la informaci\u00f3n que recopilamos mediante cookies y c\u00f3mo se usa esa informaci\u00f3n, y c\u00f3mo administrar la configuraci\u00f3n de las cookies.Las cookies [&hellip;]<\/p>\n","protected":false},"author":2,"featured_media":0,"parent":0,"menu_order":0,"comment_status":"closed","ping_status":"closed","template":"","meta":{"site-sidebar-layout":"no-sidebar","site-content-layout":"page-builder","ast-site-content-layout":"full-width-container","site-content-style":"default","site-sidebar-style":"default","ast-global-header-display":"","ast-banner-title-visibility":"","ast-main-header-display":"","ast-hfb-above-header-display":"","ast-hfb-below-header-display":"","ast-hfb-mobile-header-display":"","site-post-title":"disabled","ast-breadcrumbs-content":"","ast-featured-img":"disabled","footer-sml-layout":"","theme-transparent-header-meta":"","adv-header-id-meta":"","stick-header-meta":"","header-above-stick-meta":"","header-main-stick-meta":"","header-below-stick-meta":"","astra-migrate-meta-layouts":"set","ast-page-background-enabled":"default","ast-page-background-meta":{"desktop":{"background-color":"","background-image":"","background-repeat":"repeat","background-position":"center center","background-size":"auto","background-attachment":"scroll","background-type":"","background-media":"","overlay-type":"","overlay-color":"","overlay-gradient":""},"tablet":{"background-color":"","background-image":"","background-repeat":"repeat","background-position":"center center","background-size":"auto","background-attachment":"scroll","background-type":"","background-media":"","overlay-type":"","overlay-color":"","overlay-gradient":""},"mobile":{"background-color":"","background-image":"","background-repeat":"repeat","background-position":"center center","background-size":"auto","background-attachment":"scroll","background-type":"","background-media":"","overlay-type":"","overlay-color":"","overlay-gradient":""}},"ast-content-background-meta":{"desktop":{"background-color":"var(--ast-global-color-5)","background-image":"","background-repeat":"repeat","background-position":"center center","background-size":"auto","background-attachment":"scroll","background-type":"","background-media":"","overlay-type":"","overlay-color":"","overlay-gradient":""},"tablet":{"background-color":"var(--ast-global-color-5)","background-image":"","background-repeat":"repeat","background-position":"center center","background-size":"auto","background-attachment":"scroll","background-type":"","background-media":"","overlay-type":"","overlay-color":"","overlay-gradient":""},"mobile":{"background-color":"var(--ast-global-color-5)","background-image":"","background-repeat":"repeat","background-position":"center center","background-size":"auto","background-attachment":"scroll","background-type":"","background-media":"","overlay-type":"","overlay-color":"","overlay-gradient":""}},"footnotes":""},"class_list":["post-4346","page","type-page","status-publish","hentry"],"yoast_head":"<!-- This site is optimized with the Yoast SEO plugin v27.1.1 - https:\/\/yoast.com\/product\/yoast-seo-wordpress\/ -->\n<title>Nuestra Pol\u00edtica de Cookies - Hotel Port 1730 | Hotel Port Del Comte<\/title>\n<meta name=\"description\" content=\"Pol\u00edtica de cookies del Hotel Port del Comte. Informaci\u00f3n clara sobre qu\u00e9 cookies usamos, su finalidad y c\u00f3mo gestionarlas o desactivarlas.\" \/>\n<meta name=\"robots\" content=\"index, follow, max-snippet:-1, max-image-preview:large, max-video-preview:-1\" \/>\n<link rel=\"canonical\" href=\"https:\/\/hotelportdelcomte1730.com\/ca\/wp-json\/wp\/v2\/pages\/4346\" \/>\n<meta property=\"og:locale\" content=\"ca_ES\" \/>\n<meta property=\"og:type\" content=\"article\" \/>\n<meta property=\"og:title\" content=\"Nuestra Pol\u00edtica de Cookies - Hotel Port 1730 | Hotel Port Del Comte\" \/>\n<meta property=\"og:description\" content=\"Pol\u00edtica de cookies del Hotel Port del Comte. Informaci\u00f3n clara sobre qu\u00e9 cookies usamos, su finalidad y c\u00f3mo gestionarlas o desactivarlas.\" \/>\n<meta property=\"og:url\" content=\"https:\/\/hotelportdelcomte1730.com\/ca\/politica-de-cookies\/\" \/>\n<meta property=\"og:site_name\" content=\"Hotel Port 1730 | Hotel Port Del Comte\" \/>\n<meta property=\"article:publisher\" content=\"https:\/\/www.facebook.com\/HotelPortdelComte1730\/\" \/>\n<meta property=\"article:modified_time\" content=\"2026-02-19T12:34:50+00:00\" \/>\n<meta property=\"og:image\" content=\"https:\/\/hotelportdelcomte1730.com\/wp-content\/uploads\/2024\/12\/WhatsApp-Image-2024-12-08-at-14.23.03-3.jpeg\" \/>\n\t<meta property=\"og:image:width\" content=\"2040\" \/>\n\t<meta property=\"og:image:height\" content=\"1530\" \/>\n\t<meta property=\"og:image:type\" content=\"image\/jpeg\" \/>\n<meta name=\"twitter:card\" content=\"summary_large_image\" \/>\n<meta name=\"twitter:label1\" content=\"Temps estimat de lectura\" \/>\n\t<meta name=\"twitter:data1\" content=\"4 minuts\" \/>\n<script type=\"application\/ld+json\" class=\"yoast-schema-graph\">{\"@context\":\"https:\/\/schema.org\",\"@graph\":[{\"@type\":\"WebPage\",\"@id\":\"https:\/\/hotelportdelcomte1730.com\/politica-de-cookies\/\",\"url\":\"https:\/\/hotelportdelcomte1730.com\/politica-de-cookies\/\",\"name\":\"Nuestra Pol\u00edtica de Cookies - Hotel Port 1730 | Hotel Port Del Comte\",\"isPartOf\":{\"@id\":\"\/#website\"},\"datePublished\":\"2024-04-04T16:22:29+00:00\",\"dateModified\":\"2026-02-19T12:34:50+00:00\",\"description\":\"Pol\u00edtica de cookies del Hotel Port del Comte. Informaci\u00f3n clara sobre qu\u00e9 cookies usamos, su finalidad y c\u00f3mo gestionarlas o desactivarlas.\",\"breadcrumb\":{\"@id\":\"https:\/\/hotelportdelcomte1730.com\/politica-de-cookies\/#breadcrumb\"},\"inLanguage\":\"ca\",\"potentialAction\":[{\"@type\":\"ReadAction\",\"target\":[\"https:\/\/hotelportdelcomte1730.com\/politica-de-cookies\/\"]}]},{\"@type\":\"BreadcrumbList\",\"@id\":\"https:\/\/hotelportdelcomte1730.com\/politica-de-cookies\/#breadcrumb\",\"itemListElement\":[{\"@type\":\"ListItem\",\"position\":1,\"name\":\"Portada\",\"item\":\"https:\/\/hotelportdelcomte1730.com\/\"},{\"@type\":\"ListItem\",\"position\":2,\"name\":\"Nuestra Pol\u00edtica de Cookies\"}]},{\"@type\":\"WebSite\",\"@id\":\"\/#website\",\"url\":\"\/\",\"name\":\"Hotel Port 1730 | Hotel Port del comte | Web oficial\",\"description\":\"El Hotel Port 1730 es un r\u00fastico y familiar hotel de monta\u00f1a que se encuentra en la Estaci\u00f3n de Esqu\u00ed del Port del Comte. Reserva aqu\u00ed.\",\"publisher\":{\"@id\":\"\/#organization\"},\"potentialAction\":[{\"@type\":\"SearchAction\",\"target\":{\"@type\":\"EntryPoint\",\"urlTemplate\":\"\/?s={search_term_string}\"},\"query-input\":{\"@type\":\"PropertyValueSpecification\",\"valueRequired\":true,\"valueName\":\"search_term_string\"}}],\"inLanguage\":\"ca\"},{\"@type\":\"Organization\",\"@id\":\"\/#organization\",\"name\":\"Hotel Port 1730 | Hotel Port del comte\",\"url\":\"\/\",\"logo\":{\"@type\":\"ImageObject\",\"inLanguage\":\"ca\",\"@id\":\"\/#\/schema\/logo\/image\/\",\"url\":\"https:\/\/hotelportdelcomte1730.com\/wp-content\/uploads\/2023\/06\/logo-Port-Compte-DEF-02.png\",\"contentUrl\":\"https:\/\/hotelportdelcomte1730.com\/wp-content\/uploads\/2023\/06\/logo-Port-Compte-DEF-02.png\",\"width\":1493,\"height\":793,\"caption\":\"Hotel Port 1730 | Hotel Port del comte\"},\"image\":{\"@id\":\"\/#\/schema\/logo\/image\/\"},\"sameAs\":[\"https:\/\/www.facebook.com\/HotelPortdelComte1730\/\",\"https:\/\/www.instagram.com\/hotelportdelcomte\/\"]}]}<\/script>\n<!-- \/ Yoast SEO plugin. -->","yoast_head_json":{"title":"La nostra Pol\u00edtica de Cookies - Hotel Port 1730 | Hotel Port Del Comte","description":"Pol\u00edtica de galetes de l&#039;Hotel Port del Comte. Informaci\u00f3 clara sobre quines galetes fem servir, la seva finalitat i com gestionar-les o desactivar-les.","robots":{"index":"index","follow":"follow","max-snippet":"max-snippet:-1","max-image-preview":"max-image-preview:large","max-video-preview":"max-video-preview:-1"},"canonical":"https:\/\/hotelportdelcomte1730.com\/ca\/wp-json\/wp\/v2\/pages\/4346","og_locale":"ca_ES","og_type":"article","og_title":"Nuestra Pol\u00edtica de Cookies - Hotel Port 1730 | Hotel Port Del Comte","og_description":"Pol\u00edtica de cookies del Hotel Port del Comte. Informaci\u00f3n clara sobre qu\u00e9 cookies usamos, su finalidad y c\u00f3mo gestionarlas o desactivarlas.","og_url":"https:\/\/hotelportdelcomte1730.com\/ca\/politica-de-cookies\/","og_site_name":"Hotel Port 1730 | Hotel Port Del Comte","article_publisher":"https:\/\/www.facebook.com\/HotelPortdelComte1730\/","article_modified_time":"2026-02-19T12:34:50+00:00","og_image":[{"width":2040,"height":1530,"url":"https:\/\/hotelportdelcomte1730.com\/wp-content\/uploads\/2024\/12\/WhatsApp-Image-2024-12-08-at-14.23.03-3.jpeg","type":"image\/jpeg"}],"twitter_card":"summary_large_image","twitter_misc":{"Temps estimat de lectura":"4 minuts"},"schema":{"@context":"https:\/\/schema.org","@graph":[{"@type":"WebPage","@id":"https:\/\/hotelportdelcomte1730.com\/politica-de-cookies\/","url":"https:\/\/hotelportdelcomte1730.com\/politica-de-cookies\/","name":"La nostra Pol\u00edtica de Cookies - Hotel Port 1730 | Hotel Port Del Comte","isPartOf":{"@id":"\/#website"},"datePublished":"2024-04-04T16:22:29+00:00","dateModified":"2026-02-19T12:34:50+00:00","description":"Pol\u00edtica de galetes de l&#039;Hotel Port del Comte. Informaci\u00f3 clara sobre quines galetes fem servir, la seva finalitat i com gestionar-les o desactivar-les.","breadcrumb":{"@id":"https:\/\/hotelportdelcomte1730.com\/politica-de-cookies\/#breadcrumb"},"inLanguage":"ca","potentialAction":[{"@type":"ReadAction","target":["https:\/\/hotelportdelcomte1730.com\/politica-de-cookies\/"]}]},{"@type":"BreadcrumbList","@id":"https:\/\/hotelportdelcomte1730.com\/politica-de-cookies\/#breadcrumb","itemListElement":[{"@type":"ListItem","position":1,"name":"Portada","item":"https:\/\/hotelportdelcomte1730.com\/"},{"@type":"ListItem","position":2,"name":"Nuestra Pol\u00edtica de Cookies"}]},{"@type":"WebSite","@id":"\/#website","url":"\/","name":"Hotel Port 1730 | Hotel Port del comte | Web oficial","description":"L&#039;Hotel Port 1730 \u00e9s un r\u00fastic i familiar hotel de muntanya que es troba a l&#039;Estaci\u00f3 d&#039;Esqu\u00ed del Port del Comte. Reserva aqu\u00ed.","publisher":{"@id":"\/#organization"},"potentialAction":[{"@type":"SearchAction","target":{"@type":"EntryPoint","urlTemplate":"\/?s={search_term_string}"},"query-input":{"@type":"PropertyValueSpecification","valueRequired":true,"valueName":"search_term_string"}}],"inLanguage":"ca"},{"@type":"Organization","@id":"\/#organization","name":"Hotel Port 1730 | Hotel Port del comte","url":"\/","logo":{"@type":"ImageObject","inLanguage":"ca","@id":"\/#\/schema\/logo\/image\/","url":"https:\/\/hotelportdelcomte1730.com\/wp-content\/uploads\/2023\/06\/logo-Port-Compte-DEF-02.png","contentUrl":"https:\/\/hotelportdelcomte1730.com\/wp-content\/uploads\/2023\/06\/logo-Port-Compte-DEF-02.png","width":1493,"height":793,"caption":"Hotel Port 1730 | Hotel Port del comte"},"image":{"@id":"\/#\/schema\/logo\/image\/"},"sameAs":["https:\/\/www.facebook.com\/HotelPortdelComte1730\/","https:\/\/www.instagram.com\/hotelportdelcomte\/"]}]}},"_links":{"self":[{"href":"https:\/\/hotelportdelcomte1730.com\/ca\/wp-json\/wp\/v2\/pages\/4346","targetHints":{"allow":["GET"]}}],"collection":[{"href":"https:\/\/hotelportdelcomte1730.com\/ca\/wp-json\/wp\/v2\/pages"}],"about":[{"href":"https:\/\/hotelportdelcomte1730.com\/ca\/wp-json\/wp\/v2\/types\/page"}],"author":[{"embeddable":true,"href":"https:\/\/hotelportdelcomte1730.com\/ca\/wp-json\/wp\/v2\/users\/2"}],"replies":[{"embeddable":true,"href":"https:\/\/hotelportdelcomte1730.com\/ca\/wp-json\/wp\/v2\/comments?post=4346"}],"version-history":[{"count":11,"href":"https:\/\/hotelportdelcomte1730.com\/ca\/wp-json\/wp\/v2\/pages\/4346\/revisions"}],"predecessor-version":[{"id":5698,"href":"https:\/\/hotelportdelcomte1730.com\/ca\/wp-json\/wp\/v2\/pages\/4346\/revisions\/5698"}],"wp:attachment":[{"href":"https:\/\/hotelportdelcomte1730.com\/ca\/wp-json\/wp\/v2\/media?parent=4346"}],"curies":[{"name":"wp","href":"https:\/\/api.w.org\/{rel}","templated":true}]}}