{"id":3184,"date":"2023-07-03T10:40:00","date_gmt":"2023-07-03T10:40:00","guid":{"rendered":"https:\/\/hotelportdelcomte1730.com\/?post_type=product&#038;p=3184"},"modified":"2023-12-14T12:58:37","modified_gmt":"2023-12-14T12:58:37","slug":"pack-escapada-en-familia-con-cena","status":"publish","type":"product","link":"https:\/\/hotelportdelcomte1730.com\/ca\/producte\/pack-escapada-en-familia-con-cena\/","title":{"rendered":"Pack Escapada en Fam\u00edlia amb Sopar i Zoo Pirineu"},"content":{"rendered":"<h2>Qu\u00e8 inclou al nostre Pack Escapada en Fam\u00edlia amb Sopar i visita al zoo?<\/h2>\n<ul>\n<li>1 nit a l&#039;habitaci\u00f3 qu\u00e0druple de l&#039;Hotel Port 1730<\/li>\n<li>Esmorzar per a 2 adults i 2 nens (de 3 a 12 anys)<\/li>\n<li>Sopar per a 2 adults i 2 nens (de 3 a 12 anys) al Restaurant Hotel Port 1730<\/li>\n<li>4 Entrades per al Zoo del Pirineu, per a 2 adults i 2 nens<\/li>\n<li>Late Check Out (subjecte a disponibilitat)<\/li>\n<\/ul>\n<p><strong><strong style=\"font-size: 16px;\"><b>L&#039;Hotel Port 1730: <\/b><\/strong><\/strong>\u00e9s un familiar hotel de muntanya ubicat a l&#039;Estaci\u00f3 d&#039;esqu\u00ed del Port del Comte, ideal per a una escapada \u00fanica i inoblidable.<\/p>\n<p><strong>El Restaurant Port 1730: <\/strong>\u00e9s el lloc perfecte per gaudir d\u00b4una experi\u00e8ncia gastron\u00f2mica \u00fanica amb plats tradicionals de la comarca, ingredients frescos i un ambient acollidor. A m\u00e9s, la nostra especialitat \u00e9s la cuina a la brasa i les delicioses postres casolanes.<\/p>\n<p><strong style=\"font-size: 16px;\"><b>L&#039;habitaci\u00f3 <\/b><\/strong><strong style=\"font-size: 16px;\">Qu\u00e0druple o familiar: <\/strong>\u00e9s una c\u00f2moda i espaiosa habitaci\u00f3 d\u00b4uns 28m2, ideal per a 4 persones. Disposa d\u00b4un llit doble i 2 llits individuals i un bany complet privat amb banyera o dutxa.<\/p>\n<p><strong>Disponibilitat: <\/strong>Pack disponible d&#039;abril fins a novembre. <span class=\"OYPEnA text-decoration-none text-strikethrough-none\">Aquest xec t\u00e9 caducitat de 1 any, a partir del dia de la compra.<\/span><\/p>\n<p><strong>Com rebr\u00e9 el xec? <\/strong>Un cop comprat el xec regal, rebr\u00e0s un val en format PDF pel correu electr\u00f2nic que ens hagis adjuntat.<\/p>\n<p><strong>Com puc bescanviar el Xec? <\/strong>Per bescanviar el bo i reservar, haur\u00e0s de trucar a l&#039;hotel al +34 972 753 092 o enviar un correu a info@hotelportdelcomte1730.com dient els dies que desitges fer la reserva. Tot seguit, rebr\u00e0s un correu confirmant la teva reserva.<\/p>","protected":false},"excerpt":{"rendered":"<p>Aconsegueix el teu Pack Escapada a Fam\u00edlia amb 4 entrades al Zoo del Pirineu i Sopar a l&#039;Hotel Port 1730. Ideal per fer una escapada i viure una experi\u00e8ncia \u00fanica amb la teva fam\u00edlia al Port del Comte.<\/p>","protected":false},"featured_media":3482,"comment_status":"closed","ping_status":"closed","template":"","meta":{"site-sidebar-layout":"default","site-content-layout":"default","ast-site-content-layout":"","site-content-style":"default","site-sidebar-style":"default","ast-global-header-display":"","ast-banner-title-visibility":"","ast-main-header-display":"","ast-hfb-above-header-display":"","ast-hfb-below-header-display":"","ast-hfb-mobile-header-display":"","site-post-title":"","ast-breadcrumbs-content":"","ast-featured-img":"","footer-sml-layout":"","theme-transparent-header-meta":"default","adv-header-id-meta":"","stick-header-meta":"default","header-above-stick-meta":"","header-main-stick-meta":"","header-below-stick-meta":"","astra-migrate-meta-layouts":"default","ast-page-background-enabled":"default","ast-page-background-meta":{"desktop":{"background-color":"","background-image":"","background-repeat":"repeat","background-position":"center center","background-size":"auto","background-attachment":"scroll","background-type":"","background-media":"","overlay-type":"","overlay-color":"","overlay-gradient":""},"tablet":{"background-color":"","background-image":"","background-repeat":"repeat","background-position":"center center","background-size":"auto","background-attachment":"scroll","background-type":"","background-media":"","overlay-type":"","overlay-color":"","overlay-gradient":""},"mobile":{"background-color":"","background-image":"","background-repeat":"repeat","background-position":"center center","background-size":"auto","background-attachment":"scroll","background-type":"","background-media":"","overlay-type":"","overlay-color":"","overlay-gradient":""}},"ast-content-background-meta":{"desktop":{"background-color":"var(--ast-global-color-5)","background-image":"","background-repeat":"repeat","background-position":"center center","background-size":"auto","background-attachment":"scroll","background-type":"","background-media":"","overlay-type":"","overlay-color":"","overlay-gradient":""},"tablet":{"background-color":"var(--ast-global-color-5)","background-image":"","background-repeat":"repeat","background-position":"center center","background-size":"auto","background-attachment":"scroll","background-type":"","background-media":"","overlay-type":"","overlay-color":"","overlay-gradient":""},"mobile":{"background-color":"var(--ast-global-color-5)","background-image":"","background-repeat":"repeat","background-position":"center center","background-size":"auto","background-attachment":"scroll","background-type":"","background-media":"","overlay-type":"","overlay-color":"","overlay-gradient":""}}},"product_brand":[],"product_cat":[20],"product_tag":[],"class_list":{"0":"post-3184","1":"product","2":"type-product","3":"status-publish","4":"has-post-thumbnail","6":"product_cat-sin-categorizar","7":"desktop-align-left","8":"tablet-align-left","9":"mobile-align-left","10":"ast-product-gallery-layout-horizontal-slider","11":"ast-product-tabs-layout-horizontal","13":"first","14":"instock","15":"shipping-taxable","16":"purchasable","17":"product-type-simple"},"yoast_head":"<!-- This site is optimized with the Yoast SEO plugin v27.1.1 - https:\/\/yoast.com\/product\/yoast-seo-wordpress\/ -->\n<title>Pack Escapada Familiar con Cena y zoo Pirineu | Hotel Port 1730<\/title>\n<meta name=\"description\" content=\"Disfruta del Pack Escapada en Familia con Cena en el Hotel Port 1730 y visita al zoo del Pirineu. Vive una experiencia familiar en el Port del Comte.\" \/>\n<meta name=\"robots\" content=\"index, follow, max-snippet:-1, max-image-preview:large, max-video-preview:-1\" \/>\n<link rel=\"canonical\" href=\"https:\/\/hotelportdelcomte1730.com\/ca\/wp-json\/wp\/v2\/product\/3184\" \/>\n<meta property=\"og:locale\" content=\"ca_ES\" \/>\n<meta property=\"og:type\" content=\"article\" \/>\n<meta property=\"og:title\" content=\"Pack Escapada Familiar con Cena y zoo Pirineu | Hotel Port 1730\" \/>\n<meta property=\"og:description\" content=\"Disfruta del Pack Escapada en Familia con Cena en el Hotel Port 1730 y visita al zoo del Pirineu. Vive una experiencia familiar en el Port del Comte.\" \/>\n<meta property=\"og:url\" content=\"https:\/\/hotelportdelcomte1730.com\/ca\/producte\/pack-escapada-en-familia-con-cena\/\" \/>\n<meta property=\"og:site_name\" content=\"Hotel Port 1730 | Hotel Port Del Comte\" \/>\n<meta property=\"article:publisher\" content=\"https:\/\/www.facebook.com\/HotelPortdelComte1730\/\" \/>\n<meta property=\"article:modified_time\" content=\"2023-12-14T12:58:37+00:00\" \/>\n<meta property=\"og:image\" content=\"https:\/\/hotelportdelcomte1730.com\/wp-content\/uploads\/2023\/09\/20230124_PortdelComte_172-1024x683.jpg\" \/>\n\t<meta property=\"og:image:width\" content=\"1024\" \/>\n\t<meta property=\"og:image:height\" content=\"683\" \/>\n\t<meta property=\"og:image:type\" content=\"image\/jpeg\" \/>\n<meta name=\"twitter:card\" content=\"summary_large_image\" \/>\n<meta name=\"twitter:label1\" content=\"Temps estimat de lectura\" \/>\n\t<meta name=\"twitter:data1\" content=\"2 minuts\" \/>\n<script type=\"application\/ld+json\" class=\"yoast-schema-graph\">{\"@context\":\"https:\/\/schema.org\",\"@graph\":[{\"@type\":\"WebPage\",\"@id\":\"https:\/\/hotelportdelcomte1730.com\/producto\/pack-escapada-en-familia-con-cena\/\",\"url\":\"https:\/\/hotelportdelcomte1730.com\/producto\/pack-escapada-en-familia-con-cena\/\",\"name\":\"Pack Escapada Familiar con Cena y zoo Pirineu | Hotel Port 1730\",\"isPartOf\":{\"@id\":\"\/#website\"},\"primaryImageOfPage\":{\"@id\":\"https:\/\/hotelportdelcomte1730.com\/producto\/pack-escapada-en-familia-con-cena\/#primaryimage\"},\"image\":{\"@id\":\"https:\/\/hotelportdelcomte1730.com\/producto\/pack-escapada-en-familia-con-cena\/#primaryimage\"},\"thumbnailUrl\":\"https:\/\/hotelportdelcomte1730.com\/wp-content\/uploads\/2023\/09\/20230124_PortdelComte_172.jpg\",\"datePublished\":\"2023-07-03T10:40:00+00:00\",\"dateModified\":\"2023-12-14T12:58:37+00:00\",\"description\":\"Disfruta del Pack Escapada en Familia con Cena en el Hotel Port 1730 y visita al zoo del Pirineu. Vive una experiencia familiar en el Port del Comte.\",\"breadcrumb\":{\"@id\":\"https:\/\/hotelportdelcomte1730.com\/producto\/pack-escapada-en-familia-con-cena\/#breadcrumb\"},\"inLanguage\":\"ca\",\"potentialAction\":[{\"@type\":\"ReadAction\",\"target\":[\"https:\/\/hotelportdelcomte1730.com\/producto\/pack-escapada-en-familia-con-cena\/\"]}]},{\"@type\":\"ImageObject\",\"inLanguage\":\"ca\",\"@id\":\"https:\/\/hotelportdelcomte1730.com\/producto\/pack-escapada-en-familia-con-cena\/#primaryimage\",\"url\":\"https:\/\/hotelportdelcomte1730.com\/wp-content\/uploads\/2023\/09\/20230124_PortdelComte_172.jpg\",\"contentUrl\":\"https:\/\/hotelportdelcomte1730.com\/wp-content\/uploads\/2023\/09\/20230124_PortdelComte_172.jpg\",\"width\":2500,\"height\":1667},{\"@type\":\"BreadcrumbList\",\"@id\":\"https:\/\/hotelportdelcomte1730.com\/producto\/pack-escapada-en-familia-con-cena\/#breadcrumb\",\"itemListElement\":[{\"@type\":\"ListItem\",\"position\":1,\"name\":\"Portada\",\"item\":\"https:\/\/hotelportdelcomte1730.com\/\"},{\"@type\":\"ListItem\",\"position\":2,\"name\":\"Pack Escapada en Familia con Cena y Zoo Pirineo\"}]},{\"@type\":\"WebSite\",\"@id\":\"\/#website\",\"url\":\"\/\",\"name\":\"Hotel Port 1730 | Hotel Port del comte | Web oficial\",\"description\":\"El Hotel Port 1730 es un r\u00fastico y familiar hotel de monta\u00f1a que se encuentra en la Estaci\u00f3n de Esqu\u00ed del Port del Comte. Reserva aqu\u00ed.\",\"publisher\":{\"@id\":\"\/#organization\"},\"potentialAction\":[{\"@type\":\"SearchAction\",\"target\":{\"@type\":\"EntryPoint\",\"urlTemplate\":\"\/?s={search_term_string}\"},\"query-input\":{\"@type\":\"PropertyValueSpecification\",\"valueRequired\":true,\"valueName\":\"search_term_string\"}}],\"inLanguage\":\"ca\"},{\"@type\":\"Organization\",\"@id\":\"\/#organization\",\"name\":\"Hotel Port 1730 | Hotel Port del comte\",\"url\":\"\/\",\"logo\":{\"@type\":\"ImageObject\",\"inLanguage\":\"ca\",\"@id\":\"\/#\/schema\/logo\/image\/\",\"url\":\"https:\/\/hotelportdelcomte1730.com\/wp-content\/uploads\/2023\/06\/logo-Port-Compte-DEF-02.png\",\"contentUrl\":\"https:\/\/hotelportdelcomte1730.com\/wp-content\/uploads\/2023\/06\/logo-Port-Compte-DEF-02.png\",\"width\":1493,\"height\":793,\"caption\":\"Hotel Port 1730 | Hotel Port del comte\"},\"image\":{\"@id\":\"\/#\/schema\/logo\/image\/\"},\"sameAs\":[\"https:\/\/www.facebook.com\/HotelPortdelComte1730\/\",\"https:\/\/www.instagram.com\/hotelportdelcomte\/\"]}]}<\/script>\n<!-- \/ Yoast SEO plugin. -->","yoast_head_json":{"title":"Pack Escapada Familiar amb Sopar i zoo Pirineu | Hotel Port 1730","description":"Gaudeix del Pack Escapada en Fam\u00edlia amb Sopar a l&#039;Hotel Port 1730 i visita al zoo del Pirineu. Viu una experi\u00e8ncia familiar al Port del Comte.","robots":{"index":"index","follow":"follow","max-snippet":"max-snippet:-1","max-image-preview":"max-image-preview:large","max-video-preview":"max-video-preview:-1"},"canonical":"https:\/\/hotelportdelcomte1730.com\/ca\/wp-json\/wp\/v2\/product\/3184","og_locale":"ca_ES","og_type":"article","og_title":"Pack Escapada Familiar con Cena y zoo Pirineu | Hotel Port 1730","og_description":"Disfruta del Pack Escapada en Familia con Cena en el Hotel Port 1730 y visita al zoo del Pirineu. Vive una experiencia familiar en el Port del Comte.","og_url":"https:\/\/hotelportdelcomte1730.com\/ca\/producte\/pack-escapada-en-familia-con-cena\/","og_site_name":"Hotel Port 1730 | Hotel Port Del Comte","article_publisher":"https:\/\/www.facebook.com\/HotelPortdelComte1730\/","article_modified_time":"2023-12-14T12:58:37+00:00","og_image":[{"width":1024,"height":683,"url":"https:\/\/hotelportdelcomte1730.com\/wp-content\/uploads\/2023\/09\/20230124_PortdelComte_172-1024x683.jpg","type":"image\/jpeg"}],"twitter_card":"summary_large_image","twitter_misc":{"Temps estimat de lectura":"2 minuts"},"schema":{"@context":"https:\/\/schema.org","@graph":[{"@type":"WebPage","@id":"https:\/\/hotelportdelcomte1730.com\/producto\/pack-escapada-en-familia-con-cena\/","url":"https:\/\/hotelportdelcomte1730.com\/producto\/pack-escapada-en-familia-con-cena\/","name":"Pack Escapada Familiar amb Sopar i zoo Pirineu | Hotel Port 1730","isPartOf":{"@id":"\/#website"},"primaryImageOfPage":{"@id":"https:\/\/hotelportdelcomte1730.com\/producto\/pack-escapada-en-familia-con-cena\/#primaryimage"},"image":{"@id":"https:\/\/hotelportdelcomte1730.com\/producto\/pack-escapada-en-familia-con-cena\/#primaryimage"},"thumbnailUrl":"https:\/\/hotelportdelcomte1730.com\/wp-content\/uploads\/2023\/09\/20230124_PortdelComte_172.jpg","datePublished":"2023-07-03T10:40:00+00:00","dateModified":"2023-12-14T12:58:37+00:00","description":"Gaudeix del Pack Escapada en Fam\u00edlia amb Sopar a l&#039;Hotel Port 1730 i visita al zoo del Pirineu. Viu una experi\u00e8ncia familiar al Port del Comte.","breadcrumb":{"@id":"https:\/\/hotelportdelcomte1730.com\/producto\/pack-escapada-en-familia-con-cena\/#breadcrumb"},"inLanguage":"ca","potentialAction":[{"@type":"ReadAction","target":["https:\/\/hotelportdelcomte1730.com\/producto\/pack-escapada-en-familia-con-cena\/"]}]},{"@type":"ImageObject","inLanguage":"ca","@id":"https:\/\/hotelportdelcomte1730.com\/producto\/pack-escapada-en-familia-con-cena\/#primaryimage","url":"https:\/\/hotelportdelcomte1730.com\/wp-content\/uploads\/2023\/09\/20230124_PortdelComte_172.jpg","contentUrl":"https:\/\/hotelportdelcomte1730.com\/wp-content\/uploads\/2023\/09\/20230124_PortdelComte_172.jpg","width":2500,"height":1667},{"@type":"BreadcrumbList","@id":"https:\/\/hotelportdelcomte1730.com\/producto\/pack-escapada-en-familia-con-cena\/#breadcrumb","itemListElement":[{"@type":"ListItem","position":1,"name":"Portada","item":"https:\/\/hotelportdelcomte1730.com\/"},{"@type":"ListItem","position":2,"name":"Pack Escapada en Familia con Cena y Zoo Pirineo"}]},{"@type":"WebSite","@id":"\/#website","url":"\/","name":"Hotel Port 1730 | Hotel Port del comte | Web oficial","description":"L&#039;Hotel Port 1730 \u00e9s un r\u00fastic i familiar hotel de muntanya que es troba a l&#039;Estaci\u00f3 d&#039;Esqu\u00ed del Port del Comte. Reserva aqu\u00ed.","publisher":{"@id":"\/#organization"},"potentialAction":[{"@type":"SearchAction","target":{"@type":"EntryPoint","urlTemplate":"\/?s={search_term_string}"},"query-input":{"@type":"PropertyValueSpecification","valueRequired":true,"valueName":"search_term_string"}}],"inLanguage":"ca"},{"@type":"Organization","@id":"\/#organization","name":"Hotel Port 1730 | Hotel Port del comte","url":"\/","logo":{"@type":"ImageObject","inLanguage":"ca","@id":"\/#\/schema\/logo\/image\/","url":"https:\/\/hotelportdelcomte1730.com\/wp-content\/uploads\/2023\/06\/logo-Port-Compte-DEF-02.png","contentUrl":"https:\/\/hotelportdelcomte1730.com\/wp-content\/uploads\/2023\/06\/logo-Port-Compte-DEF-02.png","width":1493,"height":793,"caption":"Hotel Port 1730 | Hotel Port del comte"},"image":{"@id":"\/#\/schema\/logo\/image\/"},"sameAs":["https:\/\/www.facebook.com\/HotelPortdelComte1730\/","https:\/\/www.instagram.com\/hotelportdelcomte\/"]}]}},"_links":{"self":[{"href":"https:\/\/hotelportdelcomte1730.com\/ca\/wp-json\/wp\/v2\/product\/3184","targetHints":{"allow":["GET"]}}],"collection":[{"href":"https:\/\/hotelportdelcomte1730.com\/ca\/wp-json\/wp\/v2\/product"}],"about":[{"href":"https:\/\/hotelportdelcomte1730.com\/ca\/wp-json\/wp\/v2\/types\/product"}],"replies":[{"embeddable":true,"href":"https:\/\/hotelportdelcomte1730.com\/ca\/wp-json\/wp\/v2\/comments?post=3184"}],"wp:featuredmedia":[{"embeddable":true,"href":"https:\/\/hotelportdelcomte1730.com\/ca\/wp-json\/wp\/v2\/media\/3482"}],"wp:attachment":[{"href":"https:\/\/hotelportdelcomte1730.com\/ca\/wp-json\/wp\/v2\/media?parent=3184"}],"wp:term":[{"taxonomy":"product_brand","embeddable":true,"href":"https:\/\/hotelportdelcomte1730.com\/ca\/wp-json\/wp\/v2\/product_brand?post=3184"},{"taxonomy":"product_cat","embeddable":true,"href":"https:\/\/hotelportdelcomte1730.com\/ca\/wp-json\/wp\/v2\/product_cat?post=3184"},{"taxonomy":"product_tag","embeddable":true,"href":"https:\/\/hotelportdelcomte1730.com\/ca\/wp-json\/wp\/v2\/product_tag?post=3184"}],"curies":[{"name":"wp","href":"https:\/\/api.w.org\/{rel}","templated":true}]}}