{"id":5484,"date":"2025-12-15T12:47:50","date_gmt":"2025-12-15T12:47:50","guid":{"rendered":"https:\/\/hotelportdelcomte1730.com\/?post_type=product&#038;p=5484"},"modified":"2026-02-10T10:15:49","modified_gmt":"2026-02-10T10:15:49","slug":"pack-escapada-en-familia-excursion-raquetas-nieve","status":"publish","type":"product","link":"https:\/\/hotelportdelcomte1730.com\/ca\/producte\/pack-escapada-en-familia-excursion-raquetas-nieve\/","title":{"rendered":"Pack Escapada en fam\u00edlia + excursi\u00f3 raquetes neu"},"content":{"rendered":"<h2>Qu\u00e8 inclou a la nostra Escapada en fam\u00edlia amb excursi\u00f3 amb raquetes de neu?<\/h2>\n<ul>\n<li>1 nit a l&#039;habitaci\u00f3 qu\u00e0druple de l&#039;Hotel Port 1730<\/li>\n<li>1 dia d&#039;esmorzar per a 4 persones (2 adults i 2 nens)<\/li>\n<li>1 dia d&#039;excursi\u00f3 (2h) amb raquetes de neu (guia, pals i asseguran\u00e7a incloses)- <strong>Guia Silvia Rovira<\/strong><\/li>\n<li>Late Check Out (subjecte a disponibilitat)<\/li>\n<\/ul>\n<p><strong><strong style=\"font-size: 16px;\"><b>L&#039;Hotel Port 1730:<\/b><\/strong><\/strong>\u00a0\u00e9s un familiar hotel de muntanya ubicat a l&#039;Estaci\u00f3 d&#039;esqu\u00ed del Port del Comte, ideal per a una escapada \u00fanica i inoblidable.<\/p>\n<p><strong><b>L&#039;habitaci\u00f3\u00a0<\/b><\/strong><strong>Qu\u00e0druple o familiar:\u00a0<\/strong>\u00e9s una c\u00f2moda i espaiosa habitaci\u00f3 d\u00b4uns 28m2, ideal per a 4 persones. Disposa d\u00b4un llit doble i 2 llits individuals i un bany complet privat amb banyera o dutxa. Habitaci\u00f3 molt tranquil \u00b7 la amb bones vistes a la muntanya oa l&#039;estaci\u00f3 de Port del Comte.<\/p>\n<p><strong style=\"font-size: 16px;\">Guia Silvia Rovira, raquetes de neu: <\/strong><strong>Ruta suau<\/strong> d&#039;un mat\u00ed, per la <strong>serra del Port del Comte,<\/strong>\u00a0passant pels llocs m\u00e9s emblem\u00e0tics, com el <strong>forat de la b\u00f2fia, els Prats de Bacies,<\/strong> entre boscos de pi negre amb bones vistes; <strong>ruta d\u00b4unes 2h.<\/strong><\/p>\n<p><strong>Disponibilitat: <\/strong><span class=\"OYPEnA text-decoration-none text-strikethrough-none\">Pack disponible temporada de neu. Aquest xec t\u00e9 caducitat de 1 any, a partir del dia de la compra.<\/span><\/p>\n<p><strong>Com rebr\u00e9 el xec? <\/strong>Un cop comprat el xec regal, rebr\u00e0s un val en format PDF pel correu electr\u00f2nic que ens hagis adjuntat.<\/p>\n<p><strong>Com puc bescanviar el Xec? <\/strong>Per bescanviar el bo i reservar, haur\u00e0s de trucar a l&#039;hotel al +34 972 753 092 o enviar un correu a info@hotelportdelcomte1730.com dient els dies que desitges fer la reserva. Tot seguit, rebr\u00e0s un correu confirmant la teva reserva.<\/p>","protected":false},"excerpt":{"rendered":"<p>Aconsegueix el teu Pack Escapada per a 4 persones (2 adults i 2 nens), amb ruta de muntanya amb raquetes de neu pel Port del Comte.<\/p>\n<p>Afegeix a la cistella 1 nit habitaci\u00f3 Qu\u00e0druple + Esmorzar + 1 dia d&#039;excursi\u00f3 (de 2h) i veur\u00e0s el preu autom\u00e0ticament.<\/p>","protected":false},"featured_media":5454,"comment_status":"closed","ping_status":"closed","template":"","meta":{"site-sidebar-layout":"default","site-content-layout":"default","ast-site-content-layout":"default","site-content-style":"default","site-sidebar-style":"default","ast-global-header-display":"","ast-banner-title-visibility":"","ast-main-header-display":"","ast-hfb-above-header-display":"","ast-hfb-below-header-display":"","ast-hfb-mobile-header-display":"","site-post-title":"","ast-breadcrumbs-content":"","ast-featured-img":"","footer-sml-layout":"","theme-transparent-header-meta":"default","adv-header-id-meta":"","stick-header-meta":"default","header-above-stick-meta":"","header-main-stick-meta":"","header-below-stick-meta":"","astra-migrate-meta-layouts":"set","ast-page-background-enabled":"default","ast-page-background-meta":{"desktop":{"background-color":"","background-image":"","background-repeat":"repeat","background-position":"center center","background-size":"auto","background-attachment":"scroll","background-type":"","background-media":"","overlay-type":"","overlay-color":"","overlay-gradient":""},"tablet":{"background-color":"","background-image":"","background-repeat":"repeat","background-position":"center center","background-size":"auto","background-attachment":"scroll","background-type":"","background-media":"","overlay-type":"","overlay-color":"","overlay-gradient":""},"mobile":{"background-color":"","background-image":"","background-repeat":"repeat","background-position":"center center","background-size":"auto","background-attachment":"scroll","background-type":"","background-media":"","overlay-type":"","overlay-color":"","overlay-gradient":""}},"ast-content-background-meta":{"desktop":{"background-color":"var(--ast-global-color-5)","background-image":"","background-repeat":"repeat","background-position":"center center","background-size":"auto","background-attachment":"scroll","background-type":"","background-media":"","overlay-type":"","overlay-color":"","overlay-gradient":""},"tablet":{"background-color":"var(--ast-global-color-5)","background-image":"","background-repeat":"repeat","background-position":"center center","background-size":"auto","background-attachment":"scroll","background-type":"","background-media":"","overlay-type":"","overlay-color":"","overlay-gradient":""},"mobile":{"background-color":"var(--ast-global-color-5)","background-image":"","background-repeat":"repeat","background-position":"center center","background-size":"auto","background-attachment":"scroll","background-type":"","background-media":"","overlay-type":"","overlay-color":"","overlay-gradient":""}}},"product_brand":[],"product_cat":[20],"product_tag":[],"class_list":{"0":"post-5484","1":"product","2":"type-product","3":"status-publish","4":"has-post-thumbnail","6":"product_cat-sin-categorizar","7":"desktop-align-left","8":"tablet-align-left","9":"mobile-align-left","10":"ast-product-gallery-layout-horizontal-slider","11":"ast-product-tabs-layout-horizontal","13":"first","14":"instock","15":"shipping-taxable","16":"purchasable","17":"product-type-simple"},"yoast_head":"<!-- This site is optimized with the Yoast SEO plugin v27.1.1 - https:\/\/yoast.com\/product\/yoast-seo-wordpress\/ -->\n<title>Escapada en familia y excursi\u00f3n raquetas nieve | Hotel Port 1730<\/title>\n<meta name=\"description\" content=\"Disfruta del Pack Escapada en familia con una excursi\u00f3n con raquetas nieve en Port del Comte. Ideal para los amantes de la naturaleza y la nieve.\" \/>\n<meta name=\"robots\" content=\"index, follow, max-snippet:-1, max-image-preview:large, max-video-preview:-1\" \/>\n<link rel=\"canonical\" href=\"https:\/\/hotelportdelcomte1730.com\/ca\/wp-json\/wp\/v2\/product\/5484\" \/>\n<meta property=\"og:locale\" content=\"ca_ES\" \/>\n<meta property=\"og:type\" content=\"article\" \/>\n<meta property=\"og:title\" content=\"Escapada en familia y excursi\u00f3n raquetas nieve | Hotel Port 1730\" \/>\n<meta property=\"og:description\" content=\"Disfruta del Pack Escapada en familia con una excursi\u00f3n con raquetas nieve en Port del Comte. Ideal para los amantes de la naturaleza y la nieve.\" \/>\n<meta property=\"og:url\" content=\"https:\/\/hotelportdelcomte1730.com\/ca\/producte\/pack-escapada-en-familia-excursion-raquetas-nieve\/\" \/>\n<meta property=\"og:site_name\" content=\"Hotel Port 1730 | Hotel Port Del Comte\" \/>\n<meta property=\"article:publisher\" content=\"https:\/\/www.facebook.com\/HotelPortdelComte1730\/\" \/>\n<meta property=\"article:modified_time\" content=\"2026-02-10T10:15:49+00:00\" \/>\n<meta property=\"og:image\" content=\"https:\/\/hotelportdelcomte1730.com\/wp-content\/uploads\/2025\/12\/20170129_115720.9.jpg\" \/>\n\t<meta property=\"og:image:width\" content=\"2048\" \/>\n\t<meta property=\"og:image:height\" content=\"1536\" \/>\n\t<meta property=\"og:image:type\" content=\"image\/jpeg\" \/>\n<meta name=\"twitter:card\" content=\"summary_large_image\" \/>\n<meta name=\"twitter:label1\" content=\"Temps estimat de lectura\" \/>\n\t<meta name=\"twitter:data1\" content=\"2 minuts\" \/>\n<script type=\"application\/ld+json\" class=\"yoast-schema-graph\">{\"@context\":\"https:\/\/schema.org\",\"@graph\":[{\"@type\":\"WebPage\",\"@id\":\"https:\/\/hotelportdelcomte1730.com\/producto\/pack-escapada-en-familia-excursion-raquetas-nieve\/\",\"url\":\"https:\/\/hotelportdelcomte1730.com\/producto\/pack-escapada-en-familia-excursion-raquetas-nieve\/\",\"name\":\"Escapada en familia y excursi\u00f3n raquetas nieve | Hotel Port 1730\",\"isPartOf\":{\"@id\":\"\/#website\"},\"primaryImageOfPage\":{\"@id\":\"https:\/\/hotelportdelcomte1730.com\/producto\/pack-escapada-en-familia-excursion-raquetas-nieve\/#primaryimage\"},\"image\":{\"@id\":\"https:\/\/hotelportdelcomte1730.com\/producto\/pack-escapada-en-familia-excursion-raquetas-nieve\/#primaryimage\"},\"thumbnailUrl\":\"https:\/\/hotelportdelcomte1730.com\/wp-content\/uploads\/2025\/12\/20170129_115720.9.jpg\",\"datePublished\":\"2025-12-15T12:47:50+00:00\",\"dateModified\":\"2026-02-10T10:15:49+00:00\",\"description\":\"Disfruta del Pack Escapada en familia con una excursi\u00f3n con raquetas nieve en Port del Comte. Ideal para los amantes de la naturaleza y la nieve.\",\"breadcrumb\":{\"@id\":\"https:\/\/hotelportdelcomte1730.com\/producto\/pack-escapada-en-familia-excursion-raquetas-nieve\/#breadcrumb\"},\"inLanguage\":\"ca\",\"potentialAction\":[{\"@type\":\"ReadAction\",\"target\":[\"https:\/\/hotelportdelcomte1730.com\/producto\/pack-escapada-en-familia-excursion-raquetas-nieve\/\"]}]},{\"@type\":\"ImageObject\",\"inLanguage\":\"ca\",\"@id\":\"https:\/\/hotelportdelcomte1730.com\/producto\/pack-escapada-en-familia-excursion-raquetas-nieve\/#primaryimage\",\"url\":\"https:\/\/hotelportdelcomte1730.com\/wp-content\/uploads\/2025\/12\/20170129_115720.9.jpg\",\"contentUrl\":\"https:\/\/hotelportdelcomte1730.com\/wp-content\/uploads\/2025\/12\/20170129_115720.9.jpg\",\"width\":2048,\"height\":1536,\"caption\":\"User comments\"},{\"@type\":\"BreadcrumbList\",\"@id\":\"https:\/\/hotelportdelcomte1730.com\/producto\/pack-escapada-en-familia-excursion-raquetas-nieve\/#breadcrumb\",\"itemListElement\":[{\"@type\":\"ListItem\",\"position\":1,\"name\":\"Portada\",\"item\":\"https:\/\/hotelportdelcomte1730.com\/\"},{\"@type\":\"ListItem\",\"position\":2,\"name\":\"Pack Escapada en familia + excursi\u00f3n raquetas nieve\"}]},{\"@type\":\"WebSite\",\"@id\":\"\/#website\",\"url\":\"\/\",\"name\":\"Hotel Port 1730 | Hotel Port del comte | Web oficial\",\"description\":\"El Hotel Port 1730 es un r\u00fastico y familiar hotel de monta\u00f1a que se encuentra en la Estaci\u00f3n de Esqu\u00ed del Port del Comte. Reserva aqu\u00ed.\",\"publisher\":{\"@id\":\"\/#organization\"},\"potentialAction\":[{\"@type\":\"SearchAction\",\"target\":{\"@type\":\"EntryPoint\",\"urlTemplate\":\"\/?s={search_term_string}\"},\"query-input\":{\"@type\":\"PropertyValueSpecification\",\"valueRequired\":true,\"valueName\":\"search_term_string\"}}],\"inLanguage\":\"ca\"},{\"@type\":\"Organization\",\"@id\":\"\/#organization\",\"name\":\"Hotel Port 1730 | Hotel Port del comte\",\"url\":\"\/\",\"logo\":{\"@type\":\"ImageObject\",\"inLanguage\":\"ca\",\"@id\":\"\/#\/schema\/logo\/image\/\",\"url\":\"https:\/\/hotelportdelcomte1730.com\/wp-content\/uploads\/2023\/06\/logo-Port-Compte-DEF-02.png\",\"contentUrl\":\"https:\/\/hotelportdelcomte1730.com\/wp-content\/uploads\/2023\/06\/logo-Port-Compte-DEF-02.png\",\"width\":1493,\"height\":793,\"caption\":\"Hotel Port 1730 | Hotel Port del comte\"},\"image\":{\"@id\":\"\/#\/schema\/logo\/image\/\"},\"sameAs\":[\"https:\/\/www.facebook.com\/HotelPortdelComte1730\/\",\"https:\/\/www.instagram.com\/hotelportdelcomte\/\"]}]}<\/script>\n<!-- \/ Yoast SEO plugin. -->","yoast_head_json":{"title":"Escapada amb fam\u00edlia i excursi\u00f3 raquetes neu | Hotel Port 1730","description":"Gaudeix del Pack Escapada en fam\u00edlia amb una excursi\u00f3 amb raquetes neu a Port del Comte. Ideal per als amants de la natura i la neu.","robots":{"index":"index","follow":"follow","max-snippet":"max-snippet:-1","max-image-preview":"max-image-preview:large","max-video-preview":"max-video-preview:-1"},"canonical":"https:\/\/hotelportdelcomte1730.com\/ca\/wp-json\/wp\/v2\/product\/5484","og_locale":"ca_ES","og_type":"article","og_title":"Escapada en familia y excursi\u00f3n raquetas nieve | Hotel Port 1730","og_description":"Disfruta del Pack Escapada en familia con una excursi\u00f3n con raquetas nieve en Port del Comte. Ideal para los amantes de la naturaleza y la nieve.","og_url":"https:\/\/hotelportdelcomte1730.com\/ca\/producte\/pack-escapada-en-familia-excursion-raquetas-nieve\/","og_site_name":"Hotel Port 1730 | Hotel Port Del Comte","article_publisher":"https:\/\/www.facebook.com\/HotelPortdelComte1730\/","article_modified_time":"2026-02-10T10:15:49+00:00","og_image":[{"width":2048,"height":1536,"url":"https:\/\/hotelportdelcomte1730.com\/wp-content\/uploads\/2025\/12\/20170129_115720.9.jpg","type":"image\/jpeg"}],"twitter_card":"summary_large_image","twitter_misc":{"Temps estimat de lectura":"2 minuts"},"schema":{"@context":"https:\/\/schema.org","@graph":[{"@type":"WebPage","@id":"https:\/\/hotelportdelcomte1730.com\/producto\/pack-escapada-en-familia-excursion-raquetas-nieve\/","url":"https:\/\/hotelportdelcomte1730.com\/producto\/pack-escapada-en-familia-excursion-raquetas-nieve\/","name":"Escapada amb fam\u00edlia i excursi\u00f3 raquetes neu | Hotel Port 1730","isPartOf":{"@id":"\/#website"},"primaryImageOfPage":{"@id":"https:\/\/hotelportdelcomte1730.com\/producto\/pack-escapada-en-familia-excursion-raquetas-nieve\/#primaryimage"},"image":{"@id":"https:\/\/hotelportdelcomte1730.com\/producto\/pack-escapada-en-familia-excursion-raquetas-nieve\/#primaryimage"},"thumbnailUrl":"https:\/\/hotelportdelcomte1730.com\/wp-content\/uploads\/2025\/12\/20170129_115720.9.jpg","datePublished":"2025-12-15T12:47:50+00:00","dateModified":"2026-02-10T10:15:49+00:00","description":"Gaudeix del Pack Escapada en fam\u00edlia amb una excursi\u00f3 amb raquetes neu a Port del Comte. Ideal per als amants de la natura i la neu.","breadcrumb":{"@id":"https:\/\/hotelportdelcomte1730.com\/producto\/pack-escapada-en-familia-excursion-raquetas-nieve\/#breadcrumb"},"inLanguage":"ca","potentialAction":[{"@type":"ReadAction","target":["https:\/\/hotelportdelcomte1730.com\/producto\/pack-escapada-en-familia-excursion-raquetas-nieve\/"]}]},{"@type":"ImageObject","inLanguage":"ca","@id":"https:\/\/hotelportdelcomte1730.com\/producto\/pack-escapada-en-familia-excursion-raquetas-nieve\/#primaryimage","url":"https:\/\/hotelportdelcomte1730.com\/wp-content\/uploads\/2025\/12\/20170129_115720.9.jpg","contentUrl":"https:\/\/hotelportdelcomte1730.com\/wp-content\/uploads\/2025\/12\/20170129_115720.9.jpg","width":2048,"height":1536,"caption":"User comments"},{"@type":"BreadcrumbList","@id":"https:\/\/hotelportdelcomte1730.com\/producto\/pack-escapada-en-familia-excursion-raquetas-nieve\/#breadcrumb","itemListElement":[{"@type":"ListItem","position":1,"name":"Portada","item":"https:\/\/hotelportdelcomte1730.com\/"},{"@type":"ListItem","position":2,"name":"Pack Escapada en familia + excursi\u00f3n raquetas nieve"}]},{"@type":"WebSite","@id":"\/#website","url":"\/","name":"Hotel Port 1730 | Hotel Port del comte | Web oficial","description":"L&#039;Hotel Port 1730 \u00e9s un r\u00fastic i familiar hotel de muntanya que es troba a l&#039;Estaci\u00f3 d&#039;Esqu\u00ed del Port del Comte. Reserva aqu\u00ed.","publisher":{"@id":"\/#organization"},"potentialAction":[{"@type":"SearchAction","target":{"@type":"EntryPoint","urlTemplate":"\/?s={search_term_string}"},"query-input":{"@type":"PropertyValueSpecification","valueRequired":true,"valueName":"search_term_string"}}],"inLanguage":"ca"},{"@type":"Organization","@id":"\/#organization","name":"Hotel Port 1730 | Hotel Port del comte","url":"\/","logo":{"@type":"ImageObject","inLanguage":"ca","@id":"\/#\/schema\/logo\/image\/","url":"https:\/\/hotelportdelcomte1730.com\/wp-content\/uploads\/2023\/06\/logo-Port-Compte-DEF-02.png","contentUrl":"https:\/\/hotelportdelcomte1730.com\/wp-content\/uploads\/2023\/06\/logo-Port-Compte-DEF-02.png","width":1493,"height":793,"caption":"Hotel Port 1730 | Hotel Port del comte"},"image":{"@id":"\/#\/schema\/logo\/image\/"},"sameAs":["https:\/\/www.facebook.com\/HotelPortdelComte1730\/","https:\/\/www.instagram.com\/hotelportdelcomte\/"]}]}},"_links":{"self":[{"href":"https:\/\/hotelportdelcomte1730.com\/ca\/wp-json\/wp\/v2\/product\/5484","targetHints":{"allow":["GET"]}}],"collection":[{"href":"https:\/\/hotelportdelcomte1730.com\/ca\/wp-json\/wp\/v2\/product"}],"about":[{"href":"https:\/\/hotelportdelcomte1730.com\/ca\/wp-json\/wp\/v2\/types\/product"}],"replies":[{"embeddable":true,"href":"https:\/\/hotelportdelcomte1730.com\/ca\/wp-json\/wp\/v2\/comments?post=5484"}],"wp:featuredmedia":[{"embeddable":true,"href":"https:\/\/hotelportdelcomte1730.com\/ca\/wp-json\/wp\/v2\/media\/5454"}],"wp:attachment":[{"href":"https:\/\/hotelportdelcomte1730.com\/ca\/wp-json\/wp\/v2\/media?parent=5484"}],"wp:term":[{"taxonomy":"product_brand","embeddable":true,"href":"https:\/\/hotelportdelcomte1730.com\/ca\/wp-json\/wp\/v2\/product_brand?post=5484"},{"taxonomy":"product_cat","embeddable":true,"href":"https:\/\/hotelportdelcomte1730.com\/ca\/wp-json\/wp\/v2\/product_cat?post=5484"},{"taxonomy":"product_tag","embeddable":true,"href":"https:\/\/hotelportdelcomte1730.com\/ca\/wp-json\/wp\/v2\/product_tag?post=5484"}],"curies":[{"name":"wp","href":"https:\/\/api.w.org\/{rel}","templated":true}]}}