{"id":3035,"date":"2023-06-15T10:00:26","date_gmt":"2023-06-15T10:00:26","guid":{"rendered":"https:\/\/hotelportdelcomte1730.com\/?page_id=3035"},"modified":"2026-02-19T12:28:50","modified_gmt":"2026-02-19T12:28:50","slug":"blog","status":"publish","type":"page","link":"https:\/\/hotelportdelcomte1730.com\/en\/blog\/","title":{"rendered":"Blog"},"content":{"rendered":"\t\t<div data-elementor-type=\"wp-page\" data-elementor-id=\"3035\" class=\"elementor elementor-3035\" data-elementor-post-type=\"page\">\n\t\t\t\t\t\t<section class=\"elementor-section elementor-top-section elementor-element elementor-element-9ca53bd elementor-section-boxed elementor-section-height-default elementor-section-height-default\" data-id=\"9ca53bd\" data-element_type=\"section\" data-e-type=\"section\">\n\t\t\t\t\t\t<div class=\"elementor-container elementor-column-gap-default\">\n\t\t\t\t\t<div class=\"elementor-column elementor-col-100 elementor-top-column elementor-element elementor-element-b551add\" data-id=\"b551add\" data-element_type=\"column\" data-e-type=\"column\">\n\t\t\t<div class=\"elementor-widget-wrap elementor-element-populated\">\n\t\t\t\t\t\t<div class=\"elementor-element elementor-element-f972340 elementor-widget elementor-widget-heading\" data-id=\"f972340\" data-element_type=\"widget\" data-e-type=\"widget\" data-widget_type=\"heading.default\">\n\t\t\t\t<div class=\"elementor-widget-container\">\n\t\t\t\t\t<h1 class=\"elementor-heading-title elementor-size-default\">Blog<\/h1>\t\t\t\t<\/div>\n\t\t\t\t<\/div>\n\t\t\t\t<div class=\"elementor-element elementor-element-0bb13e0 elementor-widget elementor-widget-elementskit-blog-posts\" data-id=\"0bb13e0\" data-element_type=\"widget\" data-e-type=\"widget\" data-widget_type=\"elementskit-blog-posts.default\">\n\t\t\t\t<div class=\"elementor-widget-container\">\n\t\t\t\t\t<div class=\"ekit-wid-con\" >        <div id=\"post-items--0bb13e0\" class=\"row post-items\">\n                    <div class=\"col-md-12\">\n\n                                    <div class=\"elementskit-blog-block-post\">\n                        <div class=\"row no-gutters\">\n                                                            <div class=\"col-md-6 order-1\">\n                                    <a href=\"https:\/\/hotelportdelcomte1730.com\/en\/port-del-comte-celebrar-el-dia-del-padre\/\" class=\"elementskit-entry-thumb\">\n                                        <img decoding=\"async\" src=\"https:\/\/hotelportdelcomte1730.com\/wp-content\/uploads\/2024\/02\/padre-caminando-con-nino-montana.jpg\" alt=\"La escapada ideal para celebrar el D\u00eda del Padre en plena naturaleza\">\n                                    <\/a><!-- .elementskit-entry-thumb END -->\n                                <\/div>\n                            \n                            <div class=\"col-md-6 order-2\">\n                                <div class=\"elementskit-post-body \">\n                                    <div class=\"elementskit-entry-header\">\n                                        \n                                                                                            \t\t\t\t\t                                            \n                                            \n                                                                                            \t\t\t\t<h2 class=\"entry-title\">\n\t\t\t\t\t<a href=\"https:\/\/hotelportdelcomte1730.com\/en\/port-del-comte-celebrar-el-dia-del-padre\/\">\n\t\t\t\t\t\tLa escapada ideal para celebrar el D\u00eda del Padre en plena naturaleza\t\t\t\t\t<\/a>\n\t\t\t\t<\/h2>\n\t\t\t                                                                                <\/div><!-- .elementskit-entry-header END -->\n\n                                                                            <div class=\"elementskit-post-footer\">\n                                                                                            <p>Port del Comte: La escapada ideal para celebrar el D\u00eda del Padre en plena naturaleza Descubre la Emoci\u00f3n del D\u00eda del Padre en Port del Comte: Naturaleza, Aventura y Tradici\u00f3n Catalana \u00a1Prep\u00e1rate para una jornada emocionante en Port del Comte mientras celebras el D\u00eda del Padre! Este destino ofrece un plan \u00fanico y lleno de [&hellip;]<\/p>\n                                                                                                                                <\/div><!-- .elementskit-post-footer END -->\n                                                                    <\/div><!-- .elementskit-post-body END -->\n                            <\/div>\n                        <\/div>\n                    <\/div><!-- .elementskit-blog-block-post .radius .gradient-bg END -->\n                \n            <\/div>\n                    <div class=\"col-md-12\">\n\n                                    <div class=\"elementskit-blog-block-post\">\n                        <div class=\"row no-gutters\">\n                                                            <div class=\"col-md-6 order-1\">\n                                    <a href=\"https:\/\/hotelportdelcomte1730.com\/en\/missio-lluna-plena\/\" class=\"elementskit-entry-thumb\">\n                                        <img decoding=\"async\" src=\"https:\/\/hotelportdelcomte1730.com\/wp-content\/uploads\/2024\/01\/WhatsApp-Image-2024-01-17-at-15.38.29.jpeg\" alt=\"Missi\u00f3 Lluna Plena\">\n                                    <\/a><!-- .elementskit-entry-thumb END -->\n                                <\/div>\n                            \n                            <div class=\"col-md-6 order-2\">\n                                <div class=\"elementskit-post-body \">\n                                    <div class=\"elementskit-entry-header\">\n                                        \n                                                                                            \t\t\t\t\t                                            \n                                            \n                                                                                            \t\t\t\t<h2 class=\"entry-title\">\n\t\t\t\t\t<a href=\"https:\/\/hotelportdelcomte1730.com\/en\/missio-lluna-plena\/\">\n\t\t\t\t\t\tMissi\u00f3 Lluna Plena\t\t\t\t\t<\/a>\n\t\t\t\t<\/h2>\n\t\t\t                                                                                <\/div><!-- .elementskit-entry-header END -->\n\n                                                                            <div class=\"elementskit-post-footer\">\n                                                                                            <p>Viviendo la Magia de la Nieve en Port del Comte: Missi\u00f3 Lluna Plena \u00a1Prep\u00e1rate para una experiencia inolvidable en el Port del Comte el pr\u00f3ximo s\u00e1bado 27 de enero! La Missi\u00f3 Lluna Plena te invita a sumergirte en la belleza de la monta\u00f1a, combinando aventura, gastronom\u00eda y diversi\u00f3n bajo la luz de la luna llena. [&hellip;]<\/p>\n                                                                                                                                <\/div><!-- .elementskit-post-footer END -->\n                                                                    <\/div><!-- .elementskit-post-body END -->\n                            <\/div>\n                        <\/div>\n                    <\/div><!-- .elementskit-blog-block-post .radius .gradient-bg END -->\n                \n            <\/div>\n                    <div class=\"col-md-12\">\n\n                                    <div class=\"elementskit-blog-block-post\">\n                        <div class=\"row no-gutters\">\n                                                            <div class=\"col-md-6 order-1\">\n                                    <a href=\"https:\/\/hotelportdelcomte1730.com\/en\/actividades-invierno-en-port-del-comte\/\" class=\"elementskit-entry-thumb\">\n                                        <img decoding=\"async\" src=\"https:\/\/hotelportdelcomte1730.com\/wp-content\/uploads\/2024\/03\/WhatsApp-Image-2024-01-11-at-12.01.05-1024x768.jpeg\" alt=\"Descubre todas las actividades de invierno en Port del Comte\">\n                                    <\/a><!-- .elementskit-entry-thumb END -->\n                                <\/div>\n                            \n                            <div class=\"col-md-6 order-2\">\n                                <div class=\"elementskit-post-body \">\n                                    <div class=\"elementskit-entry-header\">\n                                        \n                                                                                            \t\t\t\t\t                                            \n                                            \n                                                                                            \t\t\t\t<h2 class=\"entry-title\">\n\t\t\t\t\t<a href=\"https:\/\/hotelportdelcomte1730.com\/en\/actividades-invierno-en-port-del-comte\/\">\n\t\t\t\t\t\tDescubre todas las actividades de invierno en Port del Comte\t\t\t\t\t<\/a>\n\t\t\t\t<\/h2>\n\t\t\t                                                                                <\/div><!-- .elementskit-entry-header END -->\n\n                                                                            <div class=\"elementskit-post-footer\">\n                                                                                            <p>Descubre todas las actividades de invierno en Port del Comte La estaci\u00f3n Port del Comte es una estaci\u00f3n de esqu\u00ed alpino situada en el\u00a0Prepirineo catal\u00e1n, en la Vall de Lord, en la comarca del Solson\u00e8s. Gracias a su ubicaci\u00f3n es una de las estaciones m\u00e1s cercanas a\u00a0Barcelona. Es la estaci\u00f3n perfecta si lo que buscamos [&hellip;]<\/p>\n                                                                                                                                <\/div><!-- .elementskit-post-footer END -->\n                                                                    <\/div><!-- .elementskit-post-body END -->\n                            <\/div>\n                        <\/div>\n                    <\/div><!-- .elementskit-blog-block-post .radius .gradient-bg END -->\n                \n            <\/div>\n                    <div class=\"col-md-12\">\n\n                                    <div class=\"elementskit-blog-block-post\">\n                        <div class=\"row no-gutters\">\n                                                            <div class=\"col-md-6 order-1\">\n                                    <a href=\"https:\/\/hotelportdelcomte1730.com\/en\/como-llegar-al-port-del-comte\/\" class=\"elementskit-entry-thumb\">\n                                        <img decoding=\"async\" src=\"https:\/\/hotelportdelcomte1730.com\/wp-content\/uploads\/2023\/07\/estacio1-1024x768.jpg\" alt=\"\u00bfC\u00f3mo llegar al Port del Comte?\">\n                                    <\/a><!-- .elementskit-entry-thumb END -->\n                                <\/div>\n                            \n                            <div class=\"col-md-6 order-2\">\n                                <div class=\"elementskit-post-body \">\n                                    <div class=\"elementskit-entry-header\">\n                                        \n                                                                                            \t\t\t\t\t                                            \n                                            \n                                                                                            \t\t\t\t<h2 class=\"entry-title\">\n\t\t\t\t\t<a href=\"https:\/\/hotelportdelcomte1730.com\/en\/como-llegar-al-port-del-comte\/\">\n\t\t\t\t\t\t\u00bfC\u00f3mo llegar al Port del Comte?\t\t\t\t\t<\/a>\n\t\t\t\t<\/h2>\n\t\t\t                                                                                <\/div><!-- .elementskit-entry-header END -->\n\n                                                                            <div class=\"elementskit-post-footer\">\n                                                                                            <p>\u00bfC\u00f3mo llegar al Port del Comte? La&nbsp;estaci\u00f3n de esqu\u00ed Port del Comte&nbsp;es visitada cada a\u00f1o por aficionados al esqu\u00ed y gente que quiere disfrutar de unas buenas vacaciones en el&nbsp;Hotel Port 1730, el cual est\u00e1 a pie de pista de la estaci\u00f3n. En conjunto, y con la ayuda del incre\u00edble entorno de monta\u00f1as y el [&hellip;]<\/p>\n                                                                                                                                <\/div><!-- .elementskit-post-footer END -->\n                                                                    <\/div><!-- .elementskit-post-body END -->\n                            <\/div>\n                        <\/div>\n                    <\/div><!-- .elementskit-blog-block-post .radius .gradient-bg END -->\n                \n            <\/div>\n                <\/div>\n       <\/div>\t\t\t\t<\/div>\n\t\t\t\t<\/div>\n\t\t\t\t\t<\/div>\n\t\t<\/div>\n\t\t\t\t\t<\/div>\n\t\t<\/section>\n\t\t\t\t<\/div>\n\t\t","protected":false},"excerpt":{"rendered":"<p>Blog La escapada ideal para celebrar el D\u00eda del Padre en plena naturaleza Port del Comte: La escapada ideal para celebrar el D\u00eda del Padre en plena naturaleza Descubre la Emoci\u00f3n del D\u00eda del Padre en Port del Comte: Naturaleza, Aventura y Tradici\u00f3n Catalana \u00a1Prep\u00e1rate para una jornada emocionante en Port del Comte mientras celebras [&hellip;]<\/p>\n","protected":false},"author":2,"featured_media":3444,"parent":0,"menu_order":0,"comment_status":"closed","ping_status":"closed","template":"","meta":{"site-sidebar-layout":"no-sidebar","site-content-layout":"page-builder","ast-site-content-layout":"full-width-container","site-content-style":"unboxed","site-sidebar-style":"unboxed","ast-global-header-display":"","ast-banner-title-visibility":"","ast-main-header-display":"","ast-hfb-above-header-display":"","ast-hfb-below-header-display":"","ast-hfb-mobile-header-display":"","site-post-title":"disabled","ast-breadcrumbs-content":"","ast-featured-img":"disabled","footer-sml-layout":"","theme-transparent-header-meta":"","adv-header-id-meta":"","stick-header-meta":"","header-above-stick-meta":"","header-main-stick-meta":"","header-below-stick-meta":"","astra-migrate-meta-layouts":"set","ast-page-background-enabled":"default","ast-page-background-meta":{"desktop":{"background-color":"","background-image":"","background-repeat":"repeat","background-position":"center center","background-size":"auto","background-attachment":"scroll","background-type":"","background-media":"","overlay-type":"","overlay-color":"","overlay-gradient":""},"tablet":{"background-color":"","background-image":"","background-repeat":"repeat","background-position":"center center","background-size":"auto","background-attachment":"scroll","background-type":"","background-media":"","overlay-type":"","overlay-color":"","overlay-gradient":""},"mobile":{"background-color":"","background-image":"","background-repeat":"repeat","background-position":"center center","background-size":"auto","background-attachment":"scroll","background-type":"","background-media":"","overlay-type":"","overlay-color":"","overlay-gradient":""}},"ast-content-background-meta":{"desktop":{"background-color":"var(--ast-global-color-5)","background-image":"","background-repeat":"repeat","background-position":"center center","background-size":"auto","background-attachment":"scroll","background-type":"","background-media":"","overlay-type":"","overlay-color":"","overlay-gradient":""},"tablet":{"background-color":"var(--ast-global-color-5)","background-image":"","background-repeat":"repeat","background-position":"center center","background-size":"auto","background-attachment":"scroll","background-type":"","background-media":"","overlay-type":"","overlay-color":"","overlay-gradient":""},"mobile":{"background-color":"var(--ast-global-color-5)","background-image":"","background-repeat":"repeat","background-position":"center center","background-size":"auto","background-attachment":"scroll","background-type":"","background-media":"","overlay-type":"","overlay-color":"","overlay-gradient":""}},"footnotes":""},"class_list":["post-3035","page","type-page","status-publish","has-post-thumbnail","hentry"],"yoast_head":"<!-- This site is optimized with the Yoast SEO plugin v27.1.1 - https:\/\/yoast.com\/product\/yoast-seo-wordpress\/ -->\n<title>Blog | Hotel en Port del Comte<\/title>\n<meta name=\"description\" content=\"Descubre el blog del Hotel Port del Comte 1730: escapadas, naturaleza, actividades en la monta\u00f1a y planes en familia en el Pirineo. Insp\u00edrate y prepara tu pr\u00f3xima estancia.\" \/>\n<meta name=\"robots\" content=\"index, follow, max-snippet:-1, max-image-preview:large, max-video-preview:-1\" \/>\n<link rel=\"canonical\" href=\"https:\/\/hotelportdelcomte1730.com\/en\/wp-json\/wp\/v2\/pages\/3035\" \/>\n<meta property=\"og:locale\" content=\"en_GB\" \/>\n<meta property=\"og:type\" content=\"article\" \/>\n<meta property=\"og:title\" content=\"Blog | Hotel en Port del Comte\" \/>\n<meta property=\"og:description\" content=\"Descubre el blog del Hotel Port del Comte 1730: escapadas, naturaleza, actividades en la monta\u00f1a y planes en familia en el Pirineo. Insp\u00edrate y prepara tu pr\u00f3xima estancia.\" \/>\n<meta property=\"og:url\" content=\"https:\/\/hotelportdelcomte1730.com\/en\/blog\/\" \/>\n<meta property=\"og:site_name\" content=\"Hotel Port 1730 | Hotel Port Del Comte\" \/>\n<meta property=\"article:publisher\" content=\"https:\/\/www.facebook.com\/HotelPortdelComte1730\/\" \/>\n<meta property=\"article:modified_time\" content=\"2026-02-19T12:28:50+00:00\" \/>\n<meta property=\"og:image\" content=\"https:\/\/hotelportdelcomte1730.com\/wp-content\/uploads\/2023\/09\/WhatsApp-Image-2023-07-03-at-16.32.32-3.jpeg\" \/>\n\t<meta property=\"og:image:width\" content=\"1024\" \/>\n\t<meta property=\"og:image:height\" content=\"768\" \/>\n\t<meta property=\"og:image:type\" content=\"image\/jpeg\" \/>\n<meta name=\"twitter:card\" content=\"summary_large_image\" \/>\n<meta name=\"twitter:label1\" content=\"Estimated reading time\" \/>\n\t<meta name=\"twitter:data1\" content=\"4 minutes\" \/>\n<script type=\"application\/ld+json\" class=\"yoast-schema-graph\">{\"@context\":\"https:\/\/schema.org\",\"@graph\":[{\"@type\":\"WebPage\",\"@id\":\"https:\/\/hotelportdelcomte1730.com\/blog\/\",\"url\":\"https:\/\/hotelportdelcomte1730.com\/blog\/\",\"name\":\"Blog | Hotel en Port del Comte\",\"isPartOf\":{\"@id\":\"\/#website\"},\"primaryImageOfPage\":{\"@id\":\"https:\/\/hotelportdelcomte1730.com\/blog\/#primaryimage\"},\"image\":{\"@id\":\"https:\/\/hotelportdelcomte1730.com\/blog\/#primaryimage\"},\"thumbnailUrl\":\"https:\/\/hotelportdelcomte1730.com\/wp-content\/uploads\/2023\/09\/WhatsApp-Image-2023-07-03-at-16.32.32-3.jpeg\",\"datePublished\":\"2023-06-15T10:00:26+00:00\",\"dateModified\":\"2026-02-19T12:28:50+00:00\",\"description\":\"Descubre el blog del Hotel Port del Comte 1730: escapadas, naturaleza, actividades en la monta\u00f1a y planes en familia en el Pirineo. Insp\u00edrate y prepara tu pr\u00f3xima estancia.\",\"breadcrumb\":{\"@id\":\"https:\/\/hotelportdelcomte1730.com\/blog\/#breadcrumb\"},\"inLanguage\":\"en-GB\",\"potentialAction\":[{\"@type\":\"ReadAction\",\"target\":[\"https:\/\/hotelportdelcomte1730.com\/blog\/\"]}]},{\"@type\":\"ImageObject\",\"inLanguage\":\"en-GB\",\"@id\":\"https:\/\/hotelportdelcomte1730.com\/blog\/#primaryimage\",\"url\":\"https:\/\/hotelportdelcomte1730.com\/wp-content\/uploads\/2023\/09\/WhatsApp-Image-2023-07-03-at-16.32.32-3.jpeg\",\"contentUrl\":\"https:\/\/hotelportdelcomte1730.com\/wp-content\/uploads\/2023\/09\/WhatsApp-Image-2023-07-03-at-16.32.32-3.jpeg\",\"width\":1024,\"height\":768},{\"@type\":\"BreadcrumbList\",\"@id\":\"https:\/\/hotelportdelcomte1730.com\/blog\/#breadcrumb\",\"itemListElement\":[{\"@type\":\"ListItem\",\"position\":1,\"name\":\"Portada\",\"item\":\"https:\/\/hotelportdelcomte1730.com\/\"},{\"@type\":\"ListItem\",\"position\":2,\"name\":\"Blog\"}]},{\"@type\":\"WebSite\",\"@id\":\"\/#website\",\"url\":\"\/\",\"name\":\"Hotel Port 1730 | Hotel Port del comte | Web oficial\",\"description\":\"El Hotel Port 1730 es un r\u00fastico y familiar hotel de monta\u00f1a que se encuentra en la Estaci\u00f3n de Esqu\u00ed del Port del Comte. Reserva aqu\u00ed.\",\"publisher\":{\"@id\":\"\/#organization\"},\"potentialAction\":[{\"@type\":\"SearchAction\",\"target\":{\"@type\":\"EntryPoint\",\"urlTemplate\":\"\/?s={search_term_string}\"},\"query-input\":{\"@type\":\"PropertyValueSpecification\",\"valueRequired\":true,\"valueName\":\"search_term_string\"}}],\"inLanguage\":\"en-GB\"},{\"@type\":\"Organization\",\"@id\":\"\/#organization\",\"name\":\"Hotel Port 1730 | Hotel Port del comte\",\"url\":\"\/\",\"logo\":{\"@type\":\"ImageObject\",\"inLanguage\":\"en-GB\",\"@id\":\"\/#\/schema\/logo\/image\/\",\"url\":\"https:\/\/hotelportdelcomte1730.com\/wp-content\/uploads\/2023\/06\/logo-Port-Compte-DEF-02.png\",\"contentUrl\":\"https:\/\/hotelportdelcomte1730.com\/wp-content\/uploads\/2023\/06\/logo-Port-Compte-DEF-02.png\",\"width\":1493,\"height\":793,\"caption\":\"Hotel Port 1730 | Hotel Port del comte\"},\"image\":{\"@id\":\"\/#\/schema\/logo\/image\/\"},\"sameAs\":[\"https:\/\/www.facebook.com\/HotelPortdelComte1730\/\",\"https:\/\/www.instagram.com\/hotelportdelcomte\/\"]}]}<\/script>\n<!-- \/ Yoast SEO plugin. -->","yoast_head_json":{"title":"Blog | Hotel in Port del Comte","description":"Discover the Hotel Port del Comte 1730 blog: getaways, nature, mountain activities, and family plans in the Pyrenees. Get inspired and plan your next stay.","robots":{"index":"index","follow":"follow","max-snippet":"max-snippet:-1","max-image-preview":"max-image-preview:large","max-video-preview":"max-video-preview:-1"},"canonical":"https:\/\/hotelportdelcomte1730.com\/en\/wp-json\/wp\/v2\/pages\/3035","og_locale":"en_GB","og_type":"article","og_title":"Blog | Hotel en Port del Comte","og_description":"Descubre el blog del Hotel Port del Comte 1730: escapadas, naturaleza, actividades en la monta\u00f1a y planes en familia en el Pirineo. Insp\u00edrate y prepara tu pr\u00f3xima estancia.","og_url":"https:\/\/hotelportdelcomte1730.com\/en\/blog\/","og_site_name":"Hotel Port 1730 | Hotel Port Del Comte","article_publisher":"https:\/\/www.facebook.com\/HotelPortdelComte1730\/","article_modified_time":"2026-02-19T12:28:50+00:00","og_image":[{"width":1024,"height":768,"url":"https:\/\/hotelportdelcomte1730.com\/wp-content\/uploads\/2023\/09\/WhatsApp-Image-2023-07-03-at-16.32.32-3.jpeg","type":"image\/jpeg"}],"twitter_card":"summary_large_image","twitter_misc":{"Estimated reading time":"4 minutes"},"schema":{"@context":"https:\/\/schema.org","@graph":[{"@type":"WebPage","@id":"https:\/\/hotelportdelcomte1730.com\/blog\/","url":"https:\/\/hotelportdelcomte1730.com\/blog\/","name":"Blog | Hotel in Port del Comte","isPartOf":{"@id":"\/#website"},"primaryImageOfPage":{"@id":"https:\/\/hotelportdelcomte1730.com\/blog\/#primaryimage"},"image":{"@id":"https:\/\/hotelportdelcomte1730.com\/blog\/#primaryimage"},"thumbnailUrl":"https:\/\/hotelportdelcomte1730.com\/wp-content\/uploads\/2023\/09\/WhatsApp-Image-2023-07-03-at-16.32.32-3.jpeg","datePublished":"2023-06-15T10:00:26+00:00","dateModified":"2026-02-19T12:28:50+00:00","description":"Discover the Hotel Port del Comte 1730 blog: getaways, nature, mountain activities, and family plans in the Pyrenees. Get inspired and plan your next stay.","breadcrumb":{"@id":"https:\/\/hotelportdelcomte1730.com\/blog\/#breadcrumb"},"inLanguage":"en-GB","potentialAction":[{"@type":"ReadAction","target":["https:\/\/hotelportdelcomte1730.com\/blog\/"]}]},{"@type":"ImageObject","inLanguage":"en-GB","@id":"https:\/\/hotelportdelcomte1730.com\/blog\/#primaryimage","url":"https:\/\/hotelportdelcomte1730.com\/wp-content\/uploads\/2023\/09\/WhatsApp-Image-2023-07-03-at-16.32.32-3.jpeg","contentUrl":"https:\/\/hotelportdelcomte1730.com\/wp-content\/uploads\/2023\/09\/WhatsApp-Image-2023-07-03-at-16.32.32-3.jpeg","width":1024,"height":768},{"@type":"BreadcrumbList","@id":"https:\/\/hotelportdelcomte1730.com\/blog\/#breadcrumb","itemListElement":[{"@type":"ListItem","position":1,"name":"Portada","item":"https:\/\/hotelportdelcomte1730.com\/"},{"@type":"ListItem","position":2,"name":"Blog"}]},{"@type":"WebSite","@id":"\/#website","url":"\/","name":"Hotel Port 1730 | Hotel Port del Comte | Official Website","description":"The Port 1730 Hotel is a rustic and family-friendly mountain hotel located in the Port del Comte Ski Resort. Reserve here.","publisher":{"@id":"\/#organization"},"potentialAction":[{"@type":"SearchAction","target":{"@type":"EntryPoint","urlTemplate":"\/?s={search_term_string}"},"query-input":{"@type":"PropertyValueSpecification","valueRequired":true,"valueName":"search_term_string"}}],"inLanguage":"en-GB"},{"@type":"Organization","@id":"\/#organization","name":"Hotel Port 1730 | Hotel Port del Comte","url":"\/","logo":{"@type":"ImageObject","inLanguage":"en-GB","@id":"\/#\/schema\/logo\/image\/","url":"https:\/\/hotelportdelcomte1730.com\/wp-content\/uploads\/2023\/06\/logo-Port-Compte-DEF-02.png","contentUrl":"https:\/\/hotelportdelcomte1730.com\/wp-content\/uploads\/2023\/06\/logo-Port-Compte-DEF-02.png","width":1493,"height":793,"caption":"Hotel Port 1730 | Hotel Port del comte"},"image":{"@id":"\/#\/schema\/logo\/image\/"},"sameAs":["https:\/\/www.facebook.com\/HotelPortdelComte1730\/","https:\/\/www.instagram.com\/hotelportdelcomte\/"]}]}},"_links":{"self":[{"href":"https:\/\/hotelportdelcomte1730.com\/en\/wp-json\/wp\/v2\/pages\/3035","targetHints":{"allow":["GET"]}}],"collection":[{"href":"https:\/\/hotelportdelcomte1730.com\/en\/wp-json\/wp\/v2\/pages"}],"about":[{"href":"https:\/\/hotelportdelcomte1730.com\/en\/wp-json\/wp\/v2\/types\/page"}],"author":[{"embeddable":true,"href":"https:\/\/hotelportdelcomte1730.com\/en\/wp-json\/wp\/v2\/users\/2"}],"replies":[{"embeddable":true,"href":"https:\/\/hotelportdelcomte1730.com\/en\/wp-json\/wp\/v2\/comments?post=3035"}],"version-history":[{"count":15,"href":"https:\/\/hotelportdelcomte1730.com\/en\/wp-json\/wp\/v2\/pages\/3035\/revisions"}],"predecessor-version":[{"id":5708,"href":"https:\/\/hotelportdelcomte1730.com\/en\/wp-json\/wp\/v2\/pages\/3035\/revisions\/5708"}],"wp:featuredmedia":[{"embeddable":true,"href":"https:\/\/hotelportdelcomte1730.com\/en\/wp-json\/wp\/v2\/media\/3444"}],"wp:attachment":[{"href":"https:\/\/hotelportdelcomte1730.com\/en\/wp-json\/wp\/v2\/media?parent=3035"}],"curies":[{"name":"wp","href":"https:\/\/api.w.org\/{rel}","templated":true}]}}