{"id":3657,"date":"2023-10-30T16:06:57","date_gmt":"2023-10-30T16:06:57","guid":{"rendered":"https:\/\/hotelportdelcomte1730.com\/?post_type=product&#038;p=3657"},"modified":"2026-02-10T10:21:32","modified_gmt":"2026-02-10T10:21:32","slug":"pack-escapada-en-media-pension","status":"publish","type":"product","link":"https:\/\/hotelportdelcomte1730.com\/en\/product\/pack-escapada-en-media-pension\/","title":{"rendered":"Couples Getaway Pack with Half Board"},"content":{"rendered":"<h2>What is included in our Couples Getaway Pack with Half Board?<\/h2>\n<ul>\n<li>1 night in a Double Room at the Port 1730 Hotel<\/li>\n<li>Breakfast for 2 people<\/li>\n<li>Dinner for 2 people<\/li>\n<li>Late Check Out (subject to availability)<\/li>\n<\/ul>\n<p><strong><strong style=\"font-size: 16px;\"><b>The Port 1730 Hotel: <\/b><\/strong><\/strong>is a family mountain hotel located in the Port del Comte ski resort, ideal for a unique and unforgettable getaway.<\/p>\n<p><strong>The Port 1730 Restaurant: <\/strong>It is the perfect place to enjoy a unique gastronomic experience with traditional dishes from the region, fresh ingredients and a cozy atmosphere. In addition, our specialty is grilled cuisine and delicious homemade desserts.<\/p>\n<p><strong style=\"font-size: 16px;\"><b>The room <\/b><\/strong><strong style=\"font-size: 16px;\">Double: <\/strong>Room of 20-22 m\u00b2, with a double bed, perfect for 2 people. It has a full private bathroom with shower or bathtub and beautiful views of Lord&#039;s Valley.<\/p>\n<p><strong>Availability: <\/strong>Pack available all year round, depending on the season you have chosen. <span class=\"OYPEnA text-decoration-none text-strikethrough-none\">This Check has an expiration of 1 year, from the day of purchase.<\/span><\/p>\n<p><strong>How will I receive the Bonus? <\/strong>Once the gift voucher has been purchased, you will receive a Voucher in PDF format by email that you have attached to us.<\/p>\n<p><strong>How can I redeem the Bonus? <\/strong>To redeem the voucher and make a reservation, you will have to call the hotel at +34 972 753 092 or send an email to info@hotelportdelcomte1730.com saying the days you want to make the reservation. Next, you will receive an email confirming your reservation.<\/p>\n<p><strong><span class=\"OYPEnA text-decoration-none text-strikethrough-none\">**<\/span><span class=\"OYPEnA text-decoration-none text-strikethrough-none\">High season<\/span><\/strong><span class=\"OYPEnA text-decoration-none text-strikethrough-none\">: Christmas, Pur\u00edsima and Easter.<\/span> <strong><span class=\"OYPEnA text-decoration-none text-strikethrough-none\">mid season<\/span><\/strong><span class=\"OYPEnA text-decoration-none text-strikethrough-none\">: (weekend) January (except Christmas), February, March and all of August.<\/span>\u00a0<strong><span class=\"OYPEnA text-decoration-none text-strikethrough-none\">December mid season:<\/span><\/strong><span class=\"OYPEnA text-decoration-none text-strikethrough-none\"> the entire month of December (except Christmas and Pur\u00edsima).<\/span>\u00a0<strong><span class=\"OYPEnA text-decoration-none text-strikethrough-none\">Low season<\/span><\/strong><span class=\"OYPEnA text-decoration-none text-strikethrough-none\">: from April to November (except Easter and August).<\/span><\/p>","protected":false},"excerpt":{"rendered":"<p>Get your Half Board Getaway Pack for Couples at the Port 1730 Hotel. Ideal to disconnect and enjoy a getaway with your partner in Port del Comte and a dinner at the Port 1730 Restaurant.<\/p>\n<p>Choose the season you prefer and you will see the price automatically.<\/p>","protected":false},"featured_media":3478,"comment_status":"closed","ping_status":"closed","template":"","meta":{"site-sidebar-layout":"default","site-content-layout":"default","ast-site-content-layout":"default","site-content-style":"default","site-sidebar-style":"default","ast-global-header-display":"","ast-banner-title-visibility":"","ast-main-header-display":"","ast-hfb-above-header-display":"","ast-hfb-below-header-display":"","ast-hfb-mobile-header-display":"","site-post-title":"","ast-breadcrumbs-content":"","ast-featured-img":"","footer-sml-layout":"","theme-transparent-header-meta":"default","adv-header-id-meta":"","stick-header-meta":"default","header-above-stick-meta":"","header-main-stick-meta":"","header-below-stick-meta":"","astra-migrate-meta-layouts":"set","ast-page-background-enabled":"default","ast-page-background-meta":{"desktop":{"background-color":"","background-image":"","background-repeat":"repeat","background-position":"center center","background-size":"auto","background-attachment":"scroll","background-type":"","background-media":"","overlay-type":"","overlay-color":"","overlay-gradient":""},"tablet":{"background-color":"","background-image":"","background-repeat":"repeat","background-position":"center center","background-size":"auto","background-attachment":"scroll","background-type":"","background-media":"","overlay-type":"","overlay-color":"","overlay-gradient":""},"mobile":{"background-color":"","background-image":"","background-repeat":"repeat","background-position":"center center","background-size":"auto","background-attachment":"scroll","background-type":"","background-media":"","overlay-type":"","overlay-color":"","overlay-gradient":""}},"ast-content-background-meta":{"desktop":{"background-color":"var(--ast-global-color-5)","background-image":"","background-repeat":"repeat","background-position":"center center","background-size":"auto","background-attachment":"scroll","background-type":"","background-media":"","overlay-type":"","overlay-color":"","overlay-gradient":""},"tablet":{"background-color":"var(--ast-global-color-5)","background-image":"","background-repeat":"repeat","background-position":"center center","background-size":"auto","background-attachment":"scroll","background-type":"","background-media":"","overlay-type":"","overlay-color":"","overlay-gradient":""},"mobile":{"background-color":"var(--ast-global-color-5)","background-image":"","background-repeat":"repeat","background-position":"center center","background-size":"auto","background-attachment":"scroll","background-type":"","background-media":"","overlay-type":"","overlay-color":"","overlay-gradient":""}}},"product_brand":[],"product_cat":[20],"product_tag":[],"class_list":{"0":"post-3657","1":"product","2":"type-product","3":"status-publish","4":"has-post-thumbnail","6":"product_cat-sin-categorizar","7":"desktop-align-left","8":"tablet-align-left","9":"mobile-align-left","10":"ast-product-gallery-layout-horizontal-slider","11":"ast-product-single-variable","12":"ast-product-tabs-layout-horizontal","14":"first","15":"instock","16":"shipping-taxable","17":"purchasable","18":"product-type-variable"},"yoast_head":"<!-- This site is optimized with the Yoast SEO plugin v27.1.1 - https:\/\/yoast.com\/product\/yoast-seo-wordpress\/ -->\n<title>Pack Escapada en Media Pensi\u00f3n | Hotel Port 1730 | Pack Regalo<\/title>\n<meta name=\"description\" content=\"Disfruta del Pack Escapada en Pareja con Media Pensi\u00f3n del Hotel Port 1730. Ideal para vivir una experiencia \u00fanica e inolvidable con tu pareja.\" \/>\n<meta name=\"robots\" content=\"index, follow, max-snippet:-1, max-image-preview:large, max-video-preview:-1\" \/>\n<link rel=\"canonical\" href=\"https:\/\/hotelportdelcomte1730.com\/en\/wp-json\/wp\/v2\/product\/3657\" \/>\n<meta property=\"og:locale\" content=\"en_GB\" \/>\n<meta property=\"og:type\" content=\"article\" \/>\n<meta property=\"og:title\" content=\"Pack Escapada en Media Pensi\u00f3n | Hotel Port 1730 | Pack Regalo\" \/>\n<meta property=\"og:description\" content=\"Disfruta del Pack Escapada en Pareja con Media Pensi\u00f3n del Hotel Port 1730. Ideal para vivir una experiencia \u00fanica e inolvidable con tu pareja.\" \/>\n<meta property=\"og:url\" content=\"https:\/\/hotelportdelcomte1730.com\/en\/product\/pack-escapada-en-media-pension\/\" \/>\n<meta property=\"og:site_name\" content=\"Hotel Port 1730 | Hotel Port Del Comte\" \/>\n<meta property=\"article:publisher\" content=\"https:\/\/www.facebook.com\/HotelPortdelComte1730\/\" \/>\n<meta property=\"article:modified_time\" content=\"2026-02-10T10:21:32+00:00\" \/>\n<meta property=\"og:image\" content=\"https:\/\/hotelportdelcomte1730.com\/wp-content\/uploads\/2023\/09\/20230124_PortdelComte_175-1024x683.jpg\" \/>\n\t<meta property=\"og:image:width\" content=\"1024\" \/>\n\t<meta property=\"og:image:height\" content=\"683\" \/>\n\t<meta property=\"og:image:type\" content=\"image\/jpeg\" \/>\n<meta name=\"twitter:card\" content=\"summary_large_image\" \/>\n<meta name=\"twitter:label1\" content=\"Estimated reading time\" \/>\n\t<meta name=\"twitter:data1\" content=\"2 minutes\" \/>\n<script type=\"application\/ld+json\" class=\"yoast-schema-graph\">{\"@context\":\"https:\/\/schema.org\",\"@graph\":[{\"@type\":\"WebPage\",\"@id\":\"https:\/\/hotelportdelcomte1730.com\/producto\/pack-escapada-en-media-pension\/\",\"url\":\"https:\/\/hotelportdelcomte1730.com\/producto\/pack-escapada-en-media-pension\/\",\"name\":\"Pack Escapada en Media Pensi\u00f3n | Hotel Port 1730 | Pack Regalo\",\"isPartOf\":{\"@id\":\"\/#website\"},\"primaryImageOfPage\":{\"@id\":\"https:\/\/hotelportdelcomte1730.com\/producto\/pack-escapada-en-media-pension\/#primaryimage\"},\"image\":{\"@id\":\"https:\/\/hotelportdelcomte1730.com\/producto\/pack-escapada-en-media-pension\/#primaryimage\"},\"thumbnailUrl\":\"https:\/\/hotelportdelcomte1730.com\/wp-content\/uploads\/2023\/09\/20230124_PortdelComte_175.jpg\",\"datePublished\":\"2023-10-30T16:06:57+00:00\",\"dateModified\":\"2026-02-10T10:21:32+00:00\",\"description\":\"Disfruta del Pack Escapada en Pareja con Media Pensi\u00f3n del Hotel Port 1730. Ideal para vivir una experiencia \u00fanica e inolvidable con tu pareja.\",\"breadcrumb\":{\"@id\":\"https:\/\/hotelportdelcomte1730.com\/producto\/pack-escapada-en-media-pension\/#breadcrumb\"},\"inLanguage\":\"en-GB\",\"potentialAction\":[{\"@type\":\"ReadAction\",\"target\":[\"https:\/\/hotelportdelcomte1730.com\/producto\/pack-escapada-en-media-pension\/\"]}]},{\"@type\":\"ImageObject\",\"inLanguage\":\"en-GB\",\"@id\":\"https:\/\/hotelportdelcomte1730.com\/producto\/pack-escapada-en-media-pension\/#primaryimage\",\"url\":\"https:\/\/hotelportdelcomte1730.com\/wp-content\/uploads\/2023\/09\/20230124_PortdelComte_175.jpg\",\"contentUrl\":\"https:\/\/hotelportdelcomte1730.com\/wp-content\/uploads\/2023\/09\/20230124_PortdelComte_175.jpg\",\"width\":2500,\"height\":1667},{\"@type\":\"BreadcrumbList\",\"@id\":\"https:\/\/hotelportdelcomte1730.com\/producto\/pack-escapada-en-media-pension\/#breadcrumb\",\"itemListElement\":[{\"@type\":\"ListItem\",\"position\":1,\"name\":\"Portada\",\"item\":\"https:\/\/hotelportdelcomte1730.com\/\"},{\"@type\":\"ListItem\",\"position\":2,\"name\":\"Pack Escapada en Pareja con Media Pensi\u00f3n\"}]},{\"@type\":\"WebSite\",\"@id\":\"\/#website\",\"url\":\"\/\",\"name\":\"Hotel Port 1730 | Hotel Port del comte | Web oficial\",\"description\":\"El Hotel Port 1730 es un r\u00fastico y familiar hotel de monta\u00f1a que se encuentra en la Estaci\u00f3n de Esqu\u00ed del Port del Comte. Reserva aqu\u00ed.\",\"publisher\":{\"@id\":\"\/#organization\"},\"potentialAction\":[{\"@type\":\"SearchAction\",\"target\":{\"@type\":\"EntryPoint\",\"urlTemplate\":\"\/?s={search_term_string}\"},\"query-input\":{\"@type\":\"PropertyValueSpecification\",\"valueRequired\":true,\"valueName\":\"search_term_string\"}}],\"inLanguage\":\"en-GB\"},{\"@type\":\"Organization\",\"@id\":\"\/#organization\",\"name\":\"Hotel Port 1730 | Hotel Port del comte\",\"url\":\"\/\",\"logo\":{\"@type\":\"ImageObject\",\"inLanguage\":\"en-GB\",\"@id\":\"\/#\/schema\/logo\/image\/\",\"url\":\"https:\/\/hotelportdelcomte1730.com\/wp-content\/uploads\/2023\/06\/logo-Port-Compte-DEF-02.png\",\"contentUrl\":\"https:\/\/hotelportdelcomte1730.com\/wp-content\/uploads\/2023\/06\/logo-Port-Compte-DEF-02.png\",\"width\":1493,\"height\":793,\"caption\":\"Hotel Port 1730 | Hotel Port del comte\"},\"image\":{\"@id\":\"\/#\/schema\/logo\/image\/\"},\"sameAs\":[\"https:\/\/www.facebook.com\/HotelPortdelComte1730\/\",\"https:\/\/www.instagram.com\/hotelportdelcomte\/\"]}]}<\/script>\n<!-- \/ Yoast SEO plugin. -->","yoast_head_json":{"title":"Half Board Getaway Pack | Hotel Port 1730 | Gift Pack","description":"Enjoy the Couples Getaway Pack with Half Board at the Port 1730 Hotel. Ideal for living a unique and unforgettable experience with your partner.","robots":{"index":"index","follow":"follow","max-snippet":"max-snippet:-1","max-image-preview":"max-image-preview:large","max-video-preview":"max-video-preview:-1"},"canonical":"https:\/\/hotelportdelcomte1730.com\/en\/wp-json\/wp\/v2\/product\/3657","og_locale":"en_GB","og_type":"article","og_title":"Pack Escapada en Media Pensi\u00f3n | Hotel Port 1730 | Pack Regalo","og_description":"Disfruta del Pack Escapada en Pareja con Media Pensi\u00f3n del Hotel Port 1730. Ideal para vivir una experiencia \u00fanica e inolvidable con tu pareja.","og_url":"https:\/\/hotelportdelcomte1730.com\/en\/product\/pack-escapada-en-media-pension\/","og_site_name":"Hotel Port 1730 | Hotel Port Del Comte","article_publisher":"https:\/\/www.facebook.com\/HotelPortdelComte1730\/","article_modified_time":"2026-02-10T10:21:32+00:00","og_image":[{"width":1024,"height":683,"url":"https:\/\/hotelportdelcomte1730.com\/wp-content\/uploads\/2023\/09\/20230124_PortdelComte_175-1024x683.jpg","type":"image\/jpeg"}],"twitter_card":"summary_large_image","twitter_misc":{"Estimated reading time":"2 minutes"},"schema":{"@context":"https:\/\/schema.org","@graph":[{"@type":"WebPage","@id":"https:\/\/hotelportdelcomte1730.com\/producto\/pack-escapada-en-media-pension\/","url":"https:\/\/hotelportdelcomte1730.com\/producto\/pack-escapada-en-media-pension\/","name":"Half Board Getaway Pack | Hotel Port 1730 | Gift Pack","isPartOf":{"@id":"\/#website"},"primaryImageOfPage":{"@id":"https:\/\/hotelportdelcomte1730.com\/producto\/pack-escapada-en-media-pension\/#primaryimage"},"image":{"@id":"https:\/\/hotelportdelcomte1730.com\/producto\/pack-escapada-en-media-pension\/#primaryimage"},"thumbnailUrl":"https:\/\/hotelportdelcomte1730.com\/wp-content\/uploads\/2023\/09\/20230124_PortdelComte_175.jpg","datePublished":"2023-10-30T16:06:57+00:00","dateModified":"2026-02-10T10:21:32+00:00","description":"Enjoy the Couples Getaway Pack with Half Board at the Port 1730 Hotel. Ideal for living a unique and unforgettable experience with your partner.","breadcrumb":{"@id":"https:\/\/hotelportdelcomte1730.com\/producto\/pack-escapada-en-media-pension\/#breadcrumb"},"inLanguage":"en-GB","potentialAction":[{"@type":"ReadAction","target":["https:\/\/hotelportdelcomte1730.com\/producto\/pack-escapada-en-media-pension\/"]}]},{"@type":"ImageObject","inLanguage":"en-GB","@id":"https:\/\/hotelportdelcomte1730.com\/producto\/pack-escapada-en-media-pension\/#primaryimage","url":"https:\/\/hotelportdelcomte1730.com\/wp-content\/uploads\/2023\/09\/20230124_PortdelComte_175.jpg","contentUrl":"https:\/\/hotelportdelcomte1730.com\/wp-content\/uploads\/2023\/09\/20230124_PortdelComte_175.jpg","width":2500,"height":1667},{"@type":"BreadcrumbList","@id":"https:\/\/hotelportdelcomte1730.com\/producto\/pack-escapada-en-media-pension\/#breadcrumb","itemListElement":[{"@type":"ListItem","position":1,"name":"Portada","item":"https:\/\/hotelportdelcomte1730.com\/"},{"@type":"ListItem","position":2,"name":"Pack Escapada en Pareja con Media Pensi\u00f3n"}]},{"@type":"WebSite","@id":"\/#website","url":"\/","name":"Hotel Port 1730 | Hotel Port del Comte | Official Website","description":"The Port 1730 Hotel is a rustic and family-friendly mountain hotel located in the Port del Comte Ski Resort. Reserve here.","publisher":{"@id":"\/#organization"},"potentialAction":[{"@type":"SearchAction","target":{"@type":"EntryPoint","urlTemplate":"\/?s={search_term_string}"},"query-input":{"@type":"PropertyValueSpecification","valueRequired":true,"valueName":"search_term_string"}}],"inLanguage":"en-GB"},{"@type":"Organization","@id":"\/#organization","name":"Hotel Port 1730 | Hotel Port del Comte","url":"\/","logo":{"@type":"ImageObject","inLanguage":"en-GB","@id":"\/#\/schema\/logo\/image\/","url":"https:\/\/hotelportdelcomte1730.com\/wp-content\/uploads\/2023\/06\/logo-Port-Compte-DEF-02.png","contentUrl":"https:\/\/hotelportdelcomte1730.com\/wp-content\/uploads\/2023\/06\/logo-Port-Compte-DEF-02.png","width":1493,"height":793,"caption":"Hotel Port 1730 | Hotel Port del comte"},"image":{"@id":"\/#\/schema\/logo\/image\/"},"sameAs":["https:\/\/www.facebook.com\/HotelPortdelComte1730\/","https:\/\/www.instagram.com\/hotelportdelcomte\/"]}]}},"_links":{"self":[{"href":"https:\/\/hotelportdelcomte1730.com\/en\/wp-json\/wp\/v2\/product\/3657","targetHints":{"allow":["GET"]}}],"collection":[{"href":"https:\/\/hotelportdelcomte1730.com\/en\/wp-json\/wp\/v2\/product"}],"about":[{"href":"https:\/\/hotelportdelcomte1730.com\/en\/wp-json\/wp\/v2\/types\/product"}],"replies":[{"embeddable":true,"href":"https:\/\/hotelportdelcomte1730.com\/en\/wp-json\/wp\/v2\/comments?post=3657"}],"wp:featuredmedia":[{"embeddable":true,"href":"https:\/\/hotelportdelcomte1730.com\/en\/wp-json\/wp\/v2\/media\/3478"}],"wp:attachment":[{"href":"https:\/\/hotelportdelcomte1730.com\/en\/wp-json\/wp\/v2\/media?parent=3657"}],"wp:term":[{"taxonomy":"product_brand","embeddable":true,"href":"https:\/\/hotelportdelcomte1730.com\/en\/wp-json\/wp\/v2\/product_brand?post=3657"},{"taxonomy":"product_cat","embeddable":true,"href":"https:\/\/hotelportdelcomte1730.com\/en\/wp-json\/wp\/v2\/product_cat?post=3657"},{"taxonomy":"product_tag","embeddable":true,"href":"https:\/\/hotelportdelcomte1730.com\/en\/wp-json\/wp\/v2\/product_tag?post=3657"}],"curies":[{"name":"wp","href":"https:\/\/api.w.org\/{rel}","templated":true}]}}