{"id":5484,"date":"2025-12-15T12:47:50","date_gmt":"2025-12-15T12:47:50","guid":{"rendered":"https:\/\/hotelportdelcomte1730.com\/?post_type=product&#038;p=5484"},"modified":"2026-02-10T10:15:49","modified_gmt":"2026-02-10T10:15:49","slug":"pack-escapada-en-familia-excursion-raquetas-nieve","status":"publish","type":"product","link":"https:\/\/hotelportdelcomte1730.com\/en\/product\/pack-escapada-en-familia-excursion-raquetas-nieve\/","title":{"rendered":"Family Getaway Package + Snowshoeing Excursion"},"content":{"rendered":"<h2>What&#039;s included in our Family Getaway with Snowshoeing Excursion?<\/h2>\n<ul>\n<li>1 night in the Quadruple Room at the Port 1730 Hotel<\/li>\n<li>1 day of breakfast for 4 people (2 adults and 2 children)<\/li>\n<li>1 day excursion (2h) with snowshoes (guide, poles and insurance included)- <strong>Guide Silvia Rovira<\/strong><\/li>\n<li>Late Check Out (subject to availability)<\/li>\n<\/ul>\n<p><strong><strong style=\"font-size: 16px;\"><b>The Port 1730 Hotel:<\/b><\/strong><\/strong>\u00a0is a family mountain hotel located in the Port del Comte ski resort, ideal for a unique and unforgettable getaway.<\/p>\n<p><strong><b>The room\u00a0<\/b><\/strong><strong>Quadruple or family:\u00a0<\/strong>It is a comfortable and spacious room of about 28m2, ideal for 4 people. It has a double bed and 2 single beds and a private full bathroom with a bathtub or shower. Very quiet room with good views of the mountains or the Port del Comte station.<\/p>\n<p><strong style=\"font-size: 16px;\">Guide Silvia Rovira, snowshoes: <\/strong><strong>Smooth route<\/strong> one morning, because <strong>Port del Comte mountain range,<\/strong>\u00a0passing through the most emblematic places, such as the <strong>Bofia hole, Los Prats de Bacies,<\/strong> among black pine forests with good views; <strong>route of about 2 hours.<\/strong><\/p>\n<p><strong>Availability: <\/strong><span class=\"OYPEnA text-decoration-none text-strikethrough-none\">This snow season pack is available. This voucher is valid for one year from the date of purchase.<\/span><\/p>\n<p><strong>How will I receive the Bonus? <\/strong>Once the gift voucher has been purchased, you will receive a Voucher in PDF format by email that you have attached to us.<\/p>\n<p><strong>How can I redeem the Bonus? <\/strong>To redeem the voucher and make a reservation, you will have to call the hotel at +34 972 753 092 or send an email to info@hotelportdelcomte1730.com saying the days you want to make the reservation. Next, you will receive an email confirming your reservation.<\/p>","protected":false},"excerpt":{"rendered":"<p>Get your Getaway Pack for 4 people (2 adults and 2 children), with a snowshoeing mountain route through Port del Comte.<\/p>\n<p>Add to cart 1 night Quadruple room + Breakfast + 1 day excursion (2h) and you will see the price automatically.<\/p>","protected":false},"featured_media":5454,"comment_status":"closed","ping_status":"closed","template":"","meta":{"site-sidebar-layout":"default","site-content-layout":"default","ast-site-content-layout":"default","site-content-style":"default","site-sidebar-style":"default","ast-global-header-display":"","ast-banner-title-visibility":"","ast-main-header-display":"","ast-hfb-above-header-display":"","ast-hfb-below-header-display":"","ast-hfb-mobile-header-display":"","site-post-title":"","ast-breadcrumbs-content":"","ast-featured-img":"","footer-sml-layout":"","theme-transparent-header-meta":"default","adv-header-id-meta":"","stick-header-meta":"default","header-above-stick-meta":"","header-main-stick-meta":"","header-below-stick-meta":"","astra-migrate-meta-layouts":"set","ast-page-background-enabled":"default","ast-page-background-meta":{"desktop":{"background-color":"","background-image":"","background-repeat":"repeat","background-position":"center center","background-size":"auto","background-attachment":"scroll","background-type":"","background-media":"","overlay-type":"","overlay-color":"","overlay-gradient":""},"tablet":{"background-color":"","background-image":"","background-repeat":"repeat","background-position":"center center","background-size":"auto","background-attachment":"scroll","background-type":"","background-media":"","overlay-type":"","overlay-color":"","overlay-gradient":""},"mobile":{"background-color":"","background-image":"","background-repeat":"repeat","background-position":"center center","background-size":"auto","background-attachment":"scroll","background-type":"","background-media":"","overlay-type":"","overlay-color":"","overlay-gradient":""}},"ast-content-background-meta":{"desktop":{"background-color":"var(--ast-global-color-5)","background-image":"","background-repeat":"repeat","background-position":"center center","background-size":"auto","background-attachment":"scroll","background-type":"","background-media":"","overlay-type":"","overlay-color":"","overlay-gradient":""},"tablet":{"background-color":"var(--ast-global-color-5)","background-image":"","background-repeat":"repeat","background-position":"center center","background-size":"auto","background-attachment":"scroll","background-type":"","background-media":"","overlay-type":"","overlay-color":"","overlay-gradient":""},"mobile":{"background-color":"var(--ast-global-color-5)","background-image":"","background-repeat":"repeat","background-position":"center center","background-size":"auto","background-attachment":"scroll","background-type":"","background-media":"","overlay-type":"","overlay-color":"","overlay-gradient":""}}},"product_brand":[],"product_cat":[20],"product_tag":[],"class_list":{"0":"post-5484","1":"product","2":"type-product","3":"status-publish","4":"has-post-thumbnail","6":"product_cat-sin-categorizar","7":"desktop-align-left","8":"tablet-align-left","9":"mobile-align-left","10":"ast-product-gallery-layout-horizontal-slider","11":"ast-product-tabs-layout-horizontal","13":"first","14":"instock","15":"shipping-taxable","16":"purchasable","17":"product-type-simple"},"yoast_head":"<!-- This site is optimized with the Yoast SEO plugin v27.1.1 - https:\/\/yoast.com\/product\/yoast-seo-wordpress\/ -->\n<title>Escapada en familia y excursi\u00f3n raquetas nieve | Hotel Port 1730<\/title>\n<meta name=\"description\" content=\"Disfruta del Pack Escapada en familia con una excursi\u00f3n con raquetas nieve en Port del Comte. Ideal para los amantes de la naturaleza y la nieve.\" \/>\n<meta name=\"robots\" content=\"index, follow, max-snippet:-1, max-image-preview:large, max-video-preview:-1\" \/>\n<link rel=\"canonical\" href=\"https:\/\/hotelportdelcomte1730.com\/en\/wp-json\/wp\/v2\/product\/5484\" \/>\n<meta property=\"og:locale\" content=\"en_GB\" \/>\n<meta property=\"og:type\" content=\"article\" \/>\n<meta property=\"og:title\" content=\"Escapada en familia y excursi\u00f3n raquetas nieve | Hotel Port 1730\" \/>\n<meta property=\"og:description\" content=\"Disfruta del Pack Escapada en familia con una excursi\u00f3n con raquetas nieve en Port del Comte. Ideal para los amantes de la naturaleza y la nieve.\" \/>\n<meta property=\"og:url\" content=\"https:\/\/hotelportdelcomte1730.com\/en\/product\/pack-escapada-en-familia-excursion-raquetas-nieve\/\" \/>\n<meta property=\"og:site_name\" content=\"Hotel Port 1730 | Hotel Port Del Comte\" \/>\n<meta property=\"article:publisher\" content=\"https:\/\/www.facebook.com\/HotelPortdelComte1730\/\" \/>\n<meta property=\"article:modified_time\" content=\"2026-02-10T10:15:49+00:00\" \/>\n<meta property=\"og:image\" content=\"https:\/\/hotelportdelcomte1730.com\/wp-content\/uploads\/2025\/12\/20170129_115720.9.jpg\" \/>\n\t<meta property=\"og:image:width\" content=\"2048\" \/>\n\t<meta property=\"og:image:height\" content=\"1536\" \/>\n\t<meta property=\"og:image:type\" content=\"image\/jpeg\" \/>\n<meta name=\"twitter:card\" content=\"summary_large_image\" \/>\n<meta name=\"twitter:label1\" content=\"Estimated reading time\" \/>\n\t<meta name=\"twitter:data1\" content=\"2 minutes\" \/>\n<script type=\"application\/ld+json\" class=\"yoast-schema-graph\">{\"@context\":\"https:\/\/schema.org\",\"@graph\":[{\"@type\":\"WebPage\",\"@id\":\"https:\/\/hotelportdelcomte1730.com\/producto\/pack-escapada-en-familia-excursion-raquetas-nieve\/\",\"url\":\"https:\/\/hotelportdelcomte1730.com\/producto\/pack-escapada-en-familia-excursion-raquetas-nieve\/\",\"name\":\"Escapada en familia y excursi\u00f3n raquetas nieve | Hotel Port 1730\",\"isPartOf\":{\"@id\":\"\/#website\"},\"primaryImageOfPage\":{\"@id\":\"https:\/\/hotelportdelcomte1730.com\/producto\/pack-escapada-en-familia-excursion-raquetas-nieve\/#primaryimage\"},\"image\":{\"@id\":\"https:\/\/hotelportdelcomte1730.com\/producto\/pack-escapada-en-familia-excursion-raquetas-nieve\/#primaryimage\"},\"thumbnailUrl\":\"https:\/\/hotelportdelcomte1730.com\/wp-content\/uploads\/2025\/12\/20170129_115720.9.jpg\",\"datePublished\":\"2025-12-15T12:47:50+00:00\",\"dateModified\":\"2026-02-10T10:15:49+00:00\",\"description\":\"Disfruta del Pack Escapada en familia con una excursi\u00f3n con raquetas nieve en Port del Comte. Ideal para los amantes de la naturaleza y la nieve.\",\"breadcrumb\":{\"@id\":\"https:\/\/hotelportdelcomte1730.com\/producto\/pack-escapada-en-familia-excursion-raquetas-nieve\/#breadcrumb\"},\"inLanguage\":\"en-GB\",\"potentialAction\":[{\"@type\":\"ReadAction\",\"target\":[\"https:\/\/hotelportdelcomte1730.com\/producto\/pack-escapada-en-familia-excursion-raquetas-nieve\/\"]}]},{\"@type\":\"ImageObject\",\"inLanguage\":\"en-GB\",\"@id\":\"https:\/\/hotelportdelcomte1730.com\/producto\/pack-escapada-en-familia-excursion-raquetas-nieve\/#primaryimage\",\"url\":\"https:\/\/hotelportdelcomte1730.com\/wp-content\/uploads\/2025\/12\/20170129_115720.9.jpg\",\"contentUrl\":\"https:\/\/hotelportdelcomte1730.com\/wp-content\/uploads\/2025\/12\/20170129_115720.9.jpg\",\"width\":2048,\"height\":1536,\"caption\":\"User comments\"},{\"@type\":\"BreadcrumbList\",\"@id\":\"https:\/\/hotelportdelcomte1730.com\/producto\/pack-escapada-en-familia-excursion-raquetas-nieve\/#breadcrumb\",\"itemListElement\":[{\"@type\":\"ListItem\",\"position\":1,\"name\":\"Portada\",\"item\":\"https:\/\/hotelportdelcomte1730.com\/\"},{\"@type\":\"ListItem\",\"position\":2,\"name\":\"Pack Escapada en familia + excursi\u00f3n raquetas nieve\"}]},{\"@type\":\"WebSite\",\"@id\":\"\/#website\",\"url\":\"\/\",\"name\":\"Hotel Port 1730 | Hotel Port del comte | Web oficial\",\"description\":\"El Hotel Port 1730 es un r\u00fastico y familiar hotel de monta\u00f1a que se encuentra en la Estaci\u00f3n de Esqu\u00ed del Port del Comte. Reserva aqu\u00ed.\",\"publisher\":{\"@id\":\"\/#organization\"},\"potentialAction\":[{\"@type\":\"SearchAction\",\"target\":{\"@type\":\"EntryPoint\",\"urlTemplate\":\"\/?s={search_term_string}\"},\"query-input\":{\"@type\":\"PropertyValueSpecification\",\"valueRequired\":true,\"valueName\":\"search_term_string\"}}],\"inLanguage\":\"en-GB\"},{\"@type\":\"Organization\",\"@id\":\"\/#organization\",\"name\":\"Hotel Port 1730 | Hotel Port del comte\",\"url\":\"\/\",\"logo\":{\"@type\":\"ImageObject\",\"inLanguage\":\"en-GB\",\"@id\":\"\/#\/schema\/logo\/image\/\",\"url\":\"https:\/\/hotelportdelcomte1730.com\/wp-content\/uploads\/2023\/06\/logo-Port-Compte-DEF-02.png\",\"contentUrl\":\"https:\/\/hotelportdelcomte1730.com\/wp-content\/uploads\/2023\/06\/logo-Port-Compte-DEF-02.png\",\"width\":1493,\"height\":793,\"caption\":\"Hotel Port 1730 | Hotel Port del comte\"},\"image\":{\"@id\":\"\/#\/schema\/logo\/image\/\"},\"sameAs\":[\"https:\/\/www.facebook.com\/HotelPortdelComte1730\/\",\"https:\/\/www.instagram.com\/hotelportdelcomte\/\"]}]}<\/script>\n<!-- \/ Yoast SEO plugin. -->","yoast_head_json":{"title":"Family getaway and snowshoeing excursion | Hotel Port 1730","description":"Enjoy the Family Getaway Package with a snowshoeing excursion in Port del Comte. Ideal for nature and snow lovers.","robots":{"index":"index","follow":"follow","max-snippet":"max-snippet:-1","max-image-preview":"max-image-preview:large","max-video-preview":"max-video-preview:-1"},"canonical":"https:\/\/hotelportdelcomte1730.com\/en\/wp-json\/wp\/v2\/product\/5484","og_locale":"en_GB","og_type":"article","og_title":"Escapada en familia y excursi\u00f3n raquetas nieve | Hotel Port 1730","og_description":"Disfruta del Pack Escapada en familia con una excursi\u00f3n con raquetas nieve en Port del Comte. Ideal para los amantes de la naturaleza y la nieve.","og_url":"https:\/\/hotelportdelcomte1730.com\/en\/product\/pack-escapada-en-familia-excursion-raquetas-nieve\/","og_site_name":"Hotel Port 1730 | Hotel Port Del Comte","article_publisher":"https:\/\/www.facebook.com\/HotelPortdelComte1730\/","article_modified_time":"2026-02-10T10:15:49+00:00","og_image":[{"width":2048,"height":1536,"url":"https:\/\/hotelportdelcomte1730.com\/wp-content\/uploads\/2025\/12\/20170129_115720.9.jpg","type":"image\/jpeg"}],"twitter_card":"summary_large_image","twitter_misc":{"Estimated reading time":"2 minutes"},"schema":{"@context":"https:\/\/schema.org","@graph":[{"@type":"WebPage","@id":"https:\/\/hotelportdelcomte1730.com\/producto\/pack-escapada-en-familia-excursion-raquetas-nieve\/","url":"https:\/\/hotelportdelcomte1730.com\/producto\/pack-escapada-en-familia-excursion-raquetas-nieve\/","name":"Family getaway and snowshoeing excursion | Hotel Port 1730","isPartOf":{"@id":"\/#website"},"primaryImageOfPage":{"@id":"https:\/\/hotelportdelcomte1730.com\/producto\/pack-escapada-en-familia-excursion-raquetas-nieve\/#primaryimage"},"image":{"@id":"https:\/\/hotelportdelcomte1730.com\/producto\/pack-escapada-en-familia-excursion-raquetas-nieve\/#primaryimage"},"thumbnailUrl":"https:\/\/hotelportdelcomte1730.com\/wp-content\/uploads\/2025\/12\/20170129_115720.9.jpg","datePublished":"2025-12-15T12:47:50+00:00","dateModified":"2026-02-10T10:15:49+00:00","description":"Enjoy the Family Getaway Package with a snowshoeing excursion in Port del Comte. Ideal for nature and snow lovers.","breadcrumb":{"@id":"https:\/\/hotelportdelcomte1730.com\/producto\/pack-escapada-en-familia-excursion-raquetas-nieve\/#breadcrumb"},"inLanguage":"en-GB","potentialAction":[{"@type":"ReadAction","target":["https:\/\/hotelportdelcomte1730.com\/producto\/pack-escapada-en-familia-excursion-raquetas-nieve\/"]}]},{"@type":"ImageObject","inLanguage":"en-GB","@id":"https:\/\/hotelportdelcomte1730.com\/producto\/pack-escapada-en-familia-excursion-raquetas-nieve\/#primaryimage","url":"https:\/\/hotelportdelcomte1730.com\/wp-content\/uploads\/2025\/12\/20170129_115720.9.jpg","contentUrl":"https:\/\/hotelportdelcomte1730.com\/wp-content\/uploads\/2025\/12\/20170129_115720.9.jpg","width":2048,"height":1536,"caption":"User comments"},{"@type":"BreadcrumbList","@id":"https:\/\/hotelportdelcomte1730.com\/producto\/pack-escapada-en-familia-excursion-raquetas-nieve\/#breadcrumb","itemListElement":[{"@type":"ListItem","position":1,"name":"Portada","item":"https:\/\/hotelportdelcomte1730.com\/"},{"@type":"ListItem","position":2,"name":"Pack Escapada en familia + excursi\u00f3n raquetas nieve"}]},{"@type":"WebSite","@id":"\/#website","url":"\/","name":"Hotel Port 1730 | Hotel Port del Comte | Official Website","description":"The Port 1730 Hotel is a rustic and family-friendly mountain hotel located in the Port del Comte Ski Resort. Reserve here.","publisher":{"@id":"\/#organization"},"potentialAction":[{"@type":"SearchAction","target":{"@type":"EntryPoint","urlTemplate":"\/?s={search_term_string}"},"query-input":{"@type":"PropertyValueSpecification","valueRequired":true,"valueName":"search_term_string"}}],"inLanguage":"en-GB"},{"@type":"Organization","@id":"\/#organization","name":"Hotel Port 1730 | Hotel Port del Comte","url":"\/","logo":{"@type":"ImageObject","inLanguage":"en-GB","@id":"\/#\/schema\/logo\/image\/","url":"https:\/\/hotelportdelcomte1730.com\/wp-content\/uploads\/2023\/06\/logo-Port-Compte-DEF-02.png","contentUrl":"https:\/\/hotelportdelcomte1730.com\/wp-content\/uploads\/2023\/06\/logo-Port-Compte-DEF-02.png","width":1493,"height":793,"caption":"Hotel Port 1730 | Hotel Port del comte"},"image":{"@id":"\/#\/schema\/logo\/image\/"},"sameAs":["https:\/\/www.facebook.com\/HotelPortdelComte1730\/","https:\/\/www.instagram.com\/hotelportdelcomte\/"]}]}},"_links":{"self":[{"href":"https:\/\/hotelportdelcomte1730.com\/en\/wp-json\/wp\/v2\/product\/5484","targetHints":{"allow":["GET"]}}],"collection":[{"href":"https:\/\/hotelportdelcomte1730.com\/en\/wp-json\/wp\/v2\/product"}],"about":[{"href":"https:\/\/hotelportdelcomte1730.com\/en\/wp-json\/wp\/v2\/types\/product"}],"replies":[{"embeddable":true,"href":"https:\/\/hotelportdelcomte1730.com\/en\/wp-json\/wp\/v2\/comments?post=5484"}],"wp:featuredmedia":[{"embeddable":true,"href":"https:\/\/hotelportdelcomte1730.com\/en\/wp-json\/wp\/v2\/media\/5454"}],"wp:attachment":[{"href":"https:\/\/hotelportdelcomte1730.com\/en\/wp-json\/wp\/v2\/media?parent=5484"}],"wp:term":[{"taxonomy":"product_brand","embeddable":true,"href":"https:\/\/hotelportdelcomte1730.com\/en\/wp-json\/wp\/v2\/product_brand?post=5484"},{"taxonomy":"product_cat","embeddable":true,"href":"https:\/\/hotelportdelcomte1730.com\/en\/wp-json\/wp\/v2\/product_cat?post=5484"},{"taxonomy":"product_tag","embeddable":true,"href":"https:\/\/hotelportdelcomte1730.com\/en\/wp-json\/wp\/v2\/product_tag?post=5484"}],"curies":[{"name":"wp","href":"https:\/\/api.w.org\/{rel}","templated":true}]}}