{"id":3180,"date":"2023-07-03T10:01:45","date_gmt":"2023-07-03T10:01:45","guid":{"rendered":"https:\/\/hotelportdelcomte1730.com\/?post_type=product&#038;p=3180"},"modified":"2026-02-10T10:21:36","modified_gmt":"2026-02-10T10:21:36","slug":"pack-escapada-en-pareja","status":"publish","type":"product","link":"https:\/\/hotelportdelcomte1730.com\/fr\/produit\/pack-escapada-en-pareja\/","title":{"rendered":"Pack Escapade en Couple"},"content":{"rendered":"<h2>Qu&#039;est-ce qui est inclus dans notre pack escapade en couple ?<\/h2>\n<ul>\n<li>1 nuit en Chambre Double \u00e0 l&#039;H\u00f4tel Port 1730<\/li>\n<li>Petit-d\u00e9jeuner pour 2 personnes<\/li>\n<li>D\u00e9part tardif (sous r\u00e9serve de disponibilit\u00e9)<\/li>\n<\/ul>\n<p><strong><strong style=\"font-size: 16px;\"><b>L&#039;H\u00f4tel du Port 1730 :<\/b><\/strong><\/strong>\u00a0est un h\u00f4tel de montagne familial situ\u00e9 dans la station de ski de Port del Comte, id\u00e9al pour une escapade unique et inoubliable.<\/p>\n<p><strong style=\"font-size: 16px;\"><b>La chambre <\/b><\/strong><strong style=\"font-size: 16px;\">Double: <\/strong>Chambre de 20-22 m\u00b2, avec un lit double, parfaite pour 2 personnes. Elle dispose d&#039;une salle de bain priv\u00e9e compl\u00e8te avec douche ou baignoire et offre une vue magnifique sur Lord&#039;s Valley.<\/p>\n<p><strong>Disponibilit\u00e9: <\/strong><span class=\"OYPEnA text-decoration-none text-strikethrough-none\">Pack disponible toute l&#039;ann\u00e9e, selon la saison que vous avez choisie. Ce Ch\u00e8que a une dur\u00e9e d&#039;expiration de 1 an, \u00e0 compter du jour de l&#039;achat.<\/span><\/p>\n<p><strong>Comment vais-je recevoir le bonus\u00a0? <\/strong>Une fois le bon cadeau achet\u00e9, vous recevrez par email un Bon cadeau au format PDF que vous nous aurez joint.<\/p>\n<p><strong>Comment puis-je utiliser le bonus\u00a0? <\/strong>Pour utiliser le bon et effectuer une r\u00e9servation, vous devrez appeler l&#039;h\u00f4tel au +34 972 753 092 ou envoyer un e-mail \u00e0 info@hotelportdelcomte1730.com en indiquant les jours auxquels vous souhaitez effectuer la r\u00e9servation. Ensuite, vous recevrez un e-mail confirmant votre r\u00e9servation.<\/p>\n<p><strong><span class=\"OYPEnA text-decoration-none text-strikethrough-none\">**<\/span><span class=\"OYPEnA text-decoration-none text-strikethrough-none\">Haute saison<\/span><\/strong><span class=\"OYPEnA text-decoration-none text-strikethrough-none\">: No\u00ebl, Pur\u00edsima et P\u00e2ques.<\/span> <strong><span class=\"OYPEnA text-decoration-none text-strikethrough-none\">mi-saison<\/span><\/strong><span class=\"OYPEnA text-decoration-none text-strikethrough-none\">: (week-end) janvier (sauf No\u00ebl), f\u00e9vrier, mars et tout le mois d&#039;ao\u00fbt.<\/span>\u00a0<strong><span class=\"OYPEnA text-decoration-none text-strikethrough-none\">Moyenne saison d\u00e9cembre :<\/span><\/strong><span class=\"OYPEnA text-decoration-none text-strikethrough-none\"> tout le mois de d\u00e9cembre (sauf No\u00ebl et Pur\u00edsima).<\/span>\u00a0<strong><span class=\"OYPEnA text-decoration-none text-strikethrough-none\">Basse saison<\/span><\/strong><span class=\"OYPEnA text-decoration-none text-strikethrough-none\">: d&#039;avril \u00e0 novembre (sauf P\u00e2ques et ao\u00fbt).<\/span><\/p>","protected":false},"excerpt":{"rendered":"<p>Obtenez votre Pack Escapade en Couple \u00e0 l&#039;H\u00f4tel Port 1730. Id\u00e9al pour d\u00e9connecter et profiter d&#039;une escapade avec votre partenaire \u00e0 Port del Comte.<\/p>\n<p>Choisissez la saison que vous pr\u00e9f\u00e9rez et vous verrez automatiquement le prix.<\/p>","protected":false},"featured_media":5671,"comment_status":"closed","ping_status":"closed","template":"","meta":{"site-sidebar-layout":"default","site-content-layout":"default","ast-site-content-layout":"default","site-content-style":"default","site-sidebar-style":"default","ast-global-header-display":"","ast-banner-title-visibility":"","ast-main-header-display":"","ast-hfb-above-header-display":"","ast-hfb-below-header-display":"","ast-hfb-mobile-header-display":"","site-post-title":"","ast-breadcrumbs-content":"","ast-featured-img":"","footer-sml-layout":"","theme-transparent-header-meta":"default","adv-header-id-meta":"","stick-header-meta":"default","header-above-stick-meta":"","header-main-stick-meta":"","header-below-stick-meta":"","astra-migrate-meta-layouts":"set","ast-page-background-enabled":"default","ast-page-background-meta":{"desktop":{"background-color":"","background-image":"","background-repeat":"repeat","background-position":"center center","background-size":"auto","background-attachment":"scroll","background-type":"","background-media":"","overlay-type":"","overlay-color":"","overlay-gradient":""},"tablet":{"background-color":"","background-image":"","background-repeat":"repeat","background-position":"center center","background-size":"auto","background-attachment":"scroll","background-type":"","background-media":"","overlay-type":"","overlay-color":"","overlay-gradient":""},"mobile":{"background-color":"","background-image":"","background-repeat":"repeat","background-position":"center center","background-size":"auto","background-attachment":"scroll","background-type":"","background-media":"","overlay-type":"","overlay-color":"","overlay-gradient":""}},"ast-content-background-meta":{"desktop":{"background-color":"var(--ast-global-color-5)","background-image":"","background-repeat":"repeat","background-position":"center center","background-size":"auto","background-attachment":"scroll","background-type":"","background-media":"","overlay-type":"","overlay-color":"","overlay-gradient":""},"tablet":{"background-color":"var(--ast-global-color-5)","background-image":"","background-repeat":"repeat","background-position":"center center","background-size":"auto","background-attachment":"scroll","background-type":"","background-media":"","overlay-type":"","overlay-color":"","overlay-gradient":""},"mobile":{"background-color":"var(--ast-global-color-5)","background-image":"","background-repeat":"repeat","background-position":"center center","background-size":"auto","background-attachment":"scroll","background-type":"","background-media":"","overlay-type":"","overlay-color":"","overlay-gradient":""}}},"product_brand":[],"product_cat":[20],"product_tag":[],"class_list":{"0":"post-3180","1":"product","2":"type-product","3":"status-publish","4":"has-post-thumbnail","6":"product_cat-sin-categorizar","7":"desktop-align-left","8":"tablet-align-left","9":"mobile-align-left","10":"ast-product-gallery-layout-horizontal-slider","11":"ast-product-single-variable","12":"ast-product-tabs-layout-horizontal","14":"first","15":"instock","16":"shipping-taxable","17":"purchasable","18":"product-type-variable"},"yoast_head":"<!-- This site is optimized with the Yoast SEO plugin v27.1.1 - https:\/\/yoast.com\/product\/yoast-seo-wordpress\/ -->\n<title>Pack Escapada en Pareja | Hotel Port 1730 | Pack regalo<\/title>\n<meta name=\"description\" content=\"Disfruta del Pack Escapada en Pareja en el Hotel Port 1730. Ideal para vivir una experiencia \u00fanica e inolvidable con tu pareja en el Port del Comte.\" \/>\n<meta name=\"robots\" content=\"index, follow, max-snippet:-1, max-image-preview:large, max-video-preview:-1\" \/>\n<link rel=\"canonical\" href=\"https:\/\/hotelportdelcomte1730.com\/fr\/wp-json\/wp\/v2\/product\/3180\" \/>\n<meta property=\"og:locale\" content=\"fr_FR\" \/>\n<meta property=\"og:type\" content=\"article\" \/>\n<meta property=\"og:title\" content=\"Pack Escapada en Pareja | Hotel Port 1730 | Pack regalo\" \/>\n<meta property=\"og:description\" content=\"Disfruta del Pack Escapada en Pareja en el Hotel Port 1730. Ideal para vivir una experiencia \u00fanica e inolvidable con tu pareja en el Port del Comte.\" \/>\n<meta property=\"og:url\" content=\"https:\/\/hotelportdelcomte1730.com\/fr\/produit\/pack-escapada-en-pareja\/\" \/>\n<meta property=\"og:site_name\" content=\"Hotel Port 1730 | Hotel Port Del Comte\" \/>\n<meta property=\"article:publisher\" content=\"https:\/\/www.facebook.com\/HotelPortdelComte1730\/\" \/>\n<meta property=\"article:modified_time\" content=\"2026-02-10T10:21:36+00:00\" \/>\n<meta property=\"og:image\" content=\"https:\/\/hotelportdelcomte1730.com\/wp-content\/uploads\/2026\/01\/WhatsApp-Image-2026-01-30-at-14.36.05.jpeg\" \/>\n\t<meta property=\"og:image:width\" content=\"1600\" \/>\n\t<meta property=\"og:image:height\" content=\"1200\" \/>\n\t<meta property=\"og:image:type\" content=\"image\/jpeg\" \/>\n<meta name=\"twitter:card\" content=\"summary_large_image\" \/>\n<meta name=\"twitter:label1\" content=\"Dur\u00e9e de lecture estim\u00e9e\" \/>\n\t<meta name=\"twitter:data1\" content=\"2 minutes\" \/>\n<script type=\"application\/ld+json\" class=\"yoast-schema-graph\">{\"@context\":\"https:\/\/schema.org\",\"@graph\":[{\"@type\":\"WebPage\",\"@id\":\"https:\/\/hotelportdelcomte1730.com\/producto\/pack-escapada-en-pareja\/\",\"url\":\"https:\/\/hotelportdelcomte1730.com\/producto\/pack-escapada-en-pareja\/\",\"name\":\"Pack Escapada en Pareja | Hotel Port 1730 | Pack regalo\",\"isPartOf\":{\"@id\":\"\/#website\"},\"primaryImageOfPage\":{\"@id\":\"https:\/\/hotelportdelcomte1730.com\/producto\/pack-escapada-en-pareja\/#primaryimage\"},\"image\":{\"@id\":\"https:\/\/hotelportdelcomte1730.com\/producto\/pack-escapada-en-pareja\/#primaryimage\"},\"thumbnailUrl\":\"https:\/\/hotelportdelcomte1730.com\/wp-content\/uploads\/2026\/01\/WhatsApp-Image-2026-01-30-at-14.36.05.jpeg\",\"datePublished\":\"2023-07-03T10:01:45+00:00\",\"dateModified\":\"2026-02-10T10:21:36+00:00\",\"description\":\"Disfruta del Pack Escapada en Pareja en el Hotel Port 1730. Ideal para vivir una experiencia \u00fanica e inolvidable con tu pareja en el Port del Comte.\",\"breadcrumb\":{\"@id\":\"https:\/\/hotelportdelcomte1730.com\/producto\/pack-escapada-en-pareja\/#breadcrumb\"},\"inLanguage\":\"fr-FR\",\"potentialAction\":[{\"@type\":\"ReadAction\",\"target\":[\"https:\/\/hotelportdelcomte1730.com\/producto\/pack-escapada-en-pareja\/\"]}]},{\"@type\":\"ImageObject\",\"inLanguage\":\"fr-FR\",\"@id\":\"https:\/\/hotelportdelcomte1730.com\/producto\/pack-escapada-en-pareja\/#primaryimage\",\"url\":\"https:\/\/hotelportdelcomte1730.com\/wp-content\/uploads\/2026\/01\/WhatsApp-Image-2026-01-30-at-14.36.05.jpeg\",\"contentUrl\":\"https:\/\/hotelportdelcomte1730.com\/wp-content\/uploads\/2026\/01\/WhatsApp-Image-2026-01-30-at-14.36.05.jpeg\",\"width\":1600,\"height\":1200},{\"@type\":\"BreadcrumbList\",\"@id\":\"https:\/\/hotelportdelcomte1730.com\/producto\/pack-escapada-en-pareja\/#breadcrumb\",\"itemListElement\":[{\"@type\":\"ListItem\",\"position\":1,\"name\":\"Portada\",\"item\":\"https:\/\/hotelportdelcomte1730.com\/\"},{\"@type\":\"ListItem\",\"position\":2,\"name\":\"Pack Escapada en Pareja\"}]},{\"@type\":\"WebSite\",\"@id\":\"\/#website\",\"url\":\"\/\",\"name\":\"Hotel Port 1730 | Hotel Port del comte | Web oficial\",\"description\":\"El Hotel Port 1730 es un r\u00fastico y familiar hotel de monta\u00f1a que se encuentra en la Estaci\u00f3n de Esqu\u00ed del Port del Comte. Reserva aqu\u00ed.\",\"publisher\":{\"@id\":\"\/#organization\"},\"potentialAction\":[{\"@type\":\"SearchAction\",\"target\":{\"@type\":\"EntryPoint\",\"urlTemplate\":\"\/?s={search_term_string}\"},\"query-input\":{\"@type\":\"PropertyValueSpecification\",\"valueRequired\":true,\"valueName\":\"search_term_string\"}}],\"inLanguage\":\"fr-FR\"},{\"@type\":\"Organization\",\"@id\":\"\/#organization\",\"name\":\"Hotel Port 1730 | Hotel Port del comte\",\"url\":\"\/\",\"logo\":{\"@type\":\"ImageObject\",\"inLanguage\":\"fr-FR\",\"@id\":\"\/#\/schema\/logo\/image\/\",\"url\":\"https:\/\/hotelportdelcomte1730.com\/wp-content\/uploads\/2023\/06\/logo-Port-Compte-DEF-02.png\",\"contentUrl\":\"https:\/\/hotelportdelcomte1730.com\/wp-content\/uploads\/2023\/06\/logo-Port-Compte-DEF-02.png\",\"width\":1493,\"height\":793,\"caption\":\"Hotel Port 1730 | Hotel Port del comte\"},\"image\":{\"@id\":\"\/#\/schema\/logo\/image\/\"},\"sameAs\":[\"https:\/\/www.facebook.com\/HotelPortdelComte1730\/\",\"https:\/\/www.instagram.com\/hotelportdelcomte\/\"]}]}<\/script>\n<!-- \/ Yoast SEO plugin. -->","yoast_head_json":{"title":"Pack escapade en couple | H\u00f4tel Port 1730 | Coffret cadeau","description":"Profitez du Pack Escapade en Couple \u00e0 l&#039;H\u00f4tel Port 1730. Id\u00e9al pour vivre une exp\u00e9rience unique et inoubliable avec votre partenaire \u00e0 Port del Comte.","robots":{"index":"index","follow":"follow","max-snippet":"max-snippet:-1","max-image-preview":"max-image-preview:large","max-video-preview":"max-video-preview:-1"},"canonical":"https:\/\/hotelportdelcomte1730.com\/fr\/wp-json\/wp\/v2\/product\/3180","og_locale":"fr_FR","og_type":"article","og_title":"Pack Escapada en Pareja | Hotel Port 1730 | Pack regalo","og_description":"Disfruta del Pack Escapada en Pareja en el Hotel Port 1730. Ideal para vivir una experiencia \u00fanica e inolvidable con tu pareja en el Port del Comte.","og_url":"https:\/\/hotelportdelcomte1730.com\/fr\/produit\/pack-escapada-en-pareja\/","og_site_name":"Hotel Port 1730 | Hotel Port Del Comte","article_publisher":"https:\/\/www.facebook.com\/HotelPortdelComte1730\/","article_modified_time":"2026-02-10T10:21:36+00:00","og_image":[{"width":1600,"height":1200,"url":"https:\/\/hotelportdelcomte1730.com\/wp-content\/uploads\/2026\/01\/WhatsApp-Image-2026-01-30-at-14.36.05.jpeg","type":"image\/jpeg"}],"twitter_card":"summary_large_image","twitter_misc":{"Dur\u00e9e de lecture estim\u00e9e":"2 minutes"},"schema":{"@context":"https:\/\/schema.org","@graph":[{"@type":"WebPage","@id":"https:\/\/hotelportdelcomte1730.com\/producto\/pack-escapada-en-pareja\/","url":"https:\/\/hotelportdelcomte1730.com\/producto\/pack-escapada-en-pareja\/","name":"Pack escapade en couple | H\u00f4tel Port 1730 | Coffret cadeau","isPartOf":{"@id":"\/#website"},"primaryImageOfPage":{"@id":"https:\/\/hotelportdelcomte1730.com\/producto\/pack-escapada-en-pareja\/#primaryimage"},"image":{"@id":"https:\/\/hotelportdelcomte1730.com\/producto\/pack-escapada-en-pareja\/#primaryimage"},"thumbnailUrl":"https:\/\/hotelportdelcomte1730.com\/wp-content\/uploads\/2026\/01\/WhatsApp-Image-2026-01-30-at-14.36.05.jpeg","datePublished":"2023-07-03T10:01:45+00:00","dateModified":"2026-02-10T10:21:36+00:00","description":"Profitez du Pack Escapade en Couple \u00e0 l&#039;H\u00f4tel Port 1730. Id\u00e9al pour vivre une exp\u00e9rience unique et inoubliable avec votre partenaire \u00e0 Port del Comte.","breadcrumb":{"@id":"https:\/\/hotelportdelcomte1730.com\/producto\/pack-escapada-en-pareja\/#breadcrumb"},"inLanguage":"fr-FR","potentialAction":[{"@type":"ReadAction","target":["https:\/\/hotelportdelcomte1730.com\/producto\/pack-escapada-en-pareja\/"]}]},{"@type":"ImageObject","inLanguage":"fr-FR","@id":"https:\/\/hotelportdelcomte1730.com\/producto\/pack-escapada-en-pareja\/#primaryimage","url":"https:\/\/hotelportdelcomte1730.com\/wp-content\/uploads\/2026\/01\/WhatsApp-Image-2026-01-30-at-14.36.05.jpeg","contentUrl":"https:\/\/hotelportdelcomte1730.com\/wp-content\/uploads\/2026\/01\/WhatsApp-Image-2026-01-30-at-14.36.05.jpeg","width":1600,"height":1200},{"@type":"BreadcrumbList","@id":"https:\/\/hotelportdelcomte1730.com\/producto\/pack-escapada-en-pareja\/#breadcrumb","itemListElement":[{"@type":"ListItem","position":1,"name":"Portada","item":"https:\/\/hotelportdelcomte1730.com\/"},{"@type":"ListItem","position":2,"name":"Pack Escapada en Pareja"}]},{"@type":"WebSite","@id":"\/#website","url":"\/","name":"H\u00f4tel Port 1730 | H\u00f4tel Port del Comte | Site officiel","description":"L&#039;h\u00f4tel Port 1730 est un h\u00f4tel de montagne rustique et familial situ\u00e9 dans la station de ski de Port del Comte. R\u00e9servez ici.","publisher":{"@id":"\/#organization"},"potentialAction":[{"@type":"SearchAction","target":{"@type":"EntryPoint","urlTemplate":"\/?s={search_term_string}"},"query-input":{"@type":"PropertyValueSpecification","valueRequired":true,"valueName":"search_term_string"}}],"inLanguage":"fr-FR"},{"@type":"Organization","@id":"\/#organization","name":"H\u00f4tel Port 1730 | H\u00f4tel Port del Comte","url":"\/","logo":{"@type":"ImageObject","inLanguage":"fr-FR","@id":"\/#\/schema\/logo\/image\/","url":"https:\/\/hotelportdelcomte1730.com\/wp-content\/uploads\/2023\/06\/logo-Port-Compte-DEF-02.png","contentUrl":"https:\/\/hotelportdelcomte1730.com\/wp-content\/uploads\/2023\/06\/logo-Port-Compte-DEF-02.png","width":1493,"height":793,"caption":"Hotel Port 1730 | Hotel Port del comte"},"image":{"@id":"\/#\/schema\/logo\/image\/"},"sameAs":["https:\/\/www.facebook.com\/HotelPortdelComte1730\/","https:\/\/www.instagram.com\/hotelportdelcomte\/"]}]}},"_links":{"self":[{"href":"https:\/\/hotelportdelcomte1730.com\/fr\/wp-json\/wp\/v2\/product\/3180","targetHints":{"allow":["GET"]}}],"collection":[{"href":"https:\/\/hotelportdelcomte1730.com\/fr\/wp-json\/wp\/v2\/product"}],"about":[{"href":"https:\/\/hotelportdelcomte1730.com\/fr\/wp-json\/wp\/v2\/types\/product"}],"replies":[{"embeddable":true,"href":"https:\/\/hotelportdelcomte1730.com\/fr\/wp-json\/wp\/v2\/comments?post=3180"}],"wp:featuredmedia":[{"embeddable":true,"href":"https:\/\/hotelportdelcomte1730.com\/fr\/wp-json\/wp\/v2\/media\/5671"}],"wp:attachment":[{"href":"https:\/\/hotelportdelcomte1730.com\/fr\/wp-json\/wp\/v2\/media?parent=3180"}],"wp:term":[{"taxonomy":"product_brand","embeddable":true,"href":"https:\/\/hotelportdelcomte1730.com\/fr\/wp-json\/wp\/v2\/product_brand?post=3180"},{"taxonomy":"product_cat","embeddable":true,"href":"https:\/\/hotelportdelcomte1730.com\/fr\/wp-json\/wp\/v2\/product_cat?post=3180"},{"taxonomy":"product_tag","embeddable":true,"href":"https:\/\/hotelportdelcomte1730.com\/fr\/wp-json\/wp\/v2\/product_tag?post=3180"}],"curies":[{"name":"wp","href":"https:\/\/api.w.org\/{rel}","templated":true}]}}