{"id":3184,"date":"2023-07-03T10:40:00","date_gmt":"2023-07-03T10:40:00","guid":{"rendered":"https:\/\/hotelportdelcomte1730.com\/?post_type=product&#038;p=3184"},"modified":"2023-12-14T12:58:37","modified_gmt":"2023-12-14T12:58:37","slug":"pack-escapada-en-familia-con-cena","status":"publish","type":"product","link":"https:\/\/hotelportdelcomte1730.com\/fr\/produit\/pack-escapada-en-familia-con-cena\/","title":{"rendered":"Pack Escapade Familiale avec D\u00eener et Zoo des Pyr\u00e9n\u00e9es"},"content":{"rendered":"<h2>Qu&#039;est-ce qui est inclus dans notre Pack Escapade Familiale avec D\u00eener et visite au zoo ?<\/h2>\n<ul>\n<li>1 nuit en Chambre Quadruple \u00e0 l&#039;H\u00f4tel Port 1730<\/li>\n<li>Petit-d\u00e9jeuner pour 2 adultes et 2 enfants (de 3 \u00e0 12 ans)<\/li>\n<li>D\u00eener pour 2 adultes et 2 enfants (de 3 \u00e0 12 ans) au Restaurant de l&#039;H\u00f4tel Port 1730<\/li>\n<li>4 billets pour le zoo des Pirineu, pour 2 adultes et 2 enfants<\/li>\n<li>D\u00e9part tardif (sous r\u00e9serve de disponibilit\u00e9)<\/li>\n<\/ul>\n<p><strong><strong style=\"font-size: 16px;\"><b>L&#039;H\u00f4tel du Port 1730 : <\/b><\/strong><\/strong>est un h\u00f4tel de montagne familial situ\u00e9 dans la station de ski de Port del Comte, id\u00e9al pour une escapade unique et inoubliable.<\/p>\n<p><strong>Le Restaurant du Port 1730 : <\/strong>C&#039;est l&#039;endroit id\u00e9al pour vivre une exp\u00e9rience gastronomique unique avec des plats traditionnels de la r\u00e9gion, des ingr\u00e9dients frais et une atmosph\u00e8re chaleureuse. De plus, notre sp\u00e9cialit\u00e9 est la cuisine grill\u00e9e et les d\u00e9licieux desserts maison.<\/p>\n<p><strong style=\"font-size: 16px;\"><b>La chambre <\/b><\/strong><strong style=\"font-size: 16px;\">Quadruple ou familiale : <\/strong>C&#039;est une chambre confortable et spacieuse d&#039;environ 28m2, id\u00e9ale pour 4 personnes. Elle dispose d&#039;un lit double et de 2 lits simples et d&#039;une salle de bain priv\u00e9e compl\u00e8te avec baignoire ou douche.<\/p>\n<p><strong>Disponibilit\u00e9: <\/strong>Pack disponible d&#039;avril \u00e0 novembre. <span class=\"OYPEnA text-decoration-none text-strikethrough-none\">Ce Ch\u00e8que a une dur\u00e9e d&#039;expiration de 1 an, \u00e0 compter du jour de l&#039;achat.<\/span><\/p>\n<p><strong>Comment vais-je recevoir le bonus\u00a0? <\/strong>Une fois le bon cadeau achet\u00e9, vous recevrez par email un Bon cadeau au format PDF que vous nous aurez joint.<\/p>\n<p><strong>Comment puis-je utiliser le bonus\u00a0? <\/strong>Pour utiliser le bon et effectuer une r\u00e9servation, vous devrez appeler l&#039;h\u00f4tel au +34 972 753 092 ou envoyer un e-mail \u00e0 info@hotelportdelcomte1730.com en indiquant les jours auxquels vous souhaitez effectuer la r\u00e9servation. Ensuite, vous recevrez un e-mail confirmant votre r\u00e9servation.<\/p>","protected":false},"excerpt":{"rendered":"<p>Obtenez votre Pack Escapade Familiale avec 4 billets pour le Zoo de Pirineu et un d\u00eener \u00e0 l&#039;H\u00f4tel Port 1730. Id\u00e9al pour une escapade et vivez une exp\u00e9rience unique en famille \u00e0 Port del Comte.<\/p>","protected":false},"featured_media":3482,"comment_status":"closed","ping_status":"closed","template":"","meta":{"site-sidebar-layout":"default","site-content-layout":"default","ast-site-content-layout":"","site-content-style":"default","site-sidebar-style":"default","ast-global-header-display":"","ast-banner-title-visibility":"","ast-main-header-display":"","ast-hfb-above-header-display":"","ast-hfb-below-header-display":"","ast-hfb-mobile-header-display":"","site-post-title":"","ast-breadcrumbs-content":"","ast-featured-img":"","footer-sml-layout":"","theme-transparent-header-meta":"default","adv-header-id-meta":"","stick-header-meta":"default","header-above-stick-meta":"","header-main-stick-meta":"","header-below-stick-meta":"","astra-migrate-meta-layouts":"default","ast-page-background-enabled":"default","ast-page-background-meta":{"desktop":{"background-color":"","background-image":"","background-repeat":"repeat","background-position":"center center","background-size":"auto","background-attachment":"scroll","background-type":"","background-media":"","overlay-type":"","overlay-color":"","overlay-gradient":""},"tablet":{"background-color":"","background-image":"","background-repeat":"repeat","background-position":"center center","background-size":"auto","background-attachment":"scroll","background-type":"","background-media":"","overlay-type":"","overlay-color":"","overlay-gradient":""},"mobile":{"background-color":"","background-image":"","background-repeat":"repeat","background-position":"center center","background-size":"auto","background-attachment":"scroll","background-type":"","background-media":"","overlay-type":"","overlay-color":"","overlay-gradient":""}},"ast-content-background-meta":{"desktop":{"background-color":"var(--ast-global-color-5)","background-image":"","background-repeat":"repeat","background-position":"center center","background-size":"auto","background-attachment":"scroll","background-type":"","background-media":"","overlay-type":"","overlay-color":"","overlay-gradient":""},"tablet":{"background-color":"var(--ast-global-color-5)","background-image":"","background-repeat":"repeat","background-position":"center center","background-size":"auto","background-attachment":"scroll","background-type":"","background-media":"","overlay-type":"","overlay-color":"","overlay-gradient":""},"mobile":{"background-color":"var(--ast-global-color-5)","background-image":"","background-repeat":"repeat","background-position":"center center","background-size":"auto","background-attachment":"scroll","background-type":"","background-media":"","overlay-type":"","overlay-color":"","overlay-gradient":""}}},"product_brand":[],"product_cat":[20],"product_tag":[],"class_list":{"0":"post-3184","1":"product","2":"type-product","3":"status-publish","4":"has-post-thumbnail","6":"product_cat-sin-categorizar","7":"desktop-align-left","8":"tablet-align-left","9":"mobile-align-left","10":"ast-product-gallery-layout-horizontal-slider","11":"ast-product-tabs-layout-horizontal","13":"first","14":"instock","15":"shipping-taxable","16":"purchasable","17":"product-type-simple"},"yoast_head":"<!-- This site is optimized with the Yoast SEO plugin v27.1.1 - https:\/\/yoast.com\/product\/yoast-seo-wordpress\/ -->\n<title>Pack Escapada Familiar con Cena y zoo Pirineu | Hotel Port 1730<\/title>\n<meta name=\"description\" content=\"Disfruta del Pack Escapada en Familia con Cena en el Hotel Port 1730 y visita al zoo del Pirineu. Vive una experiencia familiar en el Port del Comte.\" \/>\n<meta name=\"robots\" content=\"index, follow, max-snippet:-1, max-image-preview:large, max-video-preview:-1\" \/>\n<link rel=\"canonical\" href=\"https:\/\/hotelportdelcomte1730.com\/fr\/wp-json\/wp\/v2\/product\/3184\" \/>\n<meta property=\"og:locale\" content=\"fr_FR\" \/>\n<meta property=\"og:type\" content=\"article\" \/>\n<meta property=\"og:title\" content=\"Pack Escapada Familiar con Cena y zoo Pirineu | Hotel Port 1730\" \/>\n<meta property=\"og:description\" content=\"Disfruta del Pack Escapada en Familia con Cena en el Hotel Port 1730 y visita al zoo del Pirineu. Vive una experiencia familiar en el Port del Comte.\" \/>\n<meta property=\"og:url\" content=\"https:\/\/hotelportdelcomte1730.com\/fr\/produit\/pack-escapada-en-familia-con-cena\/\" \/>\n<meta property=\"og:site_name\" content=\"Hotel Port 1730 | Hotel Port Del Comte\" \/>\n<meta property=\"article:publisher\" content=\"https:\/\/www.facebook.com\/HotelPortdelComte1730\/\" \/>\n<meta property=\"article:modified_time\" content=\"2023-12-14T12:58:37+00:00\" \/>\n<meta property=\"og:image\" content=\"https:\/\/hotelportdelcomte1730.com\/wp-content\/uploads\/2023\/09\/20230124_PortdelComte_172-1024x683.jpg\" \/>\n\t<meta property=\"og:image:width\" content=\"1024\" \/>\n\t<meta property=\"og:image:height\" content=\"683\" \/>\n\t<meta property=\"og:image:type\" content=\"image\/jpeg\" \/>\n<meta name=\"twitter:card\" content=\"summary_large_image\" \/>\n<meta name=\"twitter:label1\" content=\"Dur\u00e9e de lecture estim\u00e9e\" \/>\n\t<meta name=\"twitter:data1\" content=\"2 minutes\" \/>\n<script type=\"application\/ld+json\" class=\"yoast-schema-graph\">{\"@context\":\"https:\/\/schema.org\",\"@graph\":[{\"@type\":\"WebPage\",\"@id\":\"https:\/\/hotelportdelcomte1730.com\/producto\/pack-escapada-en-familia-con-cena\/\",\"url\":\"https:\/\/hotelportdelcomte1730.com\/producto\/pack-escapada-en-familia-con-cena\/\",\"name\":\"Pack Escapada Familiar con Cena y zoo Pirineu | Hotel Port 1730\",\"isPartOf\":{\"@id\":\"\/#website\"},\"primaryImageOfPage\":{\"@id\":\"https:\/\/hotelportdelcomte1730.com\/producto\/pack-escapada-en-familia-con-cena\/#primaryimage\"},\"image\":{\"@id\":\"https:\/\/hotelportdelcomte1730.com\/producto\/pack-escapada-en-familia-con-cena\/#primaryimage\"},\"thumbnailUrl\":\"https:\/\/hotelportdelcomte1730.com\/wp-content\/uploads\/2023\/09\/20230124_PortdelComte_172.jpg\",\"datePublished\":\"2023-07-03T10:40:00+00:00\",\"dateModified\":\"2023-12-14T12:58:37+00:00\",\"description\":\"Disfruta del Pack Escapada en Familia con Cena en el Hotel Port 1730 y visita al zoo del Pirineu. Vive una experiencia familiar en el Port del Comte.\",\"breadcrumb\":{\"@id\":\"https:\/\/hotelportdelcomte1730.com\/producto\/pack-escapada-en-familia-con-cena\/#breadcrumb\"},\"inLanguage\":\"fr-FR\",\"potentialAction\":[{\"@type\":\"ReadAction\",\"target\":[\"https:\/\/hotelportdelcomte1730.com\/producto\/pack-escapada-en-familia-con-cena\/\"]}]},{\"@type\":\"ImageObject\",\"inLanguage\":\"fr-FR\",\"@id\":\"https:\/\/hotelportdelcomte1730.com\/producto\/pack-escapada-en-familia-con-cena\/#primaryimage\",\"url\":\"https:\/\/hotelportdelcomte1730.com\/wp-content\/uploads\/2023\/09\/20230124_PortdelComte_172.jpg\",\"contentUrl\":\"https:\/\/hotelportdelcomte1730.com\/wp-content\/uploads\/2023\/09\/20230124_PortdelComte_172.jpg\",\"width\":2500,\"height\":1667},{\"@type\":\"BreadcrumbList\",\"@id\":\"https:\/\/hotelportdelcomte1730.com\/producto\/pack-escapada-en-familia-con-cena\/#breadcrumb\",\"itemListElement\":[{\"@type\":\"ListItem\",\"position\":1,\"name\":\"Portada\",\"item\":\"https:\/\/hotelportdelcomte1730.com\/\"},{\"@type\":\"ListItem\",\"position\":2,\"name\":\"Pack Escapada en Familia con Cena y Zoo Pirineo\"}]},{\"@type\":\"WebSite\",\"@id\":\"\/#website\",\"url\":\"\/\",\"name\":\"Hotel Port 1730 | Hotel Port del comte | Web oficial\",\"description\":\"El Hotel Port 1730 es un r\u00fastico y familiar hotel de monta\u00f1a que se encuentra en la Estaci\u00f3n de Esqu\u00ed del Port del Comte. Reserva aqu\u00ed.\",\"publisher\":{\"@id\":\"\/#organization\"},\"potentialAction\":[{\"@type\":\"SearchAction\",\"target\":{\"@type\":\"EntryPoint\",\"urlTemplate\":\"\/?s={search_term_string}\"},\"query-input\":{\"@type\":\"PropertyValueSpecification\",\"valueRequired\":true,\"valueName\":\"search_term_string\"}}],\"inLanguage\":\"fr-FR\"},{\"@type\":\"Organization\",\"@id\":\"\/#organization\",\"name\":\"Hotel Port 1730 | Hotel Port del comte\",\"url\":\"\/\",\"logo\":{\"@type\":\"ImageObject\",\"inLanguage\":\"fr-FR\",\"@id\":\"\/#\/schema\/logo\/image\/\",\"url\":\"https:\/\/hotelportdelcomte1730.com\/wp-content\/uploads\/2023\/06\/logo-Port-Compte-DEF-02.png\",\"contentUrl\":\"https:\/\/hotelportdelcomte1730.com\/wp-content\/uploads\/2023\/06\/logo-Port-Compte-DEF-02.png\",\"width\":1493,\"height\":793,\"caption\":\"Hotel Port 1730 | Hotel Port del comte\"},\"image\":{\"@id\":\"\/#\/schema\/logo\/image\/\"},\"sameAs\":[\"https:\/\/www.facebook.com\/HotelPortdelComte1730\/\",\"https:\/\/www.instagram.com\/hotelportdelcomte\/\"]}]}<\/script>\n<!-- \/ Yoast SEO plugin. -->","yoast_head_json":{"title":"Pack Escapade Familiale avec D\u00eener et Zoo Pirineu | H\u00f4tel Port 1730","description":"Profitez du Pack Escapade Famille avec D\u00eener \u00e0 l&#039;H\u00f4tel Port 1730 et visitez le Zoo des Pyr\u00e9n\u00e9es. Vivez une exp\u00e9rience familiale \u00e0 Port del Comte.","robots":{"index":"index","follow":"follow","max-snippet":"max-snippet:-1","max-image-preview":"max-image-preview:large","max-video-preview":"max-video-preview:-1"},"canonical":"https:\/\/hotelportdelcomte1730.com\/fr\/wp-json\/wp\/v2\/product\/3184","og_locale":"fr_FR","og_type":"article","og_title":"Pack Escapada Familiar con Cena y zoo Pirineu | Hotel Port 1730","og_description":"Disfruta del Pack Escapada en Familia con Cena en el Hotel Port 1730 y visita al zoo del Pirineu. Vive una experiencia familiar en el Port del Comte.","og_url":"https:\/\/hotelportdelcomte1730.com\/fr\/produit\/pack-escapada-en-familia-con-cena\/","og_site_name":"Hotel Port 1730 | Hotel Port Del Comte","article_publisher":"https:\/\/www.facebook.com\/HotelPortdelComte1730\/","article_modified_time":"2023-12-14T12:58:37+00:00","og_image":[{"width":1024,"height":683,"url":"https:\/\/hotelportdelcomte1730.com\/wp-content\/uploads\/2023\/09\/20230124_PortdelComte_172-1024x683.jpg","type":"image\/jpeg"}],"twitter_card":"summary_large_image","twitter_misc":{"Dur\u00e9e de lecture estim\u00e9e":"2 minutes"},"schema":{"@context":"https:\/\/schema.org","@graph":[{"@type":"WebPage","@id":"https:\/\/hotelportdelcomte1730.com\/producto\/pack-escapada-en-familia-con-cena\/","url":"https:\/\/hotelportdelcomte1730.com\/producto\/pack-escapada-en-familia-con-cena\/","name":"Pack Escapade Familiale avec D\u00eener et Zoo Pirineu | H\u00f4tel Port 1730","isPartOf":{"@id":"\/#website"},"primaryImageOfPage":{"@id":"https:\/\/hotelportdelcomte1730.com\/producto\/pack-escapada-en-familia-con-cena\/#primaryimage"},"image":{"@id":"https:\/\/hotelportdelcomte1730.com\/producto\/pack-escapada-en-familia-con-cena\/#primaryimage"},"thumbnailUrl":"https:\/\/hotelportdelcomte1730.com\/wp-content\/uploads\/2023\/09\/20230124_PortdelComte_172.jpg","datePublished":"2023-07-03T10:40:00+00:00","dateModified":"2023-12-14T12:58:37+00:00","description":"Profitez du Pack Escapade Famille avec D\u00eener \u00e0 l&#039;H\u00f4tel Port 1730 et visitez le Zoo des Pyr\u00e9n\u00e9es. Vivez une exp\u00e9rience familiale \u00e0 Port del Comte.","breadcrumb":{"@id":"https:\/\/hotelportdelcomte1730.com\/producto\/pack-escapada-en-familia-con-cena\/#breadcrumb"},"inLanguage":"fr-FR","potentialAction":[{"@type":"ReadAction","target":["https:\/\/hotelportdelcomte1730.com\/producto\/pack-escapada-en-familia-con-cena\/"]}]},{"@type":"ImageObject","inLanguage":"fr-FR","@id":"https:\/\/hotelportdelcomte1730.com\/producto\/pack-escapada-en-familia-con-cena\/#primaryimage","url":"https:\/\/hotelportdelcomte1730.com\/wp-content\/uploads\/2023\/09\/20230124_PortdelComte_172.jpg","contentUrl":"https:\/\/hotelportdelcomte1730.com\/wp-content\/uploads\/2023\/09\/20230124_PortdelComte_172.jpg","width":2500,"height":1667},{"@type":"BreadcrumbList","@id":"https:\/\/hotelportdelcomte1730.com\/producto\/pack-escapada-en-familia-con-cena\/#breadcrumb","itemListElement":[{"@type":"ListItem","position":1,"name":"Portada","item":"https:\/\/hotelportdelcomte1730.com\/"},{"@type":"ListItem","position":2,"name":"Pack Escapada en Familia con Cena y Zoo Pirineo"}]},{"@type":"WebSite","@id":"\/#website","url":"\/","name":"H\u00f4tel Port 1730 | H\u00f4tel Port del Comte | Site officiel","description":"L&#039;h\u00f4tel Port 1730 est un h\u00f4tel de montagne rustique et familial situ\u00e9 dans la station de ski de Port del Comte. R\u00e9servez ici.","publisher":{"@id":"\/#organization"},"potentialAction":[{"@type":"SearchAction","target":{"@type":"EntryPoint","urlTemplate":"\/?s={search_term_string}"},"query-input":{"@type":"PropertyValueSpecification","valueRequired":true,"valueName":"search_term_string"}}],"inLanguage":"fr-FR"},{"@type":"Organization","@id":"\/#organization","name":"H\u00f4tel Port 1730 | H\u00f4tel Port del Comte","url":"\/","logo":{"@type":"ImageObject","inLanguage":"fr-FR","@id":"\/#\/schema\/logo\/image\/","url":"https:\/\/hotelportdelcomte1730.com\/wp-content\/uploads\/2023\/06\/logo-Port-Compte-DEF-02.png","contentUrl":"https:\/\/hotelportdelcomte1730.com\/wp-content\/uploads\/2023\/06\/logo-Port-Compte-DEF-02.png","width":1493,"height":793,"caption":"Hotel Port 1730 | Hotel Port del comte"},"image":{"@id":"\/#\/schema\/logo\/image\/"},"sameAs":["https:\/\/www.facebook.com\/HotelPortdelComte1730\/","https:\/\/www.instagram.com\/hotelportdelcomte\/"]}]}},"_links":{"self":[{"href":"https:\/\/hotelportdelcomte1730.com\/fr\/wp-json\/wp\/v2\/product\/3184","targetHints":{"allow":["GET"]}}],"collection":[{"href":"https:\/\/hotelportdelcomte1730.com\/fr\/wp-json\/wp\/v2\/product"}],"about":[{"href":"https:\/\/hotelportdelcomte1730.com\/fr\/wp-json\/wp\/v2\/types\/product"}],"replies":[{"embeddable":true,"href":"https:\/\/hotelportdelcomte1730.com\/fr\/wp-json\/wp\/v2\/comments?post=3184"}],"wp:featuredmedia":[{"embeddable":true,"href":"https:\/\/hotelportdelcomte1730.com\/fr\/wp-json\/wp\/v2\/media\/3482"}],"wp:attachment":[{"href":"https:\/\/hotelportdelcomte1730.com\/fr\/wp-json\/wp\/v2\/media?parent=3184"}],"wp:term":[{"taxonomy":"product_brand","embeddable":true,"href":"https:\/\/hotelportdelcomte1730.com\/fr\/wp-json\/wp\/v2\/product_brand?post=3184"},{"taxonomy":"product_cat","embeddable":true,"href":"https:\/\/hotelportdelcomte1730.com\/fr\/wp-json\/wp\/v2\/product_cat?post=3184"},{"taxonomy":"product_tag","embeddable":true,"href":"https:\/\/hotelportdelcomte1730.com\/fr\/wp-json\/wp\/v2\/product_tag?post=3184"}],"curies":[{"name":"wp","href":"https:\/\/api.w.org\/{rel}","templated":true}]}}