{"id":5484,"date":"2025-12-15T12:47:50","date_gmt":"2025-12-15T12:47:50","guid":{"rendered":"https:\/\/hotelportdelcomte1730.com\/?post_type=product&#038;p=5484"},"modified":"2026-02-10T10:15:49","modified_gmt":"2026-02-10T10:15:49","slug":"pack-escapada-en-familia-excursion-raquetas-nieve","status":"publish","type":"product","link":"https:\/\/hotelportdelcomte1730.com\/fr\/produit\/pack-escapada-en-familia-excursion-raquetas-nieve\/","title":{"rendered":"Forfait escapade familiale + excursion en raquettes"},"content":{"rendered":"<h2>Qu&#039;est-ce qui est inclus dans notre escapade familiale avec excursion en raquettes ?<\/h2>\n<ul>\n<li>1 nuit en chambre quadruple \u00e0 l&#039;h\u00f4tel Port 1730<\/li>\n<li>1 jour de petit-d\u00e9jeuner pour 4 personnes (2 adultes et 2 enfants)<\/li>\n<li>Excursion d&#039;une journ\u00e9e (2h) en raquettes (guide, b\u00e2tons et assurance inclus) - <strong>Guide Silvia Rovira<\/strong><\/li>\n<li>D\u00e9part tardif (sous r\u00e9serve de disponibilit\u00e9)<\/li>\n<\/ul>\n<p><strong><strong style=\"font-size: 16px;\"><b>L&#039;H\u00f4tel du Port 1730 :<\/b><\/strong><\/strong>\u00a0est un h\u00f4tel de montagne familial situ\u00e9 dans la station de ski de Port del Comte, id\u00e9al pour une escapade unique et inoubliable.<\/p>\n<p><strong><b>La chambre\u00a0<\/b><\/strong><strong>Quadruple ou familiale :\u00a0<\/strong>C&#039;est une chambre confortable et spacieuse d&#039;environ 28m2, id\u00e9ale pour 4 personnes. Elle dispose d&#039;un lit double et de 2 lits simples et d&#039;une salle de bain priv\u00e9e compl\u00e8te avec baignoire ou douche. Chambre tr\u00e8s calme avec une belle vue sur les montagnes ou la gare Port del Comte.<\/p>\n<p><strong style=\"font-size: 16px;\">Guide Silvia Rovira, raquettes \u00e0 neige : <\/strong><strong>Route sans encombre<\/strong> un matin, parce que <strong>Cha\u00eene de montagnes de Port del Comte,<\/strong>\u00a0en passant par les lieux les plus embl\u00e9matiques, tels que le <strong>Trou de Bofia, Los Prats de Bacies,<\/strong> au milieu de for\u00eats de pins noirs offrant de belles vues ; <strong>trajet d&#039;environ 2 heures.<\/strong><\/p>\n<p><strong>Disponibilit\u00e9: <\/strong><span class=\"OYPEnA text-decoration-none text-strikethrough-none\">Ce forfait pour la saison de neige est disponible. Ce bon est valable un an \u00e0 compter de la date d&#039;achat.<\/span><\/p>\n<p><strong>Comment vais-je recevoir le bonus\u00a0? <\/strong>Une fois le bon cadeau achet\u00e9, vous recevrez par email un Bon cadeau au format PDF que vous nous aurez joint.<\/p>\n<p><strong>Comment puis-je utiliser le bonus\u00a0? <\/strong>Pour utiliser le bon et effectuer une r\u00e9servation, vous devrez appeler l&#039;h\u00f4tel au +34 972 753 092 ou envoyer un e-mail \u00e0 info@hotelportdelcomte1730.com en indiquant les jours auxquels vous souhaitez effectuer la r\u00e9servation. Ensuite, vous recevrez un e-mail confirmant votre r\u00e9servation.<\/p>","protected":false},"excerpt":{"rendered":"<p>Procurez-vous votre forfait escapade pour 4 personnes (2 adultes et 2 enfants), avec un itin\u00e9raire de randonn\u00e9e en raquettes \u00e0 travers Port del Comte.<\/p>\n<p>Ajoutez au panier 1 nuit en chambre quadruple + petit-d\u00e9jeuner + 1 excursion d&#039;une journ\u00e9e (2h) et le prix s&#039;affichera automatiquement.<\/p>","protected":false},"featured_media":5454,"comment_status":"closed","ping_status":"closed","template":"","meta":{"site-sidebar-layout":"default","site-content-layout":"default","ast-site-content-layout":"default","site-content-style":"default","site-sidebar-style":"default","ast-global-header-display":"","ast-banner-title-visibility":"","ast-main-header-display":"","ast-hfb-above-header-display":"","ast-hfb-below-header-display":"","ast-hfb-mobile-header-display":"","site-post-title":"","ast-breadcrumbs-content":"","ast-featured-img":"","footer-sml-layout":"","theme-transparent-header-meta":"default","adv-header-id-meta":"","stick-header-meta":"default","header-above-stick-meta":"","header-main-stick-meta":"","header-below-stick-meta":"","astra-migrate-meta-layouts":"set","ast-page-background-enabled":"default","ast-page-background-meta":{"desktop":{"background-color":"","background-image":"","background-repeat":"repeat","background-position":"center center","background-size":"auto","background-attachment":"scroll","background-type":"","background-media":"","overlay-type":"","overlay-color":"","overlay-gradient":""},"tablet":{"background-color":"","background-image":"","background-repeat":"repeat","background-position":"center center","background-size":"auto","background-attachment":"scroll","background-type":"","background-media":"","overlay-type":"","overlay-color":"","overlay-gradient":""},"mobile":{"background-color":"","background-image":"","background-repeat":"repeat","background-position":"center center","background-size":"auto","background-attachment":"scroll","background-type":"","background-media":"","overlay-type":"","overlay-color":"","overlay-gradient":""}},"ast-content-background-meta":{"desktop":{"background-color":"var(--ast-global-color-5)","background-image":"","background-repeat":"repeat","background-position":"center center","background-size":"auto","background-attachment":"scroll","background-type":"","background-media":"","overlay-type":"","overlay-color":"","overlay-gradient":""},"tablet":{"background-color":"var(--ast-global-color-5)","background-image":"","background-repeat":"repeat","background-position":"center center","background-size":"auto","background-attachment":"scroll","background-type":"","background-media":"","overlay-type":"","overlay-color":"","overlay-gradient":""},"mobile":{"background-color":"var(--ast-global-color-5)","background-image":"","background-repeat":"repeat","background-position":"center center","background-size":"auto","background-attachment":"scroll","background-type":"","background-media":"","overlay-type":"","overlay-color":"","overlay-gradient":""}}},"product_brand":[],"product_cat":[20],"product_tag":[],"class_list":{"0":"post-5484","1":"product","2":"type-product","3":"status-publish","4":"has-post-thumbnail","6":"product_cat-sin-categorizar","7":"desktop-align-left","8":"tablet-align-left","9":"mobile-align-left","10":"ast-product-gallery-layout-horizontal-slider","11":"ast-product-tabs-layout-horizontal","13":"first","14":"instock","15":"shipping-taxable","16":"purchasable","17":"product-type-simple"},"yoast_head":"<!-- This site is optimized with the Yoast SEO plugin v27.1.1 - https:\/\/yoast.com\/product\/yoast-seo-wordpress\/ -->\n<title>Escapada en familia y excursi\u00f3n raquetas nieve | Hotel Port 1730<\/title>\n<meta name=\"description\" content=\"Disfruta del Pack Escapada en familia con una excursi\u00f3n con raquetas nieve en Port del Comte. Ideal para los amantes de la naturaleza y la nieve.\" \/>\n<meta name=\"robots\" content=\"index, follow, max-snippet:-1, max-image-preview:large, max-video-preview:-1\" \/>\n<link rel=\"canonical\" href=\"https:\/\/hotelportdelcomte1730.com\/fr\/wp-json\/wp\/v2\/product\/5484\" \/>\n<meta property=\"og:locale\" content=\"fr_FR\" \/>\n<meta property=\"og:type\" content=\"article\" \/>\n<meta property=\"og:title\" content=\"Escapada en familia y excursi\u00f3n raquetas nieve | Hotel Port 1730\" \/>\n<meta property=\"og:description\" content=\"Disfruta del Pack Escapada en familia con una excursi\u00f3n con raquetas nieve en Port del Comte. Ideal para los amantes de la naturaleza y la nieve.\" \/>\n<meta property=\"og:url\" content=\"https:\/\/hotelportdelcomte1730.com\/fr\/produit\/pack-escapada-en-familia-excursion-raquetas-nieve\/\" \/>\n<meta property=\"og:site_name\" content=\"Hotel Port 1730 | Hotel Port Del Comte\" \/>\n<meta property=\"article:publisher\" content=\"https:\/\/www.facebook.com\/HotelPortdelComte1730\/\" \/>\n<meta property=\"article:modified_time\" content=\"2026-02-10T10:15:49+00:00\" \/>\n<meta property=\"og:image\" content=\"https:\/\/hotelportdelcomte1730.com\/wp-content\/uploads\/2025\/12\/20170129_115720.9.jpg\" \/>\n\t<meta property=\"og:image:width\" content=\"2048\" \/>\n\t<meta property=\"og:image:height\" content=\"1536\" \/>\n\t<meta property=\"og:image:type\" content=\"image\/jpeg\" \/>\n<meta name=\"twitter:card\" content=\"summary_large_image\" \/>\n<meta name=\"twitter:label1\" content=\"Dur\u00e9e de lecture estim\u00e9e\" \/>\n\t<meta name=\"twitter:data1\" content=\"2 minutes\" \/>\n<script type=\"application\/ld+json\" class=\"yoast-schema-graph\">{\"@context\":\"https:\/\/schema.org\",\"@graph\":[{\"@type\":\"WebPage\",\"@id\":\"https:\/\/hotelportdelcomte1730.com\/producto\/pack-escapada-en-familia-excursion-raquetas-nieve\/\",\"url\":\"https:\/\/hotelportdelcomte1730.com\/producto\/pack-escapada-en-familia-excursion-raquetas-nieve\/\",\"name\":\"Escapada en familia y excursi\u00f3n raquetas nieve | Hotel Port 1730\",\"isPartOf\":{\"@id\":\"\/#website\"},\"primaryImageOfPage\":{\"@id\":\"https:\/\/hotelportdelcomte1730.com\/producto\/pack-escapada-en-familia-excursion-raquetas-nieve\/#primaryimage\"},\"image\":{\"@id\":\"https:\/\/hotelportdelcomte1730.com\/producto\/pack-escapada-en-familia-excursion-raquetas-nieve\/#primaryimage\"},\"thumbnailUrl\":\"https:\/\/hotelportdelcomte1730.com\/wp-content\/uploads\/2025\/12\/20170129_115720.9.jpg\",\"datePublished\":\"2025-12-15T12:47:50+00:00\",\"dateModified\":\"2026-02-10T10:15:49+00:00\",\"description\":\"Disfruta del Pack Escapada en familia con una excursi\u00f3n con raquetas nieve en Port del Comte. Ideal para los amantes de la naturaleza y la nieve.\",\"breadcrumb\":{\"@id\":\"https:\/\/hotelportdelcomte1730.com\/producto\/pack-escapada-en-familia-excursion-raquetas-nieve\/#breadcrumb\"},\"inLanguage\":\"fr-FR\",\"potentialAction\":[{\"@type\":\"ReadAction\",\"target\":[\"https:\/\/hotelportdelcomte1730.com\/producto\/pack-escapada-en-familia-excursion-raquetas-nieve\/\"]}]},{\"@type\":\"ImageObject\",\"inLanguage\":\"fr-FR\",\"@id\":\"https:\/\/hotelportdelcomte1730.com\/producto\/pack-escapada-en-familia-excursion-raquetas-nieve\/#primaryimage\",\"url\":\"https:\/\/hotelportdelcomte1730.com\/wp-content\/uploads\/2025\/12\/20170129_115720.9.jpg\",\"contentUrl\":\"https:\/\/hotelportdelcomte1730.com\/wp-content\/uploads\/2025\/12\/20170129_115720.9.jpg\",\"width\":2048,\"height\":1536,\"caption\":\"User comments\"},{\"@type\":\"BreadcrumbList\",\"@id\":\"https:\/\/hotelportdelcomte1730.com\/producto\/pack-escapada-en-familia-excursion-raquetas-nieve\/#breadcrumb\",\"itemListElement\":[{\"@type\":\"ListItem\",\"position\":1,\"name\":\"Portada\",\"item\":\"https:\/\/hotelportdelcomte1730.com\/\"},{\"@type\":\"ListItem\",\"position\":2,\"name\":\"Pack Escapada en familia + excursi\u00f3n raquetas nieve\"}]},{\"@type\":\"WebSite\",\"@id\":\"\/#website\",\"url\":\"\/\",\"name\":\"Hotel Port 1730 | Hotel Port del comte | Web oficial\",\"description\":\"El Hotel Port 1730 es un r\u00fastico y familiar hotel de monta\u00f1a que se encuentra en la Estaci\u00f3n de Esqu\u00ed del Port del Comte. Reserva aqu\u00ed.\",\"publisher\":{\"@id\":\"\/#organization\"},\"potentialAction\":[{\"@type\":\"SearchAction\",\"target\":{\"@type\":\"EntryPoint\",\"urlTemplate\":\"\/?s={search_term_string}\"},\"query-input\":{\"@type\":\"PropertyValueSpecification\",\"valueRequired\":true,\"valueName\":\"search_term_string\"}}],\"inLanguage\":\"fr-FR\"},{\"@type\":\"Organization\",\"@id\":\"\/#organization\",\"name\":\"Hotel Port 1730 | Hotel Port del comte\",\"url\":\"\/\",\"logo\":{\"@type\":\"ImageObject\",\"inLanguage\":\"fr-FR\",\"@id\":\"\/#\/schema\/logo\/image\/\",\"url\":\"https:\/\/hotelportdelcomte1730.com\/wp-content\/uploads\/2023\/06\/logo-Port-Compte-DEF-02.png\",\"contentUrl\":\"https:\/\/hotelportdelcomte1730.com\/wp-content\/uploads\/2023\/06\/logo-Port-Compte-DEF-02.png\",\"width\":1493,\"height\":793,\"caption\":\"Hotel Port 1730 | Hotel Port del comte\"},\"image\":{\"@id\":\"\/#\/schema\/logo\/image\/\"},\"sameAs\":[\"https:\/\/www.facebook.com\/HotelPortdelComte1730\/\",\"https:\/\/www.instagram.com\/hotelportdelcomte\/\"]}]}<\/script>\n<!-- \/ Yoast SEO plugin. -->","yoast_head_json":{"title":"Escapade en famille et excursion en raquettes | H\u00f4tel Port 1730","description":"Profitez de notre forfait escapade en famille avec une excursion en raquettes \u00e0 Port del Comte. Id\u00e9al pour les amoureux de la nature et de la neige.","robots":{"index":"index","follow":"follow","max-snippet":"max-snippet:-1","max-image-preview":"max-image-preview:large","max-video-preview":"max-video-preview:-1"},"canonical":"https:\/\/hotelportdelcomte1730.com\/fr\/wp-json\/wp\/v2\/product\/5484","og_locale":"fr_FR","og_type":"article","og_title":"Escapada en familia y excursi\u00f3n raquetas nieve | Hotel Port 1730","og_description":"Disfruta del Pack Escapada en familia con una excursi\u00f3n con raquetas nieve en Port del Comte. Ideal para los amantes de la naturaleza y la nieve.","og_url":"https:\/\/hotelportdelcomte1730.com\/fr\/produit\/pack-escapada-en-familia-excursion-raquetas-nieve\/","og_site_name":"Hotel Port 1730 | Hotel Port Del Comte","article_publisher":"https:\/\/www.facebook.com\/HotelPortdelComte1730\/","article_modified_time":"2026-02-10T10:15:49+00:00","og_image":[{"width":2048,"height":1536,"url":"https:\/\/hotelportdelcomte1730.com\/wp-content\/uploads\/2025\/12\/20170129_115720.9.jpg","type":"image\/jpeg"}],"twitter_card":"summary_large_image","twitter_misc":{"Dur\u00e9e de lecture estim\u00e9e":"2 minutes"},"schema":{"@context":"https:\/\/schema.org","@graph":[{"@type":"WebPage","@id":"https:\/\/hotelportdelcomte1730.com\/producto\/pack-escapada-en-familia-excursion-raquetas-nieve\/","url":"https:\/\/hotelportdelcomte1730.com\/producto\/pack-escapada-en-familia-excursion-raquetas-nieve\/","name":"Escapade en famille et excursion en raquettes | H\u00f4tel Port 1730","isPartOf":{"@id":"\/#website"},"primaryImageOfPage":{"@id":"https:\/\/hotelportdelcomte1730.com\/producto\/pack-escapada-en-familia-excursion-raquetas-nieve\/#primaryimage"},"image":{"@id":"https:\/\/hotelportdelcomte1730.com\/producto\/pack-escapada-en-familia-excursion-raquetas-nieve\/#primaryimage"},"thumbnailUrl":"https:\/\/hotelportdelcomte1730.com\/wp-content\/uploads\/2025\/12\/20170129_115720.9.jpg","datePublished":"2025-12-15T12:47:50+00:00","dateModified":"2026-02-10T10:15:49+00:00","description":"Profitez de notre forfait escapade en famille avec une excursion en raquettes \u00e0 Port del Comte. Id\u00e9al pour les amoureux de la nature et de la neige.","breadcrumb":{"@id":"https:\/\/hotelportdelcomte1730.com\/producto\/pack-escapada-en-familia-excursion-raquetas-nieve\/#breadcrumb"},"inLanguage":"fr-FR","potentialAction":[{"@type":"ReadAction","target":["https:\/\/hotelportdelcomte1730.com\/producto\/pack-escapada-en-familia-excursion-raquetas-nieve\/"]}]},{"@type":"ImageObject","inLanguage":"fr-FR","@id":"https:\/\/hotelportdelcomte1730.com\/producto\/pack-escapada-en-familia-excursion-raquetas-nieve\/#primaryimage","url":"https:\/\/hotelportdelcomte1730.com\/wp-content\/uploads\/2025\/12\/20170129_115720.9.jpg","contentUrl":"https:\/\/hotelportdelcomte1730.com\/wp-content\/uploads\/2025\/12\/20170129_115720.9.jpg","width":2048,"height":1536,"caption":"User comments"},{"@type":"BreadcrumbList","@id":"https:\/\/hotelportdelcomte1730.com\/producto\/pack-escapada-en-familia-excursion-raquetas-nieve\/#breadcrumb","itemListElement":[{"@type":"ListItem","position":1,"name":"Portada","item":"https:\/\/hotelportdelcomte1730.com\/"},{"@type":"ListItem","position":2,"name":"Pack Escapada en familia + excursi\u00f3n raquetas nieve"}]},{"@type":"WebSite","@id":"\/#website","url":"\/","name":"H\u00f4tel Port 1730 | H\u00f4tel Port del Comte | Site officiel","description":"L&#039;h\u00f4tel Port 1730 est un h\u00f4tel de montagne rustique et familial situ\u00e9 dans la station de ski de Port del Comte. R\u00e9servez ici.","publisher":{"@id":"\/#organization"},"potentialAction":[{"@type":"SearchAction","target":{"@type":"EntryPoint","urlTemplate":"\/?s={search_term_string}"},"query-input":{"@type":"PropertyValueSpecification","valueRequired":true,"valueName":"search_term_string"}}],"inLanguage":"fr-FR"},{"@type":"Organization","@id":"\/#organization","name":"H\u00f4tel Port 1730 | H\u00f4tel Port del Comte","url":"\/","logo":{"@type":"ImageObject","inLanguage":"fr-FR","@id":"\/#\/schema\/logo\/image\/","url":"https:\/\/hotelportdelcomte1730.com\/wp-content\/uploads\/2023\/06\/logo-Port-Compte-DEF-02.png","contentUrl":"https:\/\/hotelportdelcomte1730.com\/wp-content\/uploads\/2023\/06\/logo-Port-Compte-DEF-02.png","width":1493,"height":793,"caption":"Hotel Port 1730 | Hotel Port del comte"},"image":{"@id":"\/#\/schema\/logo\/image\/"},"sameAs":["https:\/\/www.facebook.com\/HotelPortdelComte1730\/","https:\/\/www.instagram.com\/hotelportdelcomte\/"]}]}},"_links":{"self":[{"href":"https:\/\/hotelportdelcomte1730.com\/fr\/wp-json\/wp\/v2\/product\/5484","targetHints":{"allow":["GET"]}}],"collection":[{"href":"https:\/\/hotelportdelcomte1730.com\/fr\/wp-json\/wp\/v2\/product"}],"about":[{"href":"https:\/\/hotelportdelcomte1730.com\/fr\/wp-json\/wp\/v2\/types\/product"}],"replies":[{"embeddable":true,"href":"https:\/\/hotelportdelcomte1730.com\/fr\/wp-json\/wp\/v2\/comments?post=5484"}],"wp:featuredmedia":[{"embeddable":true,"href":"https:\/\/hotelportdelcomte1730.com\/fr\/wp-json\/wp\/v2\/media\/5454"}],"wp:attachment":[{"href":"https:\/\/hotelportdelcomte1730.com\/fr\/wp-json\/wp\/v2\/media?parent=5484"}],"wp:term":[{"taxonomy":"product_brand","embeddable":true,"href":"https:\/\/hotelportdelcomte1730.com\/fr\/wp-json\/wp\/v2\/product_brand?post=5484"},{"taxonomy":"product_cat","embeddable":true,"href":"https:\/\/hotelportdelcomte1730.com\/fr\/wp-json\/wp\/v2\/product_cat?post=5484"},{"taxonomy":"product_tag","embeddable":true,"href":"https:\/\/hotelportdelcomte1730.com\/fr\/wp-json\/wp\/v2\/product_tag?post=5484"}],"curies":[{"name":"wp","href":"https:\/\/api.w.org\/{rel}","templated":true}]}}